{"id":1033,"date":"2012-12-06T22:27:51","date_gmt":"2012-12-06T22:27:51","guid":{"rendered":"http:\/\/www.signalriver.com\/?page_id=1033"},"modified":"2018-05-04T21:47:21","modified_gmt":"2018-05-04T21:47:21","slug":"california-psychics-review","status":"publish","type":"page","link":"https:\/\/www.signalriver.com\/es\/california-psychics-review\/","title":{"rendered":"An\u00e1lisis de mis ps\u00edquicos de California"},"content":{"rendered":"<p><img loading=\"lazy\" decoding=\"async\" class=\"alignright size-full wp-image-1038\" src=\"https:\/\/www.signalriver.com\/wp-content\/uploads\/2012\/12\/California-Psychics-Promotion-Code.jpg\" alt=\"California Psychics Promotion Code\" width=\"180\" height=\"331\" srcset=\"https:\/\/www.signalriver.com\/wp-content\/uploads\/2012\/12\/California-Psychics-Promotion-Code.jpg 180w, https:\/\/www.signalriver.com\/wp-content\/uploads\/2012\/12\/California-Psychics-Promotion-Code-163x300.jpg 163w\" sizes=\"(max-width: 180px) 100vw, 180px\" \/>Cr\u00edtico: Lucy Langley<br \/>\nPuntaje:<img loading=\"lazy\" decoding=\"async\" class=\"size-full wp-image-1084 alignnone\" src=\"https:\/\/www.signalriver.com\/wp-content\/uploads\/2012\/04\/stars-5.gif\" alt=\"stars-5\" width=\"64\" height=\"12\" \/><br \/>\nWebsite Reviewed: <a href=\"https:\/\/www.signalriver.com\/california-psychics-1-dollar-a-minute\">Ps\u00edquicos de California<\/a><img loading=\"lazy\" decoding=\"async\" src=\"http:\/\/www.ftjcfx.com\/ss67fz2rxvGMOILMOOGIHQJHIKP\" alt=\"\" width=\"1\" height=\"1\" border=\"0\" \/><\/p>\n<p>\u00a1Recientemente me han preguntado mucho si californiapsychics.com es bueno, ahora puedes saberlo en mi <strong>an\u00e1lisis de ps\u00edquicos de California<\/strong> debajo!<\/p>\n<p><strong>Este Sito solo es en Ingles, por lecturas ps\u00edquicos trata <a href=\"https:\/\/www.signalriver.com\/psychic-source-reviews\/\">Psychic Source<\/a> o <a href=\"https:\/\/www.signalriver.com\/oranum-review\/\">Oranum<\/a><\/strong><\/p>\n<p>Esta red ha estado presente desde 1995 y ha estado ganando en popularidad, sobre todo en los \u00faltimos a\u00f1os y he estado usando de ellos desde 2010.<\/p>\n<p>Aunque el nombre indica que est\u00e1n en California, <strong>ellos proveen lecturas a personas por todo el mundo<\/strong>.<\/p>\n<p>En este an\u00e1lisis te dir\u00e9 todo lo que necesitas saber acerca de este sitio y sus lectores, qui\u00e9nes son los <em>los mejores ps\u00edquicos en Ps\u00edquicos de California<\/em>, como tambi\u00e9n el c\u00f3mo obtener un c\u00f3digo promocional introductorio.<\/p>\n<h2><strong>\u00a1El proceso de selecci\u00f3n es riguroso!<\/strong><\/h2>\n<p>CP se enorgullecen de su baja tasa de aceptaci\u00f3n de los ps\u00edquicos, y decir que s\u00f3lo aproximadamente el 2-3% de todas las personas entrevistadas es contratada, que es tranquilizador saber que s\u00f3lo est\u00e1n eligiendo las mejores ps\u00edquicos, y esto se refleja en el hecho de que he tenido muy buenas lecturas con ellos.<\/p>\n<h2><strong>\u00bfQu\u00e9 tipo de lecturas ofrecen?<\/strong><\/h2>\n<p>A diferencia de algunos de los otros sitios principales, CP mantiene simple con s\u00f3lo ofrecer lecturas de tel\u00e9fono - no hay chat en l\u00ednea o texto en este momento.<\/p>\n<p><strong><span style=\"font-size: 24px;\"><a href=\"https:\/\/www.signalriver.com\/es\/california-psychics-1-dollar-a-minute\">Visita Ps\u00edquicos de California - $1 por minuto<\/a><img loading=\"lazy\" decoding=\"async\" src=\"http:\/\/www.ftjcfx.com\/ss67fz2rxvGMOILMOOGIHQJHIKP\" alt=\"\" width=\"1\" height=\"1\" border=\"0\" \/><\/span><\/strong><\/p>\n<h2><strong>CaliforniaPsychics.com Caracter\u00edsticas especiales<\/strong><\/h2>\n<p>Lo que realmente me gusta de la web de \"Ps\u00edquicos de California\" es la forma en que usted puede buscar por las herramientas, temas, habilidades y tambi\u00e9n los precios, lo que significa que si quiero un decir una lectura del tarot, por un clarividente que es la inspiraci\u00f3n y se ocupa de mi vida amorosa, puedo hacer eso! Tambi\u00e9n tienen la opci\u00f3n de especificar si prefiere encontrar a alguien que no utiliza ninguna herramienta. No tengo un problema con la gente que usa las herramientas pero s\u00e9 que algunos lo hacen por lo que es una caracter\u00edstica muy \u00fatil.<\/p>\n<h4><strong>Inspiracional, compasivo o directo tu eliges el estilo de la lectura<\/strong><\/h4>\n<p>La elecci\u00f3n lecturas estilo es otra caracter\u00edstica realmente grande con inspirada, compasivo, y directo. S\u00e9 que algunas personas les gusta realmente un sin pelusa \/ sin az\u00facar tipo de recubrimiento de la lectura mientras que algunos prefieren un estilo m\u00e1s c\u00e1lido, as\u00ed que tiene esta elecci\u00f3n es realmente \u00fatil.<\/p>\n<h4><strong>Obt\u00e9n el lector que quieras, cuando quieras<\/strong><\/h4>\n<p>Algunos de los lectores pueden estar ocupados a veces, Ps\u00edquicos de California tienen una programaci\u00f3n y caracter\u00edstica de llamada de vuelta, que me gusta como se puede ver de un vistazo cuando el clarividente elegido estar\u00e1 en l\u00ednea y reservar una lectura.<\/p>\n<h4><strong>Hor\u00f3scopo diario y Blog<\/strong><\/h4>\n<p>Tienen un hor\u00f3scopo diario que se puede comprobar o enviadas a su correo electr\u00f3nico y es gratis, que siempre es bueno! Hay un mont\u00f3n de interesantes ps\u00edquica, el amor y la relaci\u00f3n de art\u00edculos en su blog que es grande como se puede tener una idea de los lectores y aprender cosas nuevas.<\/p>\n<h2><strong>C\u00f3digo de promoci\u00f3n de ps\u00edquicos de California y oferta introductoria<\/strong><\/h2>\n<p><strong>Actualmente CP est\u00e1n ofreciendo 75% de descuento en tu primera llamada a ellos <\/strong>. Sus ps\u00edquicos var\u00edan en rango de precio de $ 4 hacia arriba, para que pueda obtener una lectura para un precio tan bajo como <strong><a href=\"https:\/\/www.signalriver.com\/es\/california-psychics-1-dollar-a-minute\">$1 por minuto<\/a><img loading=\"lazy\" decoding=\"async\" src=\"http:\/\/www.ftjcfx.com\/ss67fz2rxvGMOILMOOGIHQJHIKP\" alt=\"\" width=\"1\" height=\"1\" border=\"0\" \/><\/strong> en este momento, lo cual es bastante bueno.<\/p>\n<p><strong>Asegurese de ir por <strong><a href=\"https:\/\/www.signalriver.com\/es\/california-psychics-1-dollar-a-minute\">esta via al sitio<\/a><img loading=\"lazy\" decoding=\"async\" src=\"http:\/\/www.ftjcfx.com\/ss67fz2rxvGMOILMOOGIHQJHIKP\" alt=\"\" width=\"1\" height=\"1\" border=\"0\" \/><\/strong>\u00a0por lo que puedes obtener un descuento si llamas<\/strong><\/p>\n<h3><strong>Premios por Karma \u2013 Obtienes lecturas gratuitas<\/strong><\/h3>\n<p>\u00bfQu\u00e9 pasa con aquellos clientes que los utilizan con regularidad? Hacen subastar especiales tambi\u00e9n llamados Premios por Karma (Karma Rewards).<\/p>\n<p>Cuando usted tiene lecturas o hacer otras cosas en californiapsychics.com te dan \"puntos de Karma\". Puede guardar estos y obtener lecturas gratuitas, y tiendo a usar esto para probar un nuevo ps\u00edquica, por primera vez, pero usted puede utilizarlos como usted quiera. Usted tambi\u00e9n consigue descuentos de bonos y cosas<\/p>\n<h2><strong>\u00bfCu\u00e1les son los mejores ps\u00edquicos en Ps\u00edquicos de California?<\/strong><\/h2>\n<p>Me hacen esta pregunta mucho por lo que voy a compartir con ustedes mis lectores favoritos. Todos estos lectores est\u00e1n en el centro del rango de precio rango, ya que no creo que sea necesario para pagar la cantidad superior para obtener una buena lectura.<\/p>\n<h3><strong>He tenido buenas lecturas con:<\/strong><\/h3>\n<p><strong>London<\/strong> \u2013\u00a0 5308 - He encontrado Londres para estar espeluznantemente precisa a veces, y muy buen coraz\u00f3n. Ella tambi\u00e9n va directamente al grano y el fondo de la cuesti\u00f3n, no tratar de mantenerse en el tel\u00e9fono durante m\u00e1s tiempo de lo necesario.<\/p>\n<p><strong>Jean<\/strong> \u2013 5132 \u2013 Honesto y con frecuencia recoge las cosas que parece que no puede ser verdad, pero m\u00e1s tarde llegar a tener un significado m\u00e1s profundo. Ella tambi\u00e9n usa los Registros Ak\u00e1shicos que me parece interesante.<\/p>\n<p><strong>Abrielle<\/strong> \u2013 9894 \u2013 Abrielle no utiliza ninguna herramienta, y es otro lector r\u00e1pido y bueno con buenas habilidades medi\u00famnicas, aunque su precio ha subido un poco recientemente.<\/p>\n<p><strong>TENER EN CUENTA:<\/strong>\u00a0Usted no puede ser capaz de obtener estas primeras lectores para la oferta de lanzamiento, pero una de las cosas buenas de CP es que tienen un nivel muy buena calidad de los lectores, as\u00ed que no importa.<\/p>\n<p>Cuando hagas clic en el enlace <span style=\"text-decoration: underline;\">asegurese de seleccionar el tipo de lectura que quieres<\/span>\u00a0- hay una opci\u00f3n de \"Amor y relaciones\", \"Carrera y Finanzas\" o \"Destino y trayectoria de la vida ', a continuaci\u00f3n, Ps\u00edquicos de California seleccionar\u00e1 el mejor lector disponibles lector para usted.<\/p>\n<p><span style=\"font-size: 14px;\"><strong><span style=\"font-size: 18px;\"><a href=\"https:\/\/www.signalriver.com\/es\/california-psychics-1-dollar-a-minute\">Obt\u00e9n un decuento del 75% en tu primera vez<\/a><img loading=\"lazy\" decoding=\"async\" src=\"http:\/\/www.ftjcfx.com\/ss67fz2rxvGMOILMOOGIHQJHIKP\" alt=\"\" width=\"1\" height=\"1\" border=\"0\" \/><\/span>\u00a0<\/strong><\/span><\/p>\n<p><strong>\u00bfQui\u00e9n es tu ps\u00edquico favorito en el sitio? \u00a0<\/strong><a title=\"Contact me\" href=\"https:\/\/www.signalriver.com\/es\/contact-me\/\">cont\u00e1ctame<\/a> y dejame saber y as\u00ed los m\u00e1s votados los colocare en la p\u00e1gina!<\/p>\n<h2>Ps\u00edquicos de California Comentarios de clientes<\/h2>\n<p>dem\u00e1s de mis propias experiencias positivas, he tenido buenos comentarios acerca de sus ps\u00edquicos. Hay un mont\u00f3n de grandes testimonios y comentarios en el sitio, sino tambi\u00e9n algunos mixtos que siempre es una buena se\u00f1al ya que ning\u00fan lector va a ser fiable al 100% todo el tiempo.<\/p>\n<h4><strong>Algunos de los comentarios de los clientes de la p\u00e1gina web:<\/strong><\/h4>\n<p>\"He tenido el placer de la lectura con Jean unas cuantas veces. Cada vez que ten\u00eda preguntas espec\u00edficas que quer\u00eda informaci\u00f3n sobre, que fue capaz de dar. Eso es lo que la mayor\u00eda de la miseria cuando nos llaman a CP<\/p>\n<p>... Lo m\u00e1s importante, sin embargo, Jean respondi\u00f3 a las preguntas que yo no hab\u00eda pensado hacer. Ella me ayud\u00f3 a mirar tanto a los peque\u00f1os detalles y el panorama general, as\u00ed como a encontrar la ra\u00edz de los problemas que yo estaba tratando de resolver. Muchas gracias, Jean !!! \"<\/p>\n<p>\"Krishni da ideas r\u00e1pidas, detalladas y precisas en sus preocupaciones. Ella enmarca su retroalimentaci\u00f3n de una manera que usted sabe que ha comprendido plenamente la situaci\u00f3n. Mi lectura con ella fue de gran ayuda en la validaci\u00f3n de algunos de mis preocupaciones y traer claridad a cuestiones confusas . Gracias Krishni. Usted es un lector de cinco estrellas \".<\/p>\n<p>\"Siempre me gustar\u00eda poder tomar una instant\u00e1nea de mi diario, no puedo inventar estas cosas. Entre muchos temas, tambi\u00e9n me pregunt\u00e9 acerca de la ubicaci\u00f3n de mi collar de oro. Esto es lo que Abrielle me dio\" en una caja, \"almacenamiento\" , bolsillo de tela, revisar sus bolsillos, lo encontrar\u00e1 dentro de 2 \". Es 21:15, 2 horas despu\u00e9s de que habl\u00e9 con usted, en mi armario del ba\u00f1o y all\u00ed estaba en mi maquillaje bolsillo lateral bolsa de transporte! He estado la b\u00fasqueda de al menos un mes! Eres la m\u00e1s dulce! \"<\/p>\n<p>\"Londres fue recomendado por un amigo por su precisi\u00f3n, velocidad, claridad del mensaje. Ella es capaz de responder a sus preguntas, y capaz de reunir informaci\u00f3n adicional sin preguntar. Sus respuestas claras pudieron tanto reforzar lo que ya sab\u00eda con informaci\u00f3n adicional , as\u00ed como proveer de m\u00ed la nueva informaci\u00f3n - informaci\u00f3n valiosa que realmente me ha ayudado a guiar las cosas est\u00e1n procediendo como ella comparti\u00f3 conmigo;. Lo recomiendo altamente Londres \".<\/p>\n<h2><strong>Ps\u00edquicos de California - consideraciones finales<\/strong><\/h2>\n<p>He estado usando Ps\u00edquicos de California durante un par de a\u00f1os y me gusta mucho de ellos, lo que con el excelente servicio al cliente, buen sitio web y lo m\u00e1s importante el hecho de que he tenido algunas realmente grandes lecturas.<\/p>\n<p style=\"text-align: center;\"><span style=\"font-size: 22px;\"><strong>En conclusi\u00f3n me agrada dar el premio a<\/strong><\/span><\/p>\n<p style=\"text-align: center;\"><span style=\"font-size: 22px;\"><strong>Ps\u00edquicos de California como<\/strong><\/span><\/p>\n<p style=\"text-align: center;\"><span style=\"font-size: 22px;\"><strong>'El mejor sitio de ps\u00edquicos joven y prometedor'\u00a0<\/strong><\/span><\/p>\n<p style=\"text-align: center;\"><span style=\"color: #ffffff;\">.<\/span><\/p>\n<p style=\"text-align: center;\"><img loading=\"lazy\" decoding=\"async\" class=\"size-full wp-image-1037 aligncenter\" title=\"California Psychics Review\" src=\"https:\/\/www.signalriver.com\/wp-content\/uploads\/2012\/12\/California-Psychics-Review.jpg\" alt=\"California Psychics Review\" width=\"337\" height=\"78\" srcset=\"https:\/\/www.signalriver.com\/wp-content\/uploads\/2012\/12\/California-Psychics-Review.jpg 337w, https:\/\/www.signalriver.com\/wp-content\/uploads\/2012\/12\/California-Psychics-Review-300x69.jpg 300w\" sizes=\"(max-width: 337px) 100vw, 337px\" \/><\/p>\n<p style=\"text-align: center;\"><span style=\"text-align: center; color: #ffffff;\">.\u00a0<\/span><\/p>\n<p style=\"text-align: center;\"><strong><span style=\"font-size: 24px;\"><a href=\"https:\/\/www.signalriver.com\/es\/california-psychics-1-dollar-a-minute\">Visita Ps\u00edquicos de California<\/a><img loading=\"lazy\" decoding=\"async\" src=\"http:\/\/www.ftjcfx.com\/ss67fz2rxvGMOILMOOGIHQJHIKP\" alt=\"\" width=\"1\" height=\"1\" border=\"0\" \/><\/span><\/strong><\/p>\n<p style=\"text-align: center;\"><span style=\"font-size: 16px;\">actual oferta especial - $ 1 d\u00f3lar por minuto<\/span><\/p>\n<p><\/p>","protected":false},"excerpt":{"rendered":"<p>Cr\u00edtico: Lucy Langley Puntaje: Website Reviewed: Ps\u00edquicos de California \u00a1Recientemente me han preguntado mucho si californiapsychics.com es bueno, ahora puedes saberlo en mi an\u00e1lisis de ps\u00edquicos de California debajo! Este Sito solo es en Ingles, por lecturas ps\u00edquicos trata Psychic Source o Oranum Esta red ha estado presente desde 1995 y ha estado ganando en popularidad, sobre todo en los \u00faltimos a\u00f1os y he estado usando de ellos desde 2010. Aunque el nombre indica que est\u00e1n en California, ellos proveen lecturas a personas por todo el mundo. En este an\u00e1lisis te dir\u00e9 todo lo que necesitas saber acerca de este <\/p>\n","protected":false},"author":1,"featured_media":1038,"parent":0,"menu_order":1,"comment_status":"open","ping_status":"open","template":"","meta":{"footnotes":""},"_links":{"self":[{"href":"https:\/\/www.signalriver.com\/es\/wp-json\/wp\/v2\/pages\/1033"}],"collection":[{"href":"https:\/\/www.signalriver.com\/es\/wp-json\/wp\/v2\/pages"}],"about":[{"href":"https:\/\/www.signalriver.com\/es\/wp-json\/wp\/v2\/types\/page"}],"author":[{"embeddable":true,"href":"https:\/\/www.signalriver.com\/es\/wp-json\/wp\/v2\/users\/1"}],"replies":[{"embeddable":true,"href":"https:\/\/www.signalriver.com\/es\/wp-json\/wp\/v2\/comments?post=1033"}],"version-history":[{"count":61,"href":"https:\/\/www.signalriver.com\/es\/wp-json\/wp\/v2\/pages\/1033\/revisions"}],"predecessor-version":[{"id":1764,"href":"https:\/\/www.signalriver.com\/es\/wp-json\/wp\/v2\/pages\/1033\/revisions\/1764"}],"wp:featuredmedia":[{"embeddable":true,"href":"https:\/\/www.signalriver.com\/es\/wp-json\/wp\/v2\/media\/1038"}],"wp:attachment":[{"href":"https:\/\/www.signalriver.com\/es\/wp-json\/wp\/v2\/media?parent=1033"}],"curies":[{"name":"wp","href":"https:\/\/api.w.org\/{rel}","templated":true}]}}