{"id":112,"date":"2012-04-01T21:35:28","date_gmt":"2012-04-01T21:35:28","guid":{"rendered":"http:\/\/www.signalriver.com\/?page_id=112"},"modified":"2018-05-01T23:41:54","modified_gmt":"2018-05-01T23:41:54","slug":"spiritual-awakening-symptoms","status":"publish","type":"page","link":"https:\/\/www.signalriver.com\/es\/spiritual-awakening-symptoms\/","title":{"rendered":"S\u00edntomas del despertar espiritual"},"content":{"rendered":"<p>\u00bfEst\u00e1s experimentando <strong>s\u00edntomas del despertar espiritual<\/strong>?<br \/>\n\u00bfQuieres saber qu\u00e9 son y qu\u00e9 hacer luego?<\/p>\n<p><strong><span style=\"color: #ffffff;\"><a href=\"https:\/\/www.signalriver.com\/psychic-source-espanol\"><img loading=\"lazy\" decoding=\"async\" class=\"alignright size-full wp-image-126\" title=\"spiritual awakening symptoms\" src=\"https:\/\/www.signalriver.com\/wp-content\/uploads\/2012\/04\/spiritual-awakening-symptoms.gif\" alt=\"spiritual awakening symptoms\" width=\"291\" height=\"200\" \/><\/a>..<\/span>P.<\/strong>\u00a0 \u00bfTe sientes como si estuvieras cambiando<br \/>\n<span style=\"color: #ffffff;\">..........<\/span>y estra\u00f1as cosas est\u00e1n pasando<br \/>\n<span style=\"color: #ffffff;\">..........<\/span>a tu mente y cuerpo?<br \/>\n<strong><span style=\"color: #ffffff;\">..<\/span>P.<\/strong>\u00a0 Has notado algunas inusuales<br \/>\n<span style=\"color: #ffffff;\">.........<\/span>coincidencias \u00faltimamente?<br \/>\n<strong><span style=\"color: #ffffff;\">..<\/span>P.\u00a0<\/strong> \u00bfTienes curiosidad por saber m\u00e1s<br \/>\n<span style=\"color: #ffffff;\">.........<\/span>acerca de temas inusuales?<br \/>\n<strong><span style=\"color: #ffffff;\">..<\/span>P.\u00a0<\/strong> \u00bfTe ves a ti mismo buscando por<br \/>\n<span style=\"color: #ffffff;\">.........<\/span>inspiraci\u00f3n para ayudarte a moverte<br \/>\n<span style=\"color: #ffffff;\">.........<\/span>adelante en la vida?<\/p>\n<p>Si la respuesta es si a cualquiera de est\u00e1s preguntas, puedes estar bien sea experimentando s\u00edntomas del despertar espiritual y se\u00f1ales.<\/p>\n<p>Estos sentimientos, aunque algunas veces problematicos, son unos excelentes indicadores que est\u00e1s creciendo como persona y moviendote hacia adelante espiritualmente. Esto es algo que no tiende a ocurrir s\u00f3lo una vez, pero reaparece en varios puntos de su vida.<\/p>\n<p><strong><span style=\"font-size: 18px;\"><a title=\"Spiritual Awakening Reading\" href=\"https:\/\/www.signalriver.com\/psychic-source-espanol\">Avanza en tu desarrollo personal y espiritual<\/a><\/span><\/strong><\/p>\n<p><strong><span style=\"font-size: 18px;\"><a title=\"Spiritual Awakening Reading\" href=\"https:\/\/www.signalriver.com\/psychic-source-espanol\">Con una lectura ps\u00edquica<\/a><\/span><\/strong><\/p>\n<p>A lo largo de mi vida he pasado por per\u00edodos de sentir los s\u00edntomas del despertar espiritual, lo que resulta en m\u00ed la sensaci\u00f3n m\u00e1s viva, y en paz con el mundo y en uno conmigo mismo y con los dem\u00e1s. Esto ha tendido a resurgir un poco m\u00e1s cada pocos a\u00f1os.<\/p>\n<p>Pero con el bueno viene los s\u00edntomas no deseados o extra\u00f1os tambi\u00e9n, ya trav\u00e9s de la investigaci\u00f3n y la discusi\u00f3n con otros que he recopilado algunos de los signos m\u00e1s comunes despertar espiritual.<\/p>\n<p>\u00a1Usted puede resonar con ciertos s\u00edntomas y no otros que es normal. De cualquier manera se siente bendecido de que usted est\u00e1 en este viaje, que le permitir\u00e1 mejorar su vida y los que te rodean!<\/p>\n<h2>S\u00edntomas del despertar espiritual emocional<\/h2>\n<p>Una se\u00f1al de despertar muy com\u00fan es sentir lavados de emoci\u00f3n rodando sobre ti, y esto puede ir desde la tristeza a la ira, la felicidad de la felicidad, sentimientos de amor profundo para los extra\u00f1os. El \u00faltimo s\u00edntoma es algo que me sent\u00ed con mucha fuerza despu\u00e9s de ser iniciado en Reiki donde se tiene un proceso de curaci\u00f3n y el despertar de 21 d\u00edas.<\/p>\n<h3>1. Necesidad de vivir el proposito de tu vida<\/h3>\n<p>Usted se siente en desacuerdo con su vida o sus antecedentes, tal vez pregunt\u00e1ndose por qu\u00e9 est\u00e1s en un determinado puesto de trabajo o con un socio en particular. Es probable que sentirse superando las personas y situaciones que antes parec\u00edan justo. A medida que su viaje progresa usted se sentir\u00e1 que usted sabe lo que el prop\u00f3sito de su vida.<\/p>\n<h3>2. Conoces o empiezas a querer conocer a tu media naranja<\/h3>\n<p>Muchas personas encuentran que se encuentran con un alma gemela raz\u00f3n cuando estos sentimientos han comenzado y esto es a menudo ya que gracias a su crecimiento espiritual que ya est\u00e1n listos para satisfacer y atraer a esta persona.<\/p>\n<p>Descubre m\u00e1s acerca de <a title=\"How to Find Your Soulmate\" href=\"https:\/\/www.signalriver.com\/es\/how-to-find-your-soulmate\/\">C\u00f3mo encontrar a tu alma gemela<\/a>.<\/p>\n<h3>3. Sentimientos negativos<\/h3>\n<p>La ira, la rabia, la tristeza, irritaci\u00f3n con los dem\u00e1s, etc. Esto se debe a que est\u00e1 desenterrando ra\u00edces profundas dentro de ti mismo y si tiene problemas emocionales no resueltos del pasado (o incluso cuestiones que pensaba se resolvieron) puede ser que usted necesita para centrarse en estos cosas un poco y hacer frente a su pasado. Si tiene problemas con una persona en particular que usted puede ser que encuentre que usted puede arreglar las cosas con ellos, a veces ni siquiera necesidad de ver en realidad otra vez, pero s\u00f3lo la visualizaci\u00f3n de hablar con ellos.<\/p>\n<h3>4. Sentimientos positivos<\/h3>\n<p>La alegr\u00eda, el amor y la felicidad. Al abrir su mente, coraz\u00f3n y cuerpo a la energ\u00eda amorosa estos sentimientos a menudo comienzan a fluir. Usted puede ser movido por la humanidad de los dem\u00e1s y sentir un gran sentido de unidad con los dem\u00e1s a pesar de las diferencias superficiales.<\/p>\n<h3>5. Sentimientos confusos o ca\u00f3ticos<\/h3>\n<p>En las primeras etapas del despertar espiritual, los s\u00edntomas a menudo incluyen una sensaci\u00f3n de que su vida est\u00e1 fuera de control. Meditaci\u00f3n y ejercicios de puesta a tierra son un tratamiento recomendado para esta y de hecho todos los efectos secundarios del despertar espiritual.<\/p>\n<h2>S\u00edntomas f\u00edsicos del despertar espiritual<\/h2>\n<p><strong>NOTA IMPORTANTE:<\/strong> Muchos de estos s\u00edntomas f\u00edsicos tambi\u00e9n podr\u00eda ser un signo de algo m\u00e1s, as\u00ed que aseg\u00farese de consultar con su m\u00e9dico o proveedor de atenci\u00f3n de salud local si nota algo inusual, o incluso obtener consejos de emergencia ya que las condiciones tales como ataques al coraz\u00f3n y derrames cerebrales son mucho mejor tratados (y sobrevivido!) con el tratamiento m\u00e9dico de emergencia.<\/p>\n<h3>1. \u00a1Cosas raras le est\u00e1n pasando a mi cuerpo!<\/h3>\n<p>Los sentimientos de presi\u00f3n e incluso dolor en la cabeza, junto con sentimientos de hormigueo, que vibran o se arrastran sensaciones. Esto es porque su chakra de la corona es la apertura que es muy importante para el despertar espiritual. Habiendo dicho que echa un vistazo a los dolores de cabeza extra\u00f1os con su m\u00e9dico!<\/p>\n<h3>2. Patrones del sue\u00f1o cambiantes<\/h3>\n<p>Muchas personas encuentran que duermen desde hace mucho tiempo, o que otros encuentran que no necesitan dormir tanto como antes. Algunas personas tambi\u00e9n experimentan cansancio, incluso al dormir m\u00e1s de lo habitual para ellos.<\/p>\n<h3>3. Enfermedades de la piel<\/h3>\n<p>La piel es un \u00f3rgano grande tal que puede reflejar r\u00e1pidamente los cambios f\u00edsicos y mentales y usted puede encontrar cosas como erupciones, eczemas, urticaria, acn\u00e9, herpes y las verrugas que aparecen. Esto es porque usted est\u00e1 teniendo una crisis de curaci\u00f3n y las alergias de edad est\u00e1 siendo despertado por viejas emociones. Tambi\u00e9n se le puede librar su cuerpo de algunas toxinas.<\/p>\n<h3>4. \u00a1Mis ojos est\u00e1n cambiando!<\/h3>\n<p>Algunas personas notan un cambio en sus ojos de tama\u00f1o a las marcas e incluso color. El blanco de los ojos pueden parecer diferentes, a veces m\u00e1s rojo.<\/p>\n<h3>5. Cambios en el peso y apetito<\/h3>\n<p>Puedes encontrarte m\u00e1s hambriento o menos que antes o tener antojos extra\u00f1os.\u00a0Con el tiempo puede que te encuentres m\u00e1s atra\u00eddos a los alimentos m\u00e1s saludables con menos deseo de comer carne, comida basura y as\u00ed sucesivamente.<\/p>\n<h3>6. \u00bfSoy yo o est\u00e1 que arde aqu\u00ed?<\/h3>\n<p>Mucha gente que he hablado han experimentado alg\u00fan tipo de sudoraci\u00f3n, fiebre y los sofocos cuando se someten a s\u00edntomas despertar espiritual.<\/p>\n<h3>7. Sentimientos de vibraci\u00f3n<\/h3>\n<p>Usted puede encontrar que se siente como usted est\u00e1 vibrando de alguna manera. Al igual que con muchos de los s\u00edntomas del despertar espiritual, esta es tu sensaci\u00f3n de cuerpo y notando el aumento del flujo de energ\u00eda.<\/p>\n<h3>8. Sentidos sensibles<\/h3>\n<p>Su sentido del tacto, el olfato, el gusto y el o\u00eddo puede cambiar, llegando a ser muy sensible, a veces demasiado sensible. Al igual que con cualquiera de estos s\u00edntomas si se sienten muy intenso que muy probablemente se beneficiar\u00e1 de meditaci\u00f3n y ejercicios de puesta a tierra, que pueden ayudarle, traen a ti mismo en el equilibrio.<\/p>\n<h2>Se\u00f1ales del despertar espiritual<\/h2>\n<h3>1. Sue\u00f1os estra\u00f1os<\/h3>\n<p>Sus sue\u00f1os se vuelven m\u00e1s intensos o vividos y te encuentras que pueda recordar mejor. Estos sue\u00f1os se le puede dar mensajes sobre el mejor camino a seguir o dejar que usted sabe acerca de los problemas que tiene que enfrentar abiertamente con. Si tiene problemas para recordar sus aventuras se puede leer mis consejos sobre c\u00f3mo recordar sus sue\u00f1os.<\/p>\n<p>M\u00e1s acerca de <a title=\"How to Remember your Dreams\" href=\"https:\/\/www.signalriver.com\/es\/how-to-remember-your-dreams\/\">C\u00f3mo recordar tus sue\u00f1os<\/a><\/p>\n<h3>2. Amor por todo<\/h3>\n<p>Usted bien puede comenzar a sentirse m\u00e1s conectados con la gente, sino tambi\u00e9n a los animales y plantas. Ve por la naturaleza y disfrutar de este, es tu instinto te llama a lo que puede alimentar tu alma!<\/p>\n<h3>3. Desarrollo Ps\u00edquico<\/h3>\n<p>Usted puede comenzar a tener momentos de claridad ps\u00edquica en la que acaba de saber que algo es verdad o no, o lo que sea. Su intuici\u00f3n se fortalece y se hace m\u00e1s f\u00e1cil reconocer y encontrar que usted comienza a notar los casos sincronicidad (coincidencias que tienen un significado m\u00e1s profundo). Usted puede incluso tener experiencias fuera del cuerpo u otros fen\u00f3menos ps\u00edquicos.<\/p>\n<h3>4. Todo es uno<\/h3>\n<p>Te dar\u00e1s cuenta de que todo y todos est\u00e1n conectados, y que de alguna manera todos estamos ligados intr\u00ednseco (espiritualmente) y esta comprensi\u00f3n obtendr\u00e1 m\u00e1s fuerte y m\u00e1s profundo en formas que nunca imaginaste, haciendo que se sienta compasi\u00f3n y amor por la humanidad.<\/p>\n<h3>5. Explosi\u00f3n de creatividad<\/h3>\n<p>En el coraz\u00f3n de ella, la vida y la energ\u00eda es alimentado por un tipo de principio creativo. Este principio tristemente se puede utilizar para el bien y el mal, pero cuando se aprende a canalizar correctamente usted encontrar\u00e1 que usted necesita expresar de alguna manera. Esto podr\u00eda ser a trav\u00e9s del arte o la m\u00fasica, o tal vez una profundizaci\u00f3n de sus poderes intuitivos y capacidades ps\u00edquicas, pero podr\u00eda ser cualquier cosa que usted elija para crear y poner energ\u00eda en ello.<\/p>\n<p>Puedes tambi\u00e9n est\u00e1r interesado en leer <a title=\"How to Develop Psychic Abilities \u2013 7 Ways\" href=\"https:\/\/www.signalriver.com\/es\/how-to-develop-psychic-abilities\/\">7 maneras de desarrollar tus habilidades ps\u00edquicas<\/a><\/p>\n<h2>S\u00edntomas aleatorios del despertar espiritual<\/h2>\n<h3>1. La corriente se va y viene<\/h3>\n<p>No te preocupes que no es un fantasma (bueno, probablemente!). Bombillas u otros dispositivos el\u00e9ctricos se encienden y apagan al azar o cosas el\u00e9ctricas se comportan extra\u00f1amente cuando est\u00e1 cerca.<\/p>\n<h2>S\u00edntomas del despertar espiritual \u2013 \u00bfQu\u00e9 hacer?<\/h2>\n<p>\u00bfHa experimentado alguno de estos s\u00edntomas? Hay muchos m\u00e1s que podr\u00eda haber incluido, pero estos son algunos de los m\u00e1s comunes. Usted puede tener s\u00f3lo unos pocos o muchos.<\/p>\n<p>Si los s\u00edntomas son muy intensos (desp\u00faes de consultar a tu m\u00e9dico que no es otra cosa), entonces la conexi\u00f3n a tierra y ejercicios de meditaci\u00f3n son muy \u00fatiles. Usted puede encontrar la necesidad de pasar m\u00e1s tiempo con viejos amigos o personas que lo conocen bien, sobre todo en las primeras etapas, cuando usted apenas est\u00e1 comenzando a cambiar.<\/p>\n<p>He encontrado que un buen ps\u00edquico puede realmente ayudar tambi\u00e9n, sobre todo para ayudar a resolver lo que es despertar espiritual y lo que no, y tambi\u00e9n para darte un consejo imparcial, sino compasivo de lo hacer a continuaci\u00f3n con su vida. Por supuesto, hay algunos <a title=\"Psychic Scams \u2013 What to Avoid\" href=\"https:\/\/www.signalriver.com\/es\/psychic-scams-what-to-avoid\/\">ps\u00edquicos falsos<\/a> ah\u00ed afuera as\u00ed que est\u00e1 pendiente de eso y idealmente <a title=\"Psychic Reading Reviews\" href=\"https:\/\/www.signalriver.com\/es\/psychic-reading-reviews\/\">toma una recomendaci\u00f3n si puedes<\/a>.<\/p>\n<p>Si usted siente que muchos, todos, uno o ninguno de esos s\u00edntomas, el hecho de que usted ha llegado a esta pagina muestra que hay algo que hacer dentro de ti.<\/p>\n<p>Intenta de ir con su <span style=\"text-decoration: underline;\">signos del despertar espiritual<\/span> y disfrute lo cuando sea posible - no siempre ser\u00e1 f\u00e1cil y puede parar muchas veces en tu camino, pero si sigues yendo, te dar\u00e1 lugar a tu feliz y llena vida.<\/p>\n<p><span style=\"font-size: 16px;\"><strong><span style=\"color: #ff0000;\">\u00bfQuieres tomar el desarrollo espiritual a su pr\u00f3ximo nivel? <\/span><\/strong><\/span><\/p>\n<p><span style=\"font-size: 16px;\"><strong><span style=\"color: #ff0000;\">\u00bfBuscando a tu media naranja? O \u00bfTratando de encontrar su proposito de vida?<\/span><\/strong><\/span><\/p>\n<p><a href=\"https:\/\/www.signalriver.com\/psychic-source-espanol\"><img loading=\"lazy\" decoding=\"async\" class=\" wp-image-154 alignleft\" style=\"margin-right: 10px;\" title=\"discover life's path with a psychic reading\" src=\"https:\/\/www.signalriver.com\/wp-content\/uploads\/2012\/04\/lifes-path.gif\" alt=\"discover life's path with a psychic reading\" width=\"230\" height=\"174\" \/><\/a>Si la respuesta a esto es <strong>s\u00ed<\/strong>, un buen ps\u00edquico puede ayudar a darte un consejo v\u00e1lido y guiarte, como tambi\u00e9n para validar que est\u00e1s (\u00bfno es as\u00ed?) en el camino correcto.<\/p>\n<p>Tambi\u00e9n pueden ayudarle a buscar un alma gemela, o ayudarle a hacer cambios en su vida que le har\u00e1 m\u00e1s feliz y saludable.<\/p>\n<p>El despertar espiritual es una buena cosa pero aveces puede ser inquietante y preocupante al pasar de una fase en su vida a otro lo que no tenga miedo de pedir ayuda.<\/p>\n<p>Prueba una lectura del despertar espiritual con <a title=\"Spiritual Awakening Reading\" href=\"https:\/\/www.signalriver.com\/psychic-source-espanol\">uno de los ps\u00edquicos telef\u00f3nicos de Psyquic Source<\/a>,<br \/>\n(actualmente haciendo una oferta especial de $ 1 por minuto)<\/p>\n<p>O consulta uno de mis favoritos <a title=\"Spiritual Email Readings by Rachel\" href=\"http:\/\/www.stormjewelspsychics.com\/es\/psychic-email-readings\/\">Lecturas ps\u00edquicas por correo, Maria<\/a>, que me ha dado algo de gran sanaci\u00f3n emocional, sugerencias y consejos espirituales.<\/p>","protected":false},"excerpt":{"rendered":"<p>\u00bfEst\u00e1s experimentando s\u00edntomas del despertar espiritual? \u00bfQuieres saber qu\u00e9 son y qu\u00e9 hacer luego? ..P.\u00a0 \u00bfTe sientes como si estuvieras cambiando &#8230;&#8230;&#8230;.y estra\u00f1as cosas est\u00e1n pasando &#8230;&#8230;&#8230;.a tu mente y cuerpo? ..P.\u00a0 Has notado algunas inusuales &#8230;&#8230;&#8230;coincidencias \u00faltimamente? ..P.\u00a0 \u00bfTienes curiosidad por saber m\u00e1s &#8230;&#8230;&#8230;acerca de temas inusuales? ..P.\u00a0 \u00bfTe ves a ti mismo buscando por &#8230;&#8230;&#8230;inspiraci\u00f3n para ayudarte a moverte &#8230;&#8230;&#8230;adelante en la vida? Si la respuesta es si a cualquiera de est\u00e1s preguntas, puedes estar bien sea experimentando s\u00edntomas del despertar espiritual y se\u00f1ales. Estos sentimientos, aunque algunas veces problematicos, son unos excelentes indicadores que est\u00e1s creciendo como <\/p>\n","protected":false},"author":1,"featured_media":126,"parent":0,"menu_order":21,"comment_status":"open","ping_status":"open","template":"","meta":{"footnotes":""},"_links":{"self":[{"href":"https:\/\/www.signalriver.com\/es\/wp-json\/wp\/v2\/pages\/112"}],"collection":[{"href":"https:\/\/www.signalriver.com\/es\/wp-json\/wp\/v2\/pages"}],"about":[{"href":"https:\/\/www.signalriver.com\/es\/wp-json\/wp\/v2\/types\/page"}],"author":[{"embeddable":true,"href":"https:\/\/www.signalriver.com\/es\/wp-json\/wp\/v2\/users\/1"}],"replies":[{"embeddable":true,"href":"https:\/\/www.signalriver.com\/es\/wp-json\/wp\/v2\/comments?post=112"}],"version-history":[{"count":68,"href":"https:\/\/www.signalriver.com\/es\/wp-json\/wp\/v2\/pages\/112\/revisions"}],"predecessor-version":[{"id":1694,"href":"https:\/\/www.signalriver.com\/es\/wp-json\/wp\/v2\/pages\/112\/revisions\/1694"}],"wp:featuredmedia":[{"embeddable":true,"href":"https:\/\/www.signalriver.com\/es\/wp-json\/wp\/v2\/media\/126"}],"wp:attachment":[{"href":"https:\/\/www.signalriver.com\/es\/wp-json\/wp\/v2\/media?parent=112"}],"curies":[{"name":"wp","href":"https:\/\/api.w.org\/{rel}","templated":true}]}}