{"id":1204,"date":"2014-11-04T12:58:17","date_gmt":"2014-11-04T12:58:17","guid":{"rendered":"http:\/\/www.signalriver.com\/?page_id=1204"},"modified":"2018-05-04T23:44:33","modified_gmt":"2018-05-04T23:44:33","slug":"know-connect-spirit-guides","status":"publish","type":"page","link":"https:\/\/www.signalriver.com\/es\/know-connect-spirit-guides\/","title":{"rendered":"C\u00f3mo conocer y Conectar con su gu\u00eda espiritual"},"content":{"rendered":"<p><a href=\"https:\/\/www.signalriver.com\/wp-content\/uploads\/2014\/11\/Ancient-Spirit-Guides.jpg\"><img loading=\"lazy\" decoding=\"async\" class=\"alignright size-medium wp-image-1206\" src=\"https:\/\/www.signalriver.com\/wp-content\/uploads\/2014\/11\/Ancient-Spirit-Guides-300x206.jpg\" alt=\"Ancient Spirit Guides\" width=\"300\" height=\"206\" srcset=\"https:\/\/www.signalriver.com\/wp-content\/uploads\/2014\/11\/Ancient-Spirit-Guides-300x206.jpg 300w, https:\/\/www.signalriver.com\/wp-content\/uploads\/2014\/11\/Ancient-Spirit-Guides.jpg 1024w\" sizes=\"(max-width: 300px) 100vw, 300px\" \/><\/a><\/p>\n<p>El reino humano no es el \u00fanico \u00e1mbito en este planeta. Nuestras vidas se entrelazan con las entidades y esp\u00edritus. esp\u00edritus gu\u00edas son esp\u00edritus amable que nos desean buena voluntad y bendiciones.<\/p>\n<h2>\u00bfQu\u00e9 son esp\u00edritus gu\u00edas?<\/h2>\n<p>esp\u00edritus gu\u00edas son entidades que nos rodean para proporcionar ayuda, sabidur\u00eda y gu\u00eda. Por lo general son vistos como formas de energ\u00eda en se manifiestan ya sea en im\u00e1genes, sombras o formas o bolas de energ\u00eda de la luz blanca humanas o animales veces s\u00f3lidas. A veces ellos intercambiamos con los \u00e1ngeles plazo. \u00c1ngeles sin embargo, son de una forma diferente, ya que son de una existencia superior y no pueden tomar una forma encarnada.<\/p>\n<p>Los esp\u00edritus gu\u00edas protegen y nos gu\u00edan para que podamos lograr el \u00e9xito, bendiciones y la iluminaci\u00f3n. A veces les podemos asociar con nuestra conciencia.<\/p>\n<h2>\u00bfQui\u00e9nes tienen esp\u00edritus gu\u00edas?<\/h2>\n<p>Todo el mundo tiene <a title=\"What are Spirit Guides?\" href=\"http:\/\/en.wikipedia.org\/wiki\/Spirit_guide\" target=\"_blank\">esp\u00edritus gu\u00edas<\/a>. Los beb\u00e9s y los ni\u00f1os parecen tener la mayor conexi\u00f3n con ellos. Esto se debe a los esp\u00edritus gu\u00edas son sutiles energ\u00edas que no tratan de sustituir nuestro libre albedr\u00edo. Los ni\u00f1os son normalmente son menos estresados \u200b\u200by dejan que sus mentes fluyen con m\u00e1s facilidad. Las personas con discapacidad, especialmente los que tienen impedimentos visuales y auditivos a veces tambi\u00e9n presentan una mayor conciencia hacia sus esp\u00edritus gu\u00edas. Su falta de una percepci\u00f3n sensorial permite su psique para abrir su tercer ojo o sexto sentido. Las personas mayores y las personas se acercan a la muerte tambi\u00e9n puede ser capaz de tener una gran comunicaci\u00f3n con los esp\u00edritus gu\u00edas, ya que casi han entrado en el reino de los esp\u00edritus.<\/p>\n<p>Pero tambi\u00e9n hay gente normal que tienen buenas conexiones con los esp\u00edritus gu\u00edas. Estas personas son o emp\u00e1ticos o ps\u00edquicos. Son capaces de ver (clarividencia), escuchar (clariaudiencia) o la sensaci\u00f3n (clairconizance) lo que vendr\u00e1, o cosas que sucedieron en el pasado. Pueden comunicarse y pedir esp\u00edritus gu\u00edas en busca de ayuda y orientaci\u00f3n, as\u00ed como preguntas sobre ciertos asuntos.<\/p>\n<p>Como todo el mundo tiene los esp\u00edritus gu\u00edas, todos de nosotros puede sintonizar y conectarse con ellos. Sin embargo, hay momentos en que encontramos esta dif\u00edcil porque nuestro chakra y el ojo de nuestra mente se bloquean o nuestros corazones est\u00e1n llenos de estr\u00e9s y ansiedad.<\/p>\n<h2>\u00bfC\u00f3mo los esp\u00edritus gu\u00edas conectan con nosotros?<\/h2>\n<p>Gu\u00edas espirituales tratan de conectar con nosotros en nuestra vida diaria. Son para empujarnos hacia ciertas direcciones para ayudarnos a tener \u00e9xito o para mantenernos fuera de peligro. Ofrecen muchas maneras para que nos digan lo que debemos hacer.<\/p>\n<h3>Sue\u00f1os<\/h3>\n<p>Los sue\u00f1os conmemorativos han sido una de las formas m\u00e1s fuertes de esp\u00edritu gu\u00edas para hacernos saber lo que va a suceder o lo que hay que hacer. Cuando estamos dormidos nuestra mente se pone a descansar y que es poco probable que filtrar nuestros pensamientos. En este punto, los gu\u00edas espirituales pueden tomar una forma de que alguien o algo y se pueden comunicar directamente con usted como una persona normal cuando se est\u00e1 despierto. Cuando so\u00f1amos nuestros cuerpos entran en un estado de par\u00e1lisis sin embargo, nuestra mente percibe las cosas como realmente estamos viviendo ellos. Este es un canal abierto para nuestros gu\u00edas para inculcar sus mensajes.<\/p>\n<h3><strong>Sentido de la intuici\u00f3n<\/strong><\/h3>\n<p>A veces tenemos la sensaci\u00f3n de sobresalto y sentimos algo diferente. Esta es otra forma en que nuestros gu\u00edas hablan con nosotros. A veces estamos a punto de salir o viajar entonces tendr\u00edamos un sentido de premonici\u00f3n. Esta es su manera de salvar a formar peligros eminentes. A veces los gu\u00edas tambi\u00e9n nos dan sentimientos sobre personas que nos rodean. Nos dicen que es de fiar o no.<\/p>\n<h3>Signos y Se\u00f1ales<\/h3>\n<p>Los seres humanos han utilizado los signos de los tiempos desde los albores de la historia. Hemos utilizado relojes de sol para saber la hora, las se\u00f1ales de tr\u00e1fico para nosotros y signos de gu\u00eda de los cielos para predecir el futuro. Gu\u00edas espirituales a veces usan una combinaci\u00f3n de cosas que nos apuntar a algo. Al igual que con ganas de encontrar a tu alma gemela, a veces se pide una se\u00f1al, para un hombre o una mujer vestida de rojo, para pasar a usted por tres en la 13 <sup>ra<\/sup> de febrero. Nuestros gu\u00edas luego nos ayudan por nosotros lanzando se\u00f1ales. No pueden ser todos los exactos que est\u00e1 pidiendo, pero se sentir\u00edan si ellos son los signos de que llevar\u00edan a lo que buscas. A veces la gente puede empezar a sentir extra\u00f1o cuando est\u00e1n <a title=\"Spiritual Despertar Symptoms\" href=\"https:\/\/www.signalriver.com\/es\/spiritual-awakening-symptoms\/\"> conseguir s\u00edntomas de un despertar espiritual <\/a>, debido a la potencia de las energ\u00edas.<\/p>\n<h3>Prospectiva y Premoniciones<\/h3>\n<p>Algunos individuos tienen su ojo de la mente abierta y son capaces de ver ojeadas del futuro o el pasado. Otros son capaces de acceder a este en momentos aleatorios cuando los esp\u00edritus quieren enviarle mensajes fuertes. Mucha gente puede tener esto durante una edad temprana pero bloquearlo por miedo o lo desconocido o sin saberlo bloquear a causa de la incredulidad y el estr\u00e9s.<\/p>\n<h3>Ayuda de Otras personas<\/h3>\n<p>Las gu\u00edas pueden usar a la gente para darle un empuj\u00f3n o un codazo para que haga algo. Pueden decirle a esa persona lo que tiene que hacer. Tambi\u00e9n pueden utilizar los ps\u00edquicos para proporcionarle mayor conocimiento del futuro o en el pasado, que es muy esencial para que usted sepa.<\/p>\n<h2>\u00bfC\u00f3mo me conecto a mi gu\u00eda espiritual?<\/h2>\n<p>Hay muchas maneras para que usted permita que su gu\u00eda de otorgar regalos y mensajes. Usted debe ser primero abierto a esta experiencia. Los gu\u00edas no tratar\u00edan de controlar usted o imponer algo en ti. Usted puede permitir que fluyan de su energ\u00eda a trav\u00e9s de su ser.<\/p>\n<h3>Meditaci\u00f3n y la oraci\u00f3n<\/h3>\n<p>https:\/\/www.youtube.com\/watch?v=Zav4wruv3gw<\/p>\n<p><strong>La forma m\u00e1s antigua y la m\u00e1s f\u00e1cil de comunicarse con sus gu\u00edas espirituales.<\/strong> Es la mediaci\u00f3n permite que usted abra su mente y alma sin contrarrestar los mensajes desde el reino de los esp\u00edritus. Esto tambi\u00e9n le permite disfrutar de la relatividad del tiempo y el espacio. A veces puede que te encuentres sentado solamente durante cinco minutos en su estado de meditaci\u00f3n, pero ya ha viajado en una llanura diferente por muchas horas.<\/p>\n<p>La oraci\u00f3n le permite comunicarse con el cosmos. Te permite buscar y pedir favores. Tambi\u00e9n le permite pedir perd\u00f3n. Esto es vital para alcanzar el equilibrio...<\/p>\n<h3>Manteniendo un diario y escribir cartas<\/h3>\n<p>Es posible que desee escribir cartas a sus gu\u00edas, al igual que los antiguos ten\u00edan que quemaron estos pedazos de papel para permitir que el humo entre en el reino de los gu\u00edas. Tambi\u00e9n puede escribir en un diario. Esto permitir\u00eda que le permite centrarse m\u00e1s o las energ\u00edas sobre ti. <strong> <a title=\"como para recordar sus sue\u00f1os\" href=\"https:\/\/www.signalriver.com\/how-to-remember-your-dreams\/\"> Tambi\u00e9n puede escribir sus sue\u00f1os abajo <\/a> <\/strong> para evitar olvidarlos. Los sue\u00f1os son normalmente olvidados 78% de las veces despu\u00e9s de despertarse. Ser capaz de grabar esto, le permitir\u00e1 interpretar o hacer que se interpretan para usted despu\u00e9s.<\/p>\n<h3>Consultando a alguien que tiene buena comunicaci\u00f3n con los gu\u00edas espirituales<\/h3>\n<p>Una gran cantidad de personas est\u00e1n en dudas sobre esta adivinaci\u00f3n, ps\u00edquicos y emp\u00e1ticos. Pero estas personas son normalmente m\u00e1s conscientes de lo que las gu\u00edas est\u00e1n tratando de decir. Tambi\u00e9n pueden ayudar a descubrir qui\u00e9nes son sus gu\u00edas espirituales. Usted debe encontrar a alguien intuitiva y emp\u00e1tica a usted. Algunos pueden tratar de estafarlo, pero usted debe permitir que sus gu\u00edas le encuentren a una persona que realmente te puede ayudar en la comunicaci\u00f3n con ellos. Si usted est\u00e1 <a title=\"Psychic Lectura Reviews\" href=\"https:\/\/www.signalriver.com\/psychic-source-espanol\">buscando un ps\u00edquico que se comunice con gu\u00edas espirituales aqu\u00ed es.<\/a><\/p>\n<p><em>Los esp\u00edritus gu\u00eda juegan una parte importante de nuestro d\u00eda a d\u00eda. Ellos nos ayudan a alcanzar nuestros sue\u00f1os y aspiraciones. Ellos nos ayudan a ser seguro. Debemos tratar de reconocer su presencia. <\/em><\/p>","protected":false},"excerpt":{"rendered":"<p>El reino humano no es el \u00fanico \u00e1mbito en este planeta. Nuestras vidas se entrelazan con las entidades y esp\u00edritus. esp\u00edritus gu\u00edas son esp\u00edritus amable que nos desean buena voluntad y bendiciones. \u00bfQu\u00e9 son esp\u00edritus gu\u00edas? esp\u00edritus gu\u00edas son entidades que nos rodean para proporcionar ayuda, sabidur\u00eda y gu\u00eda. Por lo general son vistos como formas de energ\u00eda en se manifiestan ya sea en im\u00e1genes, sombras o formas o bolas de energ\u00eda de la luz blanca humanas o animales veces s\u00f3lidas. A veces ellos intercambiamos con los \u00e1ngeles plazo. \u00c1ngeles sin embargo, son de una forma diferente, ya que son <\/p>\n","protected":false},"author":1,"featured_media":1664,"parent":0,"menu_order":0,"comment_status":"open","ping_status":"open","template":"","meta":{"footnotes":""},"_links":{"self":[{"href":"https:\/\/www.signalriver.com\/es\/wp-json\/wp\/v2\/pages\/1204"}],"collection":[{"href":"https:\/\/www.signalriver.com\/es\/wp-json\/wp\/v2\/pages"}],"about":[{"href":"https:\/\/www.signalriver.com\/es\/wp-json\/wp\/v2\/types\/page"}],"author":[{"embeddable":true,"href":"https:\/\/www.signalriver.com\/es\/wp-json\/wp\/v2\/users\/1"}],"replies":[{"embeddable":true,"href":"https:\/\/www.signalriver.com\/es\/wp-json\/wp\/v2\/comments?post=1204"}],"version-history":[{"count":25,"href":"https:\/\/www.signalriver.com\/es\/wp-json\/wp\/v2\/pages\/1204\/revisions"}],"predecessor-version":[{"id":1789,"href":"https:\/\/www.signalriver.com\/es\/wp-json\/wp\/v2\/pages\/1204\/revisions\/1789"}],"wp:featuredmedia":[{"embeddable":true,"href":"https:\/\/www.signalriver.com\/es\/wp-json\/wp\/v2\/media\/1664"}],"wp:attachment":[{"href":"https:\/\/www.signalriver.com\/es\/wp-json\/wp\/v2\/media?parent=1204"}],"curies":[{"name":"wp","href":"https:\/\/api.w.org\/{rel}","templated":true}]}}