{"id":14,"date":"2012-03-28T13:34:00","date_gmt":"2012-03-28T13:34:00","guid":{"rendered":"http:\/\/www.signalriver.com\/?page_id=14"},"modified":"2018-04-30T20:41:34","modified_gmt":"2018-04-30T20:41:34","slug":"how-to-find-your-soulmate","status":"publish","type":"page","link":"https:\/\/www.signalriver.com\/es\/how-to-find-your-soulmate\/","title":{"rendered":"C\u00f3mo encontrar tu alma gemela"},"content":{"rendered":"<p><a title=\"Psychic Love Reading\" href=\"https:\/\/www.signalriver.com\/psychic-source-espanol\"><img loading=\"lazy\" decoding=\"async\" class=\"alignright size-full wp-image-98\" style=\"margin-left: 10px;\" title=\"Como encontrar tu media naranja\" src=\"https:\/\/www.signalriver.com\/wp-content\/uploads\/2012\/03\/How-to-find-your-soulmate.gif\" alt=\"como encontrar tu media naranja\" width=\"300\" height=\"227\" \/><\/a>\u00bfAlguna vez sue\u00f1o de encontrar a tu pareja perfecta? Esa persona especial que te entiende en todos los sentidos y pueden compartir sus alegr\u00edas y temores? \u00bfQuieres saber c\u00f3mo encontrar a tu media naranja?<\/p>\n<p><em>Imagina la escena:<\/em><\/p>\n<p>Tu y esa persona est\u00e1n sentados c\u00f3modamente junto al fuego de le\u00f1a rugiente. Tu ves en sue\u00f1o a sus ojos y sin decis una palabra saben exactamente lo que ibas a decir por lo que se hechan a reir juntos, reflejando todo el tiempo que han pasado juntos en completa felicidad. Nunca discutes o incluso intercambiar una mala palabra, por lo que en sinton\u00eda con la persona eres tu.<\/p>\n<p><a title=\"Soulmate Reading\" href=\"https:\/\/www.signalriver.com\/psychic-source-espanol\"><span style=\"font-size: 18px;\"><strong>Encuentra tu alma gemela con una lectura ps\u00edquica de amor<\/strong><\/span><\/a><\/p>\n<p>\u00bfSuena familiar, no?<\/p>\n<p><strong>Pues no te preocupes ya que la mayor\u00eda de la gente no tienen y no experimenta algo como esto y, de hecho, no creo que esto es lo que un alma gemela ser\u00eda.<\/strong><\/p>\n<p><strong>\u00bfSignifica que la media naranja no existe? \u00a1No!<\/strong> Ese tipo de nivel de cercania es usualmente s\u00f3lo encontrado en muy raras ocaciones pero especiales <a title=\"Twin Flame Signs\" href=\"https:\/\/www.signalriver.com\/es\/twin-flame-signs\/\">relaciones de almas gemelas<\/a>.<\/p>\n<p>Pero eso no significa que no se puede tener una relaci\u00f3n maravillosa con alguien que no es su llama gemela.<\/p>\n<p>El punto que estoy tratando de hacer aqu\u00ed es que un alma gemela no significa que la otra persona es perfecta y totalmente en sinton\u00eda con usted, y usted puede encontrar una asombrosa cercan\u00eda nivel del alma a pesar de algunas diferencias de pensamiento y formas de ser, y todav\u00eda estar con su alma gemela.<\/p>\n<h2>Algunas preguntas frecuentes de Almas Gemelas<\/h2>\n<h3>\u00bfQu\u00e9 es una Alma Gemela?<\/h3>\n<p>Si bien hay muchas definiciones de significados de alma gemela, en general, un alma gemela representa una conexi\u00f3n muy especial con otro, una relaci\u00f3n completa de los \u00edntimos momentos que cumplan profundamente.<\/p>\n<p>Sin embargo esto no significa que usted nunca vaya a discutir o llegar cruzar la raya entre s\u00ed, o que usted se sentir\u00e1 lo mismo con todos los temas, o tienen todos los mismos intereses o por el estilo. Un v\u00ednculo de ese tipo es muy raro (y no es necesario para tener una vida feliz), pero a veces se puede encontrar en una alma gemela.<\/p>\n<p>Algunas personas se dan cuenta de que la b\u00fasqueda de su alma gemela es tanto que ver con un viaje espiritual dentro de ti mismo como encontrar esa otra persona.<\/p>\n<p>\u00bfQu\u00e9 significa esto? Bueno <strong> para estar en una relaci\u00f3n tan especial y en entendimiento, usted necesita estar en un buen lugar por si mismo, y lo que necesita saber es qui\u00e9n eres y lo que quieres de la vida. <\/strong> Despu\u00e9s de todo, si usted no s\u00e9 ama a s\u00ed mismo, \u00bfc\u00f3mo se puede conocer y amar a alguien m\u00e1s?<\/p>\n<p>Sinceramente, creo que las almas gemelas no se limita s\u00f3lo a las relaciones rom\u00e1nticas, pero pueden ser amistades y miembros de la familia tambi\u00e9n.<\/p>\n<h3>\u00bfC\u00f3mo s\u00e9 cu\u00e1ndo haya conocido a mi media naranja?<\/h3>\n<p>Lo que un alma gemela es para usted depende de qui\u00e9n es usted, pero usted puede esperar cosas como sentimientos de un nivel especial de cercan\u00eda, destellos de la telepat\u00eda (por ejemplo, saber lo que el otro est\u00e1 pensando), re\u00edr hasta llorar, tener conversaciones incre\u00edbles, excelente qu\u00edmica sexual (obviamente esto s\u00f3lo se aplica a las almas gemelas rom\u00e1nticas).<\/p>\n<p>Pero a diferencia de las relaciones de alma gemela tambi\u00e9n puede esperar algunos problemas menores como tener peque\u00f1as peleas y as\u00ed sucesivamente.<\/p>\n<p>A veces mi alma gemela me vuelve loco, pero con todos esos s\u00edntomas, la otra persona podr\u00eda experimentar estos sentimientos tambi\u00e9n u otros diferentes.<\/p>\n<h3>\u00bfConsigues solamente una?<\/h3>\n<p>Una creencia popular es que s\u00f3lo tenemos una alma gemela y cuando nos encontramos con esa persona nos vamos a quedar con ellos para siempre.<\/p>\n<p>Como dije antes, muchas personas pueden ser su alma gemela y que pueden permanecer durante a\u00f1os, posiblemente el resto de su vida, pero a veces s\u00f3lo horas, d\u00edas, semanas o meses.<\/p>\n<p>Esto puede sonar inquietante pero a veces hemos aprendido todas las lecciones que tenemos que aprender de alguien y ellos de nosotros y es el momento de seguir adelante, pero podemos hacer esto de una manera que reconoce la belleza de lo que hemos tenido, y es abierto a encontrar de nuevo.<\/p>\n<p>Tambi\u00e9n creo que los amigos y familiares pueden ser almas gemelas ya que a menudo las personas tienen m\u00e1s de una al mismo tiempo.<\/p>\n<h3>\u00bfHay una media naranja para todos?<\/h3>\n<p>Sinceramente, creo que hay un alma gemela para cada uno, de hecho creo que hay muchas, muchas almas gemelas para cada persona, pero es una cuesti\u00f3n de tener la confianza para creer en eso y tambi\u00e9n vivir una vida que le sit\u00faa en posiciones en las que podr\u00eda conocer a una persona as\u00ed.<\/p>\n<p>Naturalmente, si usted ve y hace las mismas cosas todos los d\u00edas podr\u00eda ser m\u00e1s dif\u00edcil de conocer a alguien nuevo.<\/p>\n<p>Por supuesto algo a tener en cuenta es que tal vez su alma gemela es alguien que usted conoce.<\/p>\n<p>Mi pareja actual ha sido mi mejor amigo desde hace 10 a\u00f1os y ninguno de nosotros siquiera considerado que debemos estar juntos de esa manera, que parece extra\u00f1o ahora que pienso en ello, pero ah\u00ed lo tienes.<\/p>\n<h2>\u00bfC\u00f3mo encontrar tu media naranja? - 4 Grandes consejos<\/h2>\n<p style=\"text-align: center;\">\"\u00bfCu\u00e1ndo voy a conocerlo?\"<br \/>\n\"Nos reunimos nuestras almas gemelas cuando estamos en nuestra senda del alma.\"<br \/>\n- Cita de Karen M. Black, en Moondance<\/p>\n<p>Como mencione anteriormente,<strong> usted tendr\u00e1 mucho mejor suerte para encontrar a su alma gemela, si usted se siente bien consigo mismo y reconocer que en la vida se tiende a recuperar lo que le das<\/strong>.<\/p>\n<p>As\u00ed que si vas por ah\u00ed emanando energ\u00eda positiva con autoconfienza, la gente va a ver y sentir esta energ\u00eda y se siente atra\u00edda por ti, tanto en el sentido literal de cruzar su camino en alg\u00fan momento y tambi\u00e9n potencialmente encontrarte f\u00edsicamente atractivo.<br \/>\nEsto no significa que si usted se siente deprimido no puede encontrar una persona especial, pero mirando en el interior es el mejor lugar para empezar en su viaje de encontrar un alma gemela.<\/p>\n<p>Cuando usted se entienda mejor a s\u00ed mismo, encontrar\u00e1 m\u00e1s f\u00e1cil reconocer que alguien est\u00e1 interesado en usted y para ver si son o no son su alma gemela.<\/p>\n<h3>1. Ley de atracci\u00f3n\/Ordenamiento c\u00f3smico<\/h3>\n<p>Continuando a partir del tema anterior, las cosas como so\u00f1ar despierto y el establecimiento de metas para usted son herramientas poderosas para conseguir lo que quieres, y muchas personas de todos los or\u00edgenes diferentes utilizan este tipo de t\u00e9cnica para todas las cosas diferentes.<\/p>\n<p>Cuando usted est\u00e1 tratando de encontrar su alma gemela intenta tener una foto de \u00e9l o ella en su mente.<\/p>\n<p>Trate de no acercarse demasiado empantanado en lo f\u00edsico, sino visualizar los tipos de cosas que usted puede hacer juntos, la manera que usted puede ser que sienta mirando a ellos, pensando en ellos, estar con ellos.<\/p>\n<p>Por lo menos una vez al d\u00eda imag\u00ednese el env\u00edo de amor y buenas energ\u00edas, con un tir\u00f3n magn\u00e9tico.<\/p>\n<p>Imag\u00ednese esos buenos sentimientos se extienden como una enorme red hacia ti de todas las buenas energ\u00edas ah\u00ed afuera. Esto puede sonar loco, pero darle una oportunidad antes de descartarla.<\/p>\n<h3>2. Meditaci\u00f3n<\/h3>\n<p>Con el fin de amarse a s\u00ed mismo, sino tambi\u00e9n para conocerse a s\u00ed mismo, es bueno ser capaz de tener un poco de tiempo de tranquilidad para la mente.<\/p>\n<p>Esto no s\u00f3lo ayudar\u00e1 a su crecimiento espiritual, que a su vez ayuda a la b\u00fasqueda de un alma gemela, pero tambi\u00e9n le permite obtener perspectiva, reconocer los pensamientos negativos y, en general ser una persona m\u00e1s feliz.<\/p>\n<p>Pru\u00e9belo incluso durante 10 minutos al d\u00eda durante una semana y yo apuesto a que te sentir\u00e1s mejor.<\/p>\n<h3>3. Estar abierto a nuevas experiencias<\/h3>\n<p>Usted puede mejorar considerablemente sus posibilidades de conocer a un alma gemela por estar abierto a nuevas experiencias, y acordar para hacer cosas que tal vez usted no har\u00eda normalmente, ya que est\u00e1 fuera de su zona de confort, o se siente demasiado ocupado o lo que sea.<\/p>\n<p>\u00bfHas visto esa pel\u00edcula con Jim Carey llamada Yes Man? Carey est\u00e1 deprimido y va en un supuesto en el que se recomienda que para mejorar su vida que tiene que decir que s\u00ed a todo.<\/p>\n<p>Esto lleva a algunos resultados bastante divertido, pero el mensaje es genial y que abre muchas oportunidades en su vida y le trae felicidad, y usted puede hacer lo mismo.<br \/>\nLe recomiendo que echa un vistazo a esta pel\u00edcula ya que es muy inspirador y ayudado a \u00a1cambiar mi vida!<\/p>\n<h3>4. Consejo Ps\u00edquico \u2013 \u00bfPuede ayudar a encontrar a tu media naranja?<\/h3>\n<p>Aunque a veces no quiero saber el futuro, pues me gusta las sorpresas, otras veces el consejo ps\u00edquico realmente me ha ayudado en mi b\u00fasqueda de esa alma gemela.<\/p>\n<p>Cuando ten\u00eda 14 a\u00f1os un ps\u00edquico predijo correctamente que estaba a punto de conocer a su alma gemela, en breve lo hice y estuvimos juntos durante cinco a\u00f1os.<\/p>\n<p>M\u00e1s recientemente me di cuenta que ten\u00eda sentimientos por mi mejor amigo, pero hab\u00eda algunas otras cosas que me frenaban y yo necesitaba un poco de tranquilidad o de otra forma.<\/p>\n<p>Yo recientemente obtuve una lectura ps\u00edquica por email de Maria en <a title=\"StormJewel's Psychics\" href=\"https:\/\/www.signalriver.com\/es\/best-psychic-email-readings\">Ps\u00edquicos de StormJewel<\/a>\u00a0(solo en ingles, si tu necessitas una lectura en espa\u00f1ol, tu puedes tratar <a href=\"https:\/\/www.signalriver.com\/psychic-source-espanol\">Psychic Source<\/a>) que me qued\u00e9 impresionado con lo que me dio la validaci\u00f3n describiendo correctamente la naturaleza de nuestra relaci\u00f3n, me ayud\u00f3 a conseguir ideas sobre lo que hab\u00eda en su cabeza, y predijo correctamente el marco de tiempo en el que nos juntar\u00edamos.<\/p>\n<p>Supongo que mi novio y yo habr\u00edamos terminado juntos de cualquier manera pero obteniedo la lectura ps\u00edquica me ayud\u00f3 de tener el coraje en mi convicci\u00f3n.<\/p>\n<h2>\u00bfC\u00f3mo encontrar a tu media naranja? \u2013 Conclusi\u00f3n<\/h2>\n<p>\u00a1Buena suerte en tu busqueda, aqu\u00ed hay algunos buenos consejos!<\/p>\n<ul>\n<li>RECUERDA que una alma gemala puede ser encontrada en cualquier lugar y cuando sea<\/li>\n<li>INTENTA alg\u00fan consejo de los que te he dado para encontrar a tu alma gemela<\/li>\n<li>NO dejes que las ideas de perfecci\u00f3n se entrometan en el camino de encontrar o reconocer a tu alma gemela<\/li>\n<\/ul>\n<p style=\"color: red;\"><span style=\"font-size: 16px;\"><strong>\u00bfEst\u00e1s esperando por una alma gemala o tu media naranja no ha llegado a\u00fan??<\/strong><\/span><\/p>\n<p>Si la respuesta es <strong>si<\/strong> entonces recomiendo que tomes una <a title=\"love reading\" href=\"https:\/\/www.signalriver.com\/psychic-source-espanol\">lectura ps\u00edquica del amor<\/a>.<\/p>\n<p><a href=\"https:\/\/www.signalriver.com\/psychic-source-espanol\"><img loading=\"lazy\" decoding=\"async\" class=\"alignleft  wp-image-929\" style=\"margin-right: 30px;\" title=\"Psychic Love Readings\" src=\"https:\/\/www.signalriver.com\/wp-content\/uploads\/2012\/03\/Psychic-Love-Readings.jpg\" alt=\"Psychic Love Readings\" width=\"211\" height=\"264\" \/><\/a>\u00bfPor qu\u00e9?<\/p>\n<ol>\n<li>Un ps\u00edquico puede decir m\u00e1s o menos cuando el pr\u00f3ximo alma gemela est\u00e1 a punto de entrar en tu vida, y que te hagas una idea de lo que debe buscar.<br \/>\n<span style=\"color: #ffffff;\">.<\/span><\/li>\n<li>Una buena lectura es la recuperaci\u00f3n emocional, y puede ser tan edificante e inspirador que te da la confianza para encontrar a esa persona especial.<br \/>\n<span style=\"color: #ffffff;\">.<\/span><\/li>\n<li>Si el ps\u00edquico no puede ver a un alma gemela en un futuro pr\u00f3ximo, entonces pueden ayudarle a cambiar su destino al sugerir maneras de ayudar a encontrar su alma gemela - cosas que hacer, lugares para ir, cosas nuevas para probar, colores para vestir y as\u00ed.<\/li>\n<\/ol>\n<p>Use <strong><a title=\"StormJewels Email Psychics\" href=\"https:\/\/www.signalriver.com\/es\/best-psychic-email-readings\">el correo de los ps\u00edquicos de Stormjewel<\/a><\/strong> Si quieres una respuesta escrita de como encontrar a tu alma gemela, o llama <strong><a title=\"Keen\" href=\"https:\/\/www.signalriver.com\/psychic-source-espanol\">Fuentes de Ps\u00edquicos expertos en el amor<\/a><\/strong> para una lectura ps\u00edquica del amor por tel\u00e9fono (Actualmente est\u00e1n ofreciendo los primeros 30 minutos por $ 1 por minuto - c\u00f3digo promocional 22762).<\/p>","protected":false},"excerpt":{"rendered":"<p>\u00bfAlguna vez sue\u00f1o de encontrar a tu pareja perfecta? Esa persona especial que te entiende en todos los sentidos y pueden compartir sus alegr\u00edas y temores? \u00bfQuieres saber c\u00f3mo encontrar a tu media naranja? Imagina la escena: Tu y esa persona est\u00e1n sentados c\u00f3modamente junto al fuego de le\u00f1a rugiente. Tu ves en sue\u00f1o a sus ojos y sin decis una palabra saben exactamente lo que ibas a decir por lo que se hechan a reir juntos, reflejando todo el tiempo que han pasado juntos en completa felicidad. Nunca discutes o incluso intercambiar una mala palabra, por lo que en <\/p>\n","protected":false},"author":1,"featured_media":1619,"parent":0,"menu_order":13,"comment_status":"open","ping_status":"open","template":"","meta":{"footnotes":""},"_links":{"self":[{"href":"https:\/\/www.signalriver.com\/es\/wp-json\/wp\/v2\/pages\/14"}],"collection":[{"href":"https:\/\/www.signalriver.com\/es\/wp-json\/wp\/v2\/pages"}],"about":[{"href":"https:\/\/www.signalriver.com\/es\/wp-json\/wp\/v2\/types\/page"}],"author":[{"embeddable":true,"href":"https:\/\/www.signalriver.com\/es\/wp-json\/wp\/v2\/users\/1"}],"replies":[{"embeddable":true,"href":"https:\/\/www.signalriver.com\/es\/wp-json\/wp\/v2\/comments?post=14"}],"version-history":[{"count":54,"href":"https:\/\/www.signalriver.com\/es\/wp-json\/wp\/v2\/pages\/14\/revisions"}],"predecessor-version":[{"id":1396,"href":"https:\/\/www.signalriver.com\/es\/wp-json\/wp\/v2\/pages\/14\/revisions\/1396"}],"wp:featuredmedia":[{"embeddable":true,"href":"https:\/\/www.signalriver.com\/es\/wp-json\/wp\/v2\/media\/1619"}],"wp:attachment":[{"href":"https:\/\/www.signalriver.com\/es\/wp-json\/wp\/v2\/media?parent=14"}],"curies":[{"name":"wp","href":"https:\/\/api.w.org\/{rel}","templated":true}]}}