{"id":1441,"date":"2016-08-31T02:54:40","date_gmt":"2016-08-31T02:54:40","guid":{"rendered":"http:\/\/www.signalriver.com\/?page_id=1441"},"modified":"2018-04-30T20:41:33","modified_gmt":"2018-04-30T20:41:33","slug":"cleanse-third-eye","status":"publish","type":"page","link":"https:\/\/www.signalriver.com\/es\/cleanse-third-eye\/","title":{"rendered":"C\u00f3mo limpiar su tercer ojo"},"content":{"rendered":"<p class=\"qtranxs-available-languages-message qtranxs-available-languages-message-es\">Disculpa, pero esta entrada est\u00e1 disponible s\u00f3lo en <a href=\"https:\/\/www.signalriver.com\/en\/wp-json\/wp\/v2\/pages\/1441\" class=\"qtranxs-available-language-link qtranxs-available-language-link-en\" title=\"English\">Ingl\u00e9s Estadounidense<\/a>. For the sake of viewer convenience, the content is shown below in the alternative language. You may click the link to switch the active language.<\/p><p><\/p>\n<p class=\"western\"><img loading=\"lazy\" decoding=\"async\" class=\"alignright wp-image-1438 size-medium\" src=\"https:\/\/www.signalriver.com\/wp-content\/uploads\/2016\/08\/eye-333499_640-300x200.jpg\" alt=\"Cleanse your third eye\" width=\"300\" height=\"200\" srcset=\"https:\/\/www.signalriver.com\/wp-content\/uploads\/2016\/08\/eye-333499_640-300x200.jpg 300w, https:\/\/www.signalriver.com\/wp-content\/uploads\/2016\/08\/eye-333499_640.jpg 640w\" sizes=\"(max-width: 300px) 100vw, 300px\" \/>We are all filled with energies. Our bodies resonate energies. And through our bodies lie seven energy centers called the chakras. One of the most important chakras is the pineal gland or the the third eye chakra. This seat of energy connects both our physical and spiritual abilities.<\/p>\n<p class=\"western\">But as we grow into adulthood, the pineal gland gets calcified or blocked. This causes various issues such as nightmares, stress, close-mindedness, headaches, fatigue and confusion. Cleansing and detoxifying the third eye allows us to function better and helps us have blissful sleep.<\/p>\n<h2 class=\"western\">Functions of the Third Eye<\/h2>\n<p class=\"western\">The third eye chakra is a very powerful gland in our body. It allows us to see what our human eyes cannot see. Strong third eye abilities allow psychics to see into the past and future. The third eye also influences our waking and sleeping life. It also helps us in doing creative endeavors.<\/p>\n<p class=\"western\">The third eye or the pineal gland was said to lie on the forehead but over time and non-use, the third eye sunk into the brain. Without a clear third eye, a human is unable to attain a balance between spiritual and physical life.<\/p>\n<p class=\"western\"><strong>1. Better sleep<\/strong> \u2013 The pineal gland controls the release of sleep hormones such as melatonin. It also contributes to other bodily functions. When it is blocked, you will have insomnia or inability to sleep well and fully.<\/p>\n<p class=\"western\"><strong>2. Vivid Dreaming<\/strong> \u2013 Humans go through three sleep stages, light sleep, deep sleep and REM. During REM, we dream. This is the way of our brain to consolidate our conscious life and subconscious. Without REM or dreams, we may feel exhausted and stressed.<\/p>\n<p class=\"western\"><strong>3. Lucid Dreaming<\/strong> \u2013 Lucid dreaming allows us to experience adventure and life even if we are asleep. It allows us to dream consciously. This gives us the ability to travel, play and do things even if we are asleep. Lucid dreaming is both relaxing and exciting as well.<\/p>\n<p class=\"western\"><strong>4. Astral Projection<\/strong> \u2013 Our third eye is responsible for allowing our spirit to leave the body without dying. It allows us to travel to different realms. Strong astral projections even allow time traveling into the past and visiting the future.<\/p>\n<p class=\"western\"><strong>5. Creativity<\/strong> \u2013 The pineal gland influences our creativity. It helps us do things outside of the box. Without enough energy to it, we may feel stale and bored.<\/p>\n<p class=\"western\">Ability to see and sense auras and energies \u2013 Our third eye chakra is responsible for seeing people for who they truly are. It allows us to sense their energies or even see their chakras.<\/p>\n<h2 class=\"western\">Third Eye Detox<\/h2>\n<p class=\"western\"><img loading=\"lazy\" decoding=\"async\" class=\"alignright wp-image-1439 size-medium\" src=\"https:\/\/www.signalriver.com\/wp-content\/uploads\/2016\/08\/feng-shui-1516582_640-300x199.jpg\" alt=\"feng-shui-1516582_640\" width=\"300\" height=\"199\" srcset=\"https:\/\/www.signalriver.com\/wp-content\/uploads\/2016\/08\/feng-shui-1516582_640-300x199.jpg 300w, https:\/\/www.signalriver.com\/wp-content\/uploads\/2016\/08\/feng-shui-1516582_640.jpg 640w\" sizes=\"(max-width: 300px) 100vw, 300px\" \/>Detoxifying your third eye is important to attain balance in your mind and body. When you have a clear third eye, you can find peace, good night sleep and heightened consciousness. Meditation, Yoga, Chanting and food intake as well as dietary changes can help you achieve this.<\/p>\n<p class=\"western\"><strong>1. Meditation<\/strong> \u2013 Meditation is powerful way of cleansing your third eye. It allows you to clear your mind from thoughts and feelings that may burden you in your everyday life. It also allows you to release stress from work or relationships. Meditation also allows us to hear the voice of the Universe through connecting with it's very fiber.<\/p>\n<p class=\"western\">You may either use a guided meditation or you can meditate by yourself. Daily meditation is important in order to unload your conscious mind.<\/p>\n<p class=\"western\"><strong>2. Yoga<\/strong> \u2013 For more than a thousand years, the Hindus have harness the secret of harnessing the power of the body in order to clear the mind and soul. The body is the vessel that holds the spirit and is therefore responsible for many things that occur in one's spiritual life.<\/p>\n<p class=\"western\">Yoga allows you to experience an out of the body experience by putting you in various poses. Some poses are made to specially clear certain energy paths. The breathing in yoga also allows you to feel light and tranquil.<\/p>\n<p class=\"western\"><strong>3. Chanting \u2013<\/strong> Chanting OM allows vibrations to flow into your third eye chakra. Vibrations are needed in order for it to avoid calcification. OM also allows your heart chakra so send energy to your third eye chakra.<\/p>\n<p class=\"western\"><strong>4. Eating green leafy vegetables<\/strong> \u2013 Organic vegetables free from artificial pesticides and fertilizers help you absorb more energy from the sun. This in turn fuels your third eye chakra. Also drinking green tea can help you feel more calm. Green tea allows you to release stress in your body because it has flavonoids that fight free radicals and oxidation in your body.<\/p>\n<p class=\"western\"><strong>5. Avoid taking fluoride<\/strong> \u2013 Fluoride is responsible for calcification not only in your body but also in your third eye chakra. Using baking soda instead of toothpaste to brush your teeth can be helpful. Avoid drinking tap water or cooking with it.<\/p>\n<p class=\"western\"><strong>6. Avoid eating red meat \u2013<\/strong> red meat is high in additives such as antibiotics and is also high in carcinogens. This in turn influences and disrupts your normal body rhythm. Red meat also causes your body to heat up too quickly which can cause an imbalance in your resting versus active phases.<\/p>\n<p class=\"western\"><strong>7. Eating fatty fish and taking oils high in Omega-3<\/strong> \u2013 Omega three is good for the brain, the heart and your health. It helps promote a balance in your sleep cycles and promotes blissful sleep. It allows a good flow of energy into your third eye chakra<\/p>\n<p class=\"western\"><strong>8. Enough rest and sleep<\/strong> \u2013 Abusing your waking life can lead into a stressed third eye chakra. If you do not have enough sleep, your subconscious and conscious mind will be imbalanced. You need to have enough sleep in order for your pineal gland to rest and to recuperate from the day's activities.<\/p>\n<h2 class=\"western\">Importance of Third Eye Detoxify<\/h2>\n<p class=\"western\">When you detoxify your body you feel good. When you detoxify your mind you think well. But when you detoxify your third eye chakra, you both cleanse your mind and body. This has to be periodically done in order to attain balance and peace.<\/p>\n<p><\/p>","protected":false},"excerpt":{"rendered":"<p>Disculpa, pero esta entrada est\u00e1 disponible s\u00f3lo en Ingl\u00e9s Estadounidense. For the sake of viewer convenience, the content is shown below in the alternative language. You may click the link to switch the active language. We are all filled with energies. Our bodies resonate energies. And through our bodies lie seven energy centers called the chakras. One of the most important chakras is the pineal gland or the the third eye chakra. This seat of energy connects both our physical and spiritual abilities. But as we grow into adulthood, the pineal gland gets calcified or blocked. This causes various issues <\/p>\n","protected":false},"author":1,"featured_media":1666,"parent":0,"menu_order":0,"comment_status":"open","ping_status":"closed","template":"","meta":{"footnotes":""},"_links":{"self":[{"href":"https:\/\/www.signalriver.com\/es\/wp-json\/wp\/v2\/pages\/1441"}],"collection":[{"href":"https:\/\/www.signalriver.com\/es\/wp-json\/wp\/v2\/pages"}],"about":[{"href":"https:\/\/www.signalriver.com\/es\/wp-json\/wp\/v2\/types\/page"}],"author":[{"embeddable":true,"href":"https:\/\/www.signalriver.com\/es\/wp-json\/wp\/v2\/users\/1"}],"replies":[{"embeddable":true,"href":"https:\/\/www.signalriver.com\/es\/wp-json\/wp\/v2\/comments?post=1441"}],"version-history":[{"count":1,"href":"https:\/\/www.signalriver.com\/es\/wp-json\/wp\/v2\/pages\/1441\/revisions"}],"predecessor-version":[{"id":1442,"href":"https:\/\/www.signalriver.com\/es\/wp-json\/wp\/v2\/pages\/1441\/revisions\/1442"}],"wp:featuredmedia":[{"embeddable":true,"href":"https:\/\/www.signalriver.com\/es\/wp-json\/wp\/v2\/media\/1666"}],"wp:attachment":[{"href":"https:\/\/www.signalriver.com\/es\/wp-json\/wp\/v2\/media?parent=1441"}],"curies":[{"name":"wp","href":"https:\/\/api.w.org\/{rel}","templated":true}]}}