{"id":175,"date":"2012-04-02T21:05:44","date_gmt":"2012-04-02T21:05:44","guid":{"rendered":"http:\/\/www.signalriver.com\/?page_id=175"},"modified":"2018-04-30T20:41:34","modified_gmt":"2018-04-30T20:41:34","slug":"how-to-remember-your-dreams","status":"publish","type":"page","link":"https:\/\/www.signalriver.com\/es\/how-to-remember-your-dreams\/","title":{"rendered":"C\u00f3mo recordar tus sue\u00f1os"},"content":{"rendered":"<p><a href=\"https:\/\/www.signalriver.com\/es\/psychic-readings-by-phone\"><img loading=\"lazy\" decoding=\"async\" class=\"alignright size-full wp-image-370\" style=\"margin-left: 10px;\" title=\"Psychic Dream Reading\" src=\"https:\/\/www.signalriver.com\/wp-content\/uploads\/2012\/04\/dream-psychic-reading.gif\" alt=\"Psychic Dream Reading\" width=\"200\" height=\"267\" \/><\/a>Cada noche creas un mundo de fantas\u00edas en tu mente, una mezcla de las cosas que has visto, o\u00eddo o pensado, algunas cosas en las que probablemente no has pensado conscientemente por a\u00f1os, y algunas cosas que parecen completamente aleatorias y nuevas para ti.<\/p>\n<p>Aqu\u00ed te dir\u00e9 <strong>c\u00f3mo recordar tus sue\u00f1os<\/strong>.\u00a0 Con tan solo un poco de pr\u00e1ctica se puede ser realmente bueno en ello.<\/p>\n<h2>\u00bfPor qu\u00e9 aprender a recordar los sue\u00f1os?<\/h2>\n<p>Si sabes <em>c\u00f3mo recordar tus sue\u00f1os<\/em> no solo puedes disfrutar de las historias que creas, sino que tambi\u00e9n puedes aprender a interpretar los mensajes que tu inconsciente intenta darte, resolver problemas actuales y pasados, conseguir una lectura interpretada del sue\u00f1o por parte de un ps\u00edquico, alg\u00fan sue\u00f1o l\u00facido, viaje astral o proyecci\u00f3n (que es donde tu esp\u00edritu abandona tu cuerpo por un poco tiempo), e incluso a veces predecir el futuro o el sue\u00f1o de algo que est\u00e1 ocurriendo en ese momento.<\/p>\n<p><strong><span style=\"font-size: 18px;\"><a title=\"Lectura de Sue\u00f1os Ps\u00edquicos\" href=\"https:\/\/www.signalriver.com\/es\/psychic-readings-by-phone\">Descubre el verdadero significado de tu sue\u00f1o con una lectura de sue\u00f1o ps\u00edquico<\/a><\/span><\/strong><\/p>\n<p>Con pr\u00e1ctica tambi\u00e9n puedes convertirte en un buen lector de sue\u00f1os - interpretando los mensajes del subconsciente para ti mismo, tus amigos y familia e incluso como si fuera un trabajo.<\/p>\n<p>Me ense\u00f1\u00e9 a m\u00ed mismo a recordar sue\u00f1os cuando ten\u00eda como 13 a\u00f1os y lo bueno es que fue muy f\u00e1cil, adem\u00e1s que realmente solo me tom\u00f3 como un mes o dos el dominarlo, y voy a decirte aqu\u00ed c\u00f3mo lo logr\u00e9, y tambi\u00e9n te ofrecer\u00e9 otros m\u00e9todos que podr\u00edas necesitar.<\/p>\n<h3>7 Sencillos Pasos para Recordar tus Sue\u00f1os<\/h3>\n<ol>\n<li>Ve a la cama con la intenci\u00f3n de recordarlos.<br \/>\n<span style=\"color: #ffffff;\">.<\/span><\/li>\n<li>Deja un bol\u00edgrafo y papel (tu diario de sue\u00f1os) en tu lado de la cama.<br \/>\n<span style=\"color: #ffffff;\">.<\/span><\/li>\n<li>Intenta asegurarte de que duermes lo suficiente, usualmente no recuerdo mis sue\u00f1os si no lo hago. (Creo que eso es porque una vez que has dormido lo suficientemente profundo entras en una fase m\u00e1s ligera en donde sue\u00f1as. No hay sue\u00f1os en una siesta demasiado profunda, y aunque los hubieses de tener, no los recordar\u00edas)<br \/>\n<span style=\"color: #ffffff;\">.<\/span><\/li>\n<li>Apenas despiertes, escribe lo que sea que recuerdes de tu sue\u00f1o. Puedes incluir dibujos, notas y cualquier cosa que te ayude a hacerlo. Aseg\u00farate de escribir cosas dichas o di\u00e1logos primero, ya que tienden a ser olvidarse muy r\u00e1pidamente.<br \/>\n<span style=\"color: #ffffff;\">.<\/span><\/li>\n<li>Escribe cualquier emoci\u00f3n fuerte o sentimiento proveniente del sue\u00f1o.\u00a0 \u00a0\u00bfTuviste alg\u00fan sentimiento por alguien o algo? An\u00f3talo, porque ayudar\u00e1 mucho con la interpretaci\u00f3n del sue\u00f1o.<br \/>\n<span style=\"color: #ffffff;\">.<\/span><\/li>\n<li>\u00bfNo escribes tus sue\u00f1os o no le das importancia a ello? (Deber\u00edas porque ayuda mucho, pero incluso yo s\u00e9 que algunas veces daba pereza).  Solo sigue y mantente enfocado en los detalles del sue\u00f1o dentro de tu cabeza, y si es posible dile a alguien sobre \u00e9stos, pues decirlos en voz alta realmente te ayuda a recordarlo mejor. (Ten cuidado de dar a conocer cosas que no quer\u00edas, a veces los mensajes de sue\u00f1o que parecen muy macabros pueden volverse obvios cuando los cuentas y puede que no quieras esto).<br \/>\n<span style=\"color: #ffffff;\">.<\/span><\/li>\n<li>\u00a1Vuelve y rep\u00edtelo todo, en 1-2 meses deber\u00edas tener tu regreso de sue\u00f1os mucho mejor y as\u00ed la diversi\u00f3n puede empezar! Rinse and repeat, in 1-2 months you should find your dream recall Much much improved and then the fun can begin!<\/li>\n<\/ol>\n<p>\u00a1Te dije que era f\u00e1cil!<\/p>\n<h3>C\u00f3mo Recordar tus Sue\u00f1os - Tips<\/h3>\n<p>Si tienes problemas recordando el recordar tus sue\u00f1os (!), intenta dejarte a ti mismo una peque\u00f1a nota donde la puedas ver apenas despiertes.<\/p>\n<p>Cuando recuerdes algunos sue\u00f1os, piensa en ellos regularmente a lo largo del d\u00eda y antes de que te vayas a la cama, y prep\u00e1rate para hacer funcionar tu memoria de un tir\u00f3n.\u00a0Muy a menudo cuando la tarde se acerca y me preparo para ir a la cama, el mero pensamiento de ir a la cama le da a mi memoria un empujoncito de sue\u00f1os anteriormente olvidados en la noche anterior.<\/p>\n<p>Si est\u00e1s muy ansioso (y eres un buen dormil\u00f3n), puede que quieras intentar despertarte en medio de la noche para escribir tus sue\u00f1osn.\u00a0 Nunca vi necesario hacer esto pero tambi\u00e9n es una t\u00e9cnica popular para aquellos que quieren controlar sus sue\u00f1os (so\u00f1ar l\u00facidamente).<\/p>\n<p>Ocasionalmente he conocido personas que hacen este proceso, se vuelven buenos recordando sue\u00f1os y de pronto ya no pueden recordarlos del todo por un tiempo. Si esto te ocurre es probablemente una se\u00f1al de que no est\u00e1s listo a\u00fan para escuchar todos los mensajes de tu subconsciente. Deja de intentarlo por unos pocos meses o hasta que se sienta bien, \u00a1luego int\u00e9ntalo de nuevo y f\u00edjate qu\u00e9 ocurre!<\/p>\n<h2>C\u00f3mo Recordar Tus Sue\u00f1os - Conclusi\u00f3n<\/h2>\n<p>Con un poco de pr\u00e1ctica con el m\u00e9todo expuesto arriba, te volver\u00e1s realmente bueno recordando sue\u00f1os, luego depender\u00e1 de ti a d\u00f3nde quieres llevar eso, el so\u00f1ar l\u00facidamente es una grandiosa pr\u00f3xima parada - alg\u00fan vuelo de fantas\u00eda a voluntad, o ir a cualquier lugar o ver lo que sea, \u00a1\u00bf\u00bfo simplemente aventuras locas a consciencia??!<\/p>\n<p>&nbsp;<\/p>\n<p><span style=\"font-size: 16px;\"><strong><span style=\"color: #ff0000;\">\u00bfHas tenido un sue\u00f1o que te gustar\u00eda que fuera interpretado? <\/span><\/strong><\/span><\/p>\n<p><span style=\"font-size: 16px;\"><strong><span style=\"color: #ff0000;\">\u00bfTuviste un sue\u00f1o recurrente o que tuviera un gran impacto en ti?<\/span><\/strong><\/span><\/p>\n<p>Si la respuesta a alguna de estas preguntas es <strong>s\u00ed<\/strong>, podr\u00edas salir beneficiado por la interpretado de un lector de sue\u00f1os.<\/p>\n<p>Para averiguar lo que tu subconsciente intenta decirte, o si tu sue\u00f1o en realidad predice eventos futuros, mira estos excelentes <strong><a title=\"Lectores de Sue\u00f1o\" href=\"https:\/\/www.signalriver.com\/es\/psychic-readings-by-phone\">lectores e int\u00e9rpretes de sue\u00f1os ps\u00edquicos<\/a>.<\/strong><\/p>","protected":false},"excerpt":{"rendered":"<p>Cada noche creas un mundo de fantas\u00edas en tu mente, una mezcla de las cosas que has visto, o\u00eddo o pensado, algunas cosas en las que probablemente no has pensado conscientemente por a\u00f1os, y algunas cosas que parecen completamente aleatorias y nuevas para ti. Aqu\u00ed te dir\u00e9 c\u00f3mo recordar tus sue\u00f1os.\u00a0 Con tan solo un poco de pr\u00e1ctica se puede ser realmente bueno en ello. \u00bfPor qu\u00e9 aprender a recordar los sue\u00f1os? Si sabes c\u00f3mo recordar tus sue\u00f1os no solo puedes disfrutar de las historias que creas, sino que tambi\u00e9n puedes aprender a interpretar los mensajes que tu inconsciente intenta <\/p>\n","protected":false},"author":1,"featured_media":1665,"parent":0,"menu_order":22,"comment_status":"open","ping_status":"open","template":"","meta":{"footnotes":""},"_links":{"self":[{"href":"https:\/\/www.signalriver.com\/es\/wp-json\/wp\/v2\/pages\/175"}],"collection":[{"href":"https:\/\/www.signalriver.com\/es\/wp-json\/wp\/v2\/pages"}],"about":[{"href":"https:\/\/www.signalriver.com\/es\/wp-json\/wp\/v2\/types\/page"}],"author":[{"embeddable":true,"href":"https:\/\/www.signalriver.com\/es\/wp-json\/wp\/v2\/users\/1"}],"replies":[{"embeddable":true,"href":"https:\/\/www.signalriver.com\/es\/wp-json\/wp\/v2\/comments?post=175"}],"version-history":[{"count":29,"href":"https:\/\/www.signalriver.com\/es\/wp-json\/wp\/v2\/pages\/175\/revisions"}],"predecessor-version":[{"id":1404,"href":"https:\/\/www.signalriver.com\/es\/wp-json\/wp\/v2\/pages\/175\/revisions\/1404"}],"wp:featuredmedia":[{"embeddable":true,"href":"https:\/\/www.signalriver.com\/es\/wp-json\/wp\/v2\/media\/1665"}],"wp:attachment":[{"href":"https:\/\/www.signalriver.com\/es\/wp-json\/wp\/v2\/media?parent=175"}],"curies":[{"name":"wp","href":"https:\/\/api.w.org\/{rel}","templated":true}]}}