{"id":1798,"date":"2018-05-10T01:59:07","date_gmt":"2018-05-10T01:59:07","guid":{"rendered":"https:\/\/www.signalriver.com\/?page_id=1798"},"modified":"2018-05-10T02:06:50","modified_gmt":"2018-05-10T02:06:50","slug":"understanding-tarot","status":"publish","type":"page","link":"https:\/\/www.signalriver.com\/es\/understanding-tarot\/","title":{"rendered":"(English) Understanding the Tarot"},"content":{"rendered":"<p class=\"qtranxs-available-languages-message qtranxs-available-languages-message-es\">Disculpa, pero esta entrada est\u00e1 disponible s\u00f3lo en <a href=\"https:\/\/www.signalriver.com\/en\/wp-json\/wp\/v2\/pages\/1798\" class=\"qtranxs-available-language-link qtranxs-available-language-link-en\" title=\"English\">Ingl\u00e9s Estadounidense<\/a>. For the sake of viewer convenience, the content is shown below in the alternative language. You may click the link to switch the active language.<\/p><p><strong>The Basics of Tarot<\/strong><\/p>\n<p>The art of tarot has been a popular yet mysterious practice that\u2019s been used and respected for centuries. Whether you\u2019re new to this form of divination or not, understanding the nuances is important. In addition, <strong>knowing the subtleties of the art is essential to getting the answers you seek.<\/strong><\/p>\n<p>While some religious people believe that using tarot to determine the past, present, or future is immoral, millions of soothsayers, religious followers and adventurous individuals around the world still practice it.<\/p>\n<p>Regardless of your personal beliefs, well done tarot readings can be very telling and helpful for those who understand how to use it.<\/p>\n<p>Depending on which side of the table you\u2019re sitting, a good psychic reading using tarot cards is an eye-opening experience that often leaves people shaken up yet feeling enthusiastic about the future.<\/p>\n<h2>What Is The Tarot?<\/h2>\n<p><img loading=\"lazy\" decoding=\"async\" class=\"alignright size-full wp-image-1804\" src=\"https:\/\/www.signalriver.com\/wp-content\/uploads\/2018\/05\/guardian-water.jpg\" alt=\"\" width=\"350\" height=\"525\" srcset=\"https:\/\/www.signalriver.com\/wp-content\/uploads\/2018\/05\/guardian-water.jpg 350w, https:\/\/www.signalriver.com\/wp-content\/uploads\/2018\/05\/guardian-water-200x300.jpg 200w\" sizes=\"(max-width: 350px) 100vw, 350px\" \/><\/p>\n<p>Tarot is a complicated form of divination that requires years of practice to master. Put simply, however, it is merely a <strong>deck of cards featuring various symbols or archetypes which represent different parts of the human experience. <\/strong><\/p>\n<p>Known to some psychics as \u201ca map of the spirit,\u201d tarot decks create a bird\u2019s-eye visual that, when explained properly, can be easily understood, and used to guide decisions.<\/p>\n<p>This otherwise complex divination system uses a set of specially designed cards to help readers and knowledge seekers gain insights on various parts of their physical, mental, emotional, and spiritual lives. Typically focused on help a person achieve better control over personal issues like life changes, opportunities, and personal relationships, a properly executed tarot reading is very telling.<\/p>\n<h2>A Brief History of the Art of Tarot<\/h2>\n<p>Tarot reading have been used for thousands of years to help curious individuals gain a better understanding of their mysterious and sometimes unpredictable world. However, the use of tarot decks is only about 600 years old. Despite it\u2019s relative youth, tarot decks are specifically designed to be a repository of ancient wisdom. Regardless, the details of the history of tarot is still shrouded in secret.<\/p>\n<p><strong>The modern tarot deck is merely a subset of the much larger and more complicated deck used in antiquity.<\/strong> While some believe that the original deck came from China, Spain, or Italy, others swear that the first decks originated in Egypt, India, or France. However, the origins of the first tarot deck are inconsequential to the main objective \u2013 using tarot to open the mind and soul for the purposes of better understanding and accepting things that remain hidden.<\/p>\n<h2>How Is a Tarot Deck Organized?<\/h2>\n<p><img loading=\"lazy\" decoding=\"async\" class=\"alignright size-full wp-image-1799\" src=\"https:\/\/www.signalriver.com\/wp-content\/uploads\/2018\/05\/Lovers-Card.jpg\" alt=\"Lovers Tarot Card\" width=\"300\" height=\"518\" srcset=\"https:\/\/www.signalriver.com\/wp-content\/uploads\/2018\/05\/Lovers-Card.jpg 300w, https:\/\/www.signalriver.com\/wp-content\/uploads\/2018\/05\/Lovers-Card-174x300.jpg 174w\" sizes=\"(max-width: 300px) 100vw, 300px\" \/>When tarot decks were first introduced to the psychic community, there were only a handful of decks available. Fortunately, there are a wide variety of tarot decks used in modern times with all different and wonderful types of artwork and themes.<\/p>\n<p>Although the type of deck used depends heavily on the preference of the psychic performing the reading, the main properties of a well-made tarot usually deck features the same basic cards.<\/p>\n<p>Based on tradition, the typical tarot deck contains 72 to 78 fortune-telling cards, usually with the following four suits:<\/p>\n<ul>\n<li>Swords<\/li>\n<li>Cups<\/li>\n<li>Pentacles (coins)<\/li>\n<li>Wands (batons or staves)<\/li>\n<\/ul>\n<p>Understanding the occult symbolism of the various suits requires some creativity and imagination. However, those who possess an adequate understanding of symbolic knowledge are more easily able to comprehend the meanings as they arise from the deck. The often-hidden forces driving nature and man are intuitively blended together in the symbols, and then they are used primarily for teaching the fundamental principles of esoteric aesthetics.<\/p>\n<p>The general division of the typical deck of tarot cards is divided further as follows, with each card having a special name and meaning:<\/p>\n<ul>\n<li>The Hanged Man<\/li>\n<li>The Magician<\/li>\n<li>Death<\/li>\n<li>The Emperor<\/li>\n<li>The Empress<\/li>\n<li>The High Priestess<\/li>\n<li>The Devil<\/li>\n<li>The Chariot<\/li>\n<li>The Lovers<\/li>\n<li>The Tower<\/li>\n<li>The Hierophant<\/li>\n<li>The Star<\/li>\n<li>The Moon<\/li>\n<li>The Sun<\/li>\n<li>The Hermit<\/li>\n<li>The Fool<\/li>\n<li>The Wheel of Fortune<\/li>\n<li>The World<\/li>\n<li>Strength<\/li>\n<li>Justice<\/li>\n<li>Judgement<\/li>\n<li>Temperance<\/li>\n<\/ul>\n<p>Usually, a complete pack of tarot cards contains those special cards which are then divided into the four suits mentioned above. There are usually additional picture cards \u2013 King, Queen, and Knave\/Knight \u2013 one of each for each of the suits. As mentioned, however, not all tarot decks are the same, nor are they all set up in the same manner.<\/p>\n<h2>How Are Tarot Cards Read?<\/h2>\n<div id=\"attachment_1801\" style=\"width: 310px\" class=\"wp-caption alignright\"><a href=\"http:\/\/www.gaiantarot.com\/\"><img loading=\"lazy\" decoding=\"async\" aria-describedby=\"caption-attachment-1801\" class=\"wp-image-1801 size-medium\" src=\"https:\/\/www.signalriver.com\/wp-content\/uploads\/2018\/05\/tarot-seeker-blessing-300x300.jpg\" alt=\"Some images courtesy of the Gaian Tarot\" width=\"300\" height=\"300\" srcset=\"https:\/\/www.signalriver.com\/wp-content\/uploads\/2018\/05\/tarot-seeker-blessing-300x300.jpg 300w, https:\/\/www.signalriver.com\/wp-content\/uploads\/2018\/05\/tarot-seeker-blessing-150x150.jpg 150w, https:\/\/www.signalriver.com\/wp-content\/uploads\/2018\/05\/tarot-seeker-blessing.jpg 600w\" sizes=\"(max-width: 300px) 100vw, 300px\" \/><\/a><p id=\"caption-attachment-1801\" class=\"wp-caption-text\">Some images courtesy of the Gaian Tarot<\/p><\/div>\n<p>Although the basic origins of the modern-day tarot deck are generally unknown, one thing is certain \u2013 there are no real rules to how a tarot reading must take place. In fact, tarot readers must adhere to only one steadfast rule: use Hermetic symbolism to initiate and identify various intuitive processes. That\u2019s it.<\/p>\n<p>However, many novice tarot card readers and seasoned psychics use tested layouts to suffice their own metaphysical interpretation of the cards drawn. In general, the cards chosen can fall into two main categories: major arcana and minor arcana. Depending on the placement of the cards and their general symbolism, the tarot reading is conducted using the reader\u2019s own understanding.<\/p>\n<p>The most commonly division of tarot cards features three parts: 1) with 21 numbered cards, 2) with only 1 card, and 3) with 56 cards. In general, the second part of the layout coincides with the first and third parts in numerous esoteric ways depending on various factors. Moreover, the layout of the cards on the table further determines the outcome of the reading \u2013 combining and comparing the relationship between God, Man, and the Universe for a highly customized outcome based on intuition, ideas, consciousness, and the properties of the physical world.<\/p>\n<h2>Important points about using and getting readings with the Tarot<\/h2>\n<p><img loading=\"lazy\" decoding=\"async\" class=\"alignright size-medium wp-image-1800\" src=\"https:\/\/www.signalriver.com\/wp-content\/uploads\/2018\/05\/Fool-Tarot-Card-172x300.jpg\" alt=\"Fool Tarot Card\" width=\"172\" height=\"300\" srcset=\"https:\/\/www.signalriver.com\/wp-content\/uploads\/2018\/05\/Fool-Tarot-Card-172x300.jpg 172w, https:\/\/www.signalriver.com\/wp-content\/uploads\/2018\/05\/Fool-Tarot-Card-587x1024.jpg 587w, https:\/\/www.signalriver.com\/wp-content\/uploads\/2018\/05\/Fool-Tarot-Card.jpg 746w\" sizes=\"(max-width: 172px) 100vw, 172px\" \/>Although some people think that tarot cannot tell the future, the deck\u2019s ability to render unknown information is determined by both the reader and receiver\u2019s willingness to be open-minded.<\/p>\n<p>In short, you\u2019re likely to find out what you came looking for if you\u2019re open to the legitimacy of the deck. However, it\u2019s important to note that any interpretations made by the psychic are contingent upon choices you make from that moment on. Follow your intuition and maybe even consider learning the tarot yourself!<\/p>\n<p>If you want to get a tarot reading by a trained psychic then take a look at my <a href=\"https:\/\/www.signalriver.com\/\">guide to getting great psychic readings<\/a><\/p>\n<p>&nbsp;<\/p>\n<p>&nbsp;<\/p>\n<p>&nbsp;<\/p>","protected":false},"excerpt":{"rendered":"<p>Disculpa, pero esta entrada est\u00e1 disponible s\u00f3lo en Ingl\u00e9s Estadounidense. For the sake of viewer convenience, the content is shown below in the alternative language. You may click the link to switch the active language.The Basics of Tarot The art of tarot has been a popular yet mysterious practice that\u2019s been used and respected for centuries. Whether you\u2019re new to this form of divination or not, understanding the nuances is important. In addition, knowing the subtleties of the art is essential to getting the answers you seek. While some religious people believe that using tarot to determine the past, present, <\/p>\n","protected":false},"author":1,"featured_media":1802,"parent":0,"menu_order":0,"comment_status":"closed","ping_status":"closed","template":"","meta":{"footnotes":""},"_links":{"self":[{"href":"https:\/\/www.signalriver.com\/es\/wp-json\/wp\/v2\/pages\/1798"}],"collection":[{"href":"https:\/\/www.signalriver.com\/es\/wp-json\/wp\/v2\/pages"}],"about":[{"href":"https:\/\/www.signalriver.com\/es\/wp-json\/wp\/v2\/types\/page"}],"author":[{"embeddable":true,"href":"https:\/\/www.signalriver.com\/es\/wp-json\/wp\/v2\/users\/1"}],"replies":[{"embeddable":true,"href":"https:\/\/www.signalriver.com\/es\/wp-json\/wp\/v2\/comments?post=1798"}],"version-history":[{"count":6,"href":"https:\/\/www.signalriver.com\/es\/wp-json\/wp\/v2\/pages\/1798\/revisions"}],"predecessor-version":[{"id":1810,"href":"https:\/\/www.signalriver.com\/es\/wp-json\/wp\/v2\/pages\/1798\/revisions\/1810"}],"wp:featuredmedia":[{"embeddable":true,"href":"https:\/\/www.signalriver.com\/es\/wp-json\/wp\/v2\/media\/1802"}],"wp:attachment":[{"href":"https:\/\/www.signalriver.com\/es\/wp-json\/wp\/v2\/media?parent=1798"}],"curies":[{"name":"wp","href":"https:\/\/api.w.org\/{rel}","templated":true}]}}