{"id":18,"date":"2020-07-30T14:57:26","date_gmt":"2020-07-30T14:57:26","guid":{"rendered":"http:\/\/www.signalriver.com\/?page_id=18"},"modified":"2022-07-05T19:12:33","modified_gmt":"2022-07-05T19:12:33","slug":"find-the-best-psychics-online-at-signal-river","status":"publish","type":"page","link":"https:\/\/www.signalriver.com\/es\/","title":{"rendered":"Encuentra los Mejores Ps\u00edquicos en L\u00ednea con Signal River"},"content":{"rendered":"<p>Hola y gracias por detenerte por mi p\u00e1gina, <strong>Lucy's\u00a0<strong>Signal River donde puedes encontrar las mejores lecturas de ps\u00edquicos (en espa\u00f1ol) en l\u00ednea!<\/strong><\/strong><\/p>\n<p>\u00a1Yo soy Lucy, un gusto conocerte!<\/p>\n<p><strong>Yo he hecho est\u00e1 p\u00e1gina web como recurso para personas que est\u00e1n: <\/strong><\/p>\n<ul>\n<li>Queriendo saber como encontrar buena y genuinas lecturas de ps\u00edquicos en l\u00ednea o por tel\u00e9fono<\/li>\n<li>Queriendo ver\u00a0los <a title=\"Psychic Reading Reviews\" href=\"https:\/\/www.signalriver.com\/es\/psychic-reading-reviews\/\">mejores an\u00e1lisis de lecturas de ps\u00edquicos<\/a>, o<\/li>\n<li>Interesado en art\u00edculos intrigrantes acerca de asuntos espirituales, tales como <strong>\"<\/strong>\u00bfLos animales tienen almas?<strong>\"<\/strong> y <strong>\"<\/strong>\u00bfC\u00f3mo encontrar a tu alma gemela?<strong>\".<\/strong><\/li>\n<\/ul>\n<p>Yo he tenido lecturas ps\u00edquicas por muchos a\u00f1os ahora, y he tenido que conocer muchos ps\u00edquicos y clarividantes, y tambi\u00e9n he incursionado en la lectura del tarot por un largo tiempo.<\/p>\n<p>Yo he tenido algunas realmente malas lecturas, y algunas que fueron espeluznantemente acertadas y mientras yo he aprendido que nunca puedes estar 100% seguro de una excelente lectura, tampoco obtener una 100% acertada, sin embargo <strong>hay lugares para ir y cosas que mirar por lo que puedes mejorar la calidad de tus lecturas dramaticamente.<\/strong><\/p>\n<p>As\u00ed que pens\u00e9 que podr\u00eda compartir mi conocimiento y experiencia aqu\u00ed, as\u00ed como tambi\u00e9n profundizar en algunas cosas m\u00e1s intrigantes relacionadas con capacidad ps\u00edquica, las cuestiones espirituales y m\u00e1s.<\/p>\n<p>\u00a1Este sitio ser\u00e1 \u00fatil para lectores ps\u00edquicos veteranos como tambi\u00e9n para los que apenas est\u00e1n tocando el agua!<\/p>\n<p><span style=\"font-size: 16px;\"><a title=\"Best psychic readings\" href=\"#best\"><strong>\u00bfS\u00f3lo quieres saber el mejor lugar para lecturas ps\u00edquicas<\/strong><\/a><\/span><\/p>\n<h2>\u00bfQu\u00e9 hay en el sitio Signal River?<\/h2>\n<p>Encontrar\u00e1s an\u00e1lisis de los mejores ps\u00edquicos en l\u00ednea que ofrecen lecturas por tel\u00e9fono, correo, y tambi\u00e9n chat. Adem\u00e1s encontrar\u00e1s mis consejos en c\u00f3mo prepararte para una lectura, estafadores que puedas ver y que esperar - puedes llegar a saber lo que un ps\u00edquico te puede o no llegar a decir.<\/p>\n<p>Estoy fascinada por temas como Gu\u00edas Animales Espirituales, la media naranjaa y almas gemelas y as\u00ed<strong> estar\u00eda preguntando cosas como:<\/strong><\/p>\n<ul>\n<li>\"\u00bfQu\u00e9 son las Se\u00f1ales de las Almas Gemelas?\"<\/li>\n<li>\"\u00bfQu\u00e9 son los s\u00edntomas del despertar espiritual?\"<\/li>\n<\/ul>\n<p><strong>Encontrar\u00e1s gu\u00edas \u00fatiles aqu\u00ed<\/strong> como tambi\u00e9n en t\u00f3picos tales como<\/p>\n<ul>\n<li>\"\u00bfC\u00f3mo puedo encontrar a mi media naranja?\"<\/li>\n<li>\"\u00bfC\u00f3mo desarrollar mis propias habilidades ps\u00edquicas?\"<\/li>\n<li>\"\u00bfC\u00f3mo puedo recordar mis sue\u00f1os?<\/li>\n<\/ul>\n<p>\u00bfPor qu\u00e9 no revisar mi hor\u00f3scopo diario mientras est\u00e1s aqu\u00ed?<\/p>\n<h2><a name=\"best\"><\/a>\"No tengo tiempo para esto - S\u00f3lo enviame los mejores ps\u00edquicos ahora\"<\/h2>\n<p>Si usted est\u00e1 en un apuro y s\u00f3lo quieres un peque\u00f1o resumen de los mejores ps\u00edquicos, aqu\u00ed van:<\/p>\n<h3><strong>Los mejores lectores ps\u00edquicos por tel\u00e9fono<\/strong><\/h3>\n<p>Mientras que cada servicio telef\u00f3nico de ps\u00edquicos tiene sus pros y contras (y clarividentes mejores y peores), en general me he encontrado que esta organizaci\u00f3n tiene uno de los mejores niveles de precisi\u00f3n. Te dan 3 minutos libres que le da tiempo para conseguir la sensaci\u00f3n de lo ps\u00edquico que ha elegido. Psychic Source est\u00e1 aqu\u00ed en los EE.UU.<\/p>\n<p><a title=\"Psychic Source Phone Readings\" href=\"https:\/\/www.signalriver.com\/psychic-source-espanol\">Psychic Source Lectura por Tel\u00e9fono en Espa\u00f1ol<\/a><br \/>\n<img loading=\"lazy\" decoding=\"async\" class=\" jvnvzowfelrticbiaejf jvnvzowfelrticbiaejf jvnvzowfelrticbiaejf jvnvzowfelrticbiaejf jvnvzowfelrticbiaejf jvnvzowfelrticbiaejf jvnvzowfelrticbiaejf jvnvzowfelrticbiaejf jvnvzowfelrticbiaejf jvnvzowfelrticbiaejf jvnvzowfelrticbiaejf jvnvzowfelrticbiaejf wdgjolwqynwbexbnvvub wdgjolwqynwbexbnvvub wdgjolwqynwbexbnvvub wdgjolwqynwbexbnvvub wdgjolwqynwbexbnvvub wdgjolwqynwbexbnvvub wdgjolwqynwbexbnvvub wdgjolwqynwbexbnvvub wdgjolwqynwbexbnvvub wdgjolwqynwbexbnvvub wdgjolwqynwbexbnvvub wdgjolwqynwbexbnvvub wdgjolwqynwbexbnvvub wdgjolwqynwbexbnvvub wdgjolwqynwbexbnvvub wdgjolwqynwbexbnvvub wdgjolwqynwbexbnvvub wdgjolwqynwbexbnvvub wdgjolwqynwbexbnvvub wdgjolwqynwbexbnvvub wdgjolwqynwbexbnvvub wdgjolwqynwbexbnvvub putcemgkbhsvkzyfgsgq putcemgkbhsvkzyfgsgq bkqcdgnwrfxweiqwbgsh bkqcdgnwrfxweiqwbgsh ofoeoataqesavxegcxuw ofoeoataqesavxegcxuw\" style=\"display: none !important;\" src=\"http:\/\/www.lduhtrp.net\/image-5710562-1100798\" alt=\"\" width=\"1\" height=\"1\" border=\"0\" \/><\/p>\n<h3><strong>Mejores lectores ps\u00edquicos por correo<\/strong><\/h3>\n<p>He estado usando estas damas por alrededor de un a\u00f1o y estoy muy impresionado con este servicio de lectura de correo electr\u00f3nico desde el Reino Unido.<\/p>\n<p><a title=\"Best Psychic Email Readings\" href=\"http:\/\/www.stormjewelspsychics.com\/es\/psychic-email-readings\/\">Ps\u00edquicos de Stormjewel Lectura por Correo (solo en ingles)<\/a><\/p>\n<h3><strong>Mejor Chat Ps\u00edquico<\/strong><\/h3>\n<p>Este es una relativamente nueva manera de obtener lecutras ps\u00edquicas pero hasta ahora mi favorita es por Video Chat es Oranum. Puedes obtener una sesi\u00f3n gratuita con un ps\u00edquico o pagar por una lectura privada. Oranum es accesado por todo el mundo.<\/p>\n<p><a title=\"Oranum Psychic Chat\" href=\"https:\/\/www.signalriver.com\/Oranum-Espanol\">Chat Ps\u00edquico Oranum en Espa\u00f1ol<\/a><\/p>\n<h3><\/h3>\n<h2><strong>Volviendo a lo que obtendr\u00e1 de este sitio...<\/strong><\/h2>\n<p>Como ya he mencionado, hay opiniones de algunos de los principales contendientes en el mundo de lecturas ps\u00edquicas (con m\u00e1s que se a\u00f1aden cada vez), pero tambi\u00e9n hay informaci\u00f3n sobre c\u00f3mo avanzar en su desarrollo espiritual y aprender nuevas habilidades.<\/p>\n<p><strong>\u00bfPor qu\u00e9 es importante?<\/strong> Porque<strong> un ps\u00edquico en si mismo no puede darle progresar en su vida, pero puede ofrecerla las herramientas, corage y validaci\u00f3n para que tengas un comienzo en tu camino,<\/strong> <strong>contin\u00fao o incluso cambios en tu vida completamente<\/strong>.<\/p>\n<blockquote><p>\u00a0<em>Eres el que debe tomar lo que has aprendido en su lectura ps\u00edquica y ponerlo en practica.<\/em><\/p><\/blockquote>\n<p>Los mejores ps\u00edquicos pueden mostrarle el camino pero usted es el que debe optar por caminar por ella! Pero este sitio te ayuda con eso.<\/p>\n<h2>Las lecturas ps\u00edquicas en l\u00ednea son buenas para...<\/h2>\n<h3><strong>B\u00fasqueda del amor<\/strong><\/h3>\n<p>Es com\u00fan el uso de un ps\u00edquico para mirar en su vida amorosa, y he tenido muy buenos resultados de usarlos para esto.<\/p>\n<p>Ps\u00edquicos talentosos son buenos en la detecci\u00f3n cuando la energ\u00eda tendr\u00e1 la oportunidad de conectar con alguien rom\u00e1nticamente, y se puede ofrecer un marco de tiempo que es probable que conocer a alguien, y lugares para ir o cosas para usar que le ayudar\u00e1 a lo largo de este.<\/p>\n<h3><strong>Consejo en relaciones<\/strong><\/h3>\n<p>Otra excelente tiempo para consultar a un ps\u00edquico cuando este en una relaci\u00f3n.<\/p>\n<p>Si usted acaba de comenzar a ver a alguien y quieren saber si van a llamar de nuevo, o si tienen buenas intenciones, o lo que est\u00e1 pasando en sus cabezas y corazones, un consejo de un ps\u00edquico puede ser grande.<\/p>\n<p>Clarividentes de relaciones tambi\u00e9n son muy \u00fatiles en la b\u00fasqueda en relaciones a largo plazo, tal vez ayudar a resolver los problemas y dificultades, o buscando en su futuro juntos.<\/p>\n<p>Tambi\u00e9n le puede dar consejos sobre la forma de llevar su relaci\u00f3n a un nivel m\u00e1s profundo.<\/p>\n<h3><strong>Dinero y Consejo en su Carrera<\/strong><\/h3>\n<p>Las lecturas ps\u00edquicas pueden ayudar a encontrar si est\u00e1s en el camino correcto en tu carrera, ya sea que puedas confiar en un compa\u00f1ero de negocios o asunto, y lo que el futuro te depara para una nueva aventura de negocios o movimiento en tu carrera.<\/p>\n<p>Puedes buscar por consejo en c\u00f3mo progresar en tu carrera o incluso si deber\u00edas volver a estudiar.<\/p>\n<p>El dinero es un tipo de energ\u00eda en s\u00ed mismo y por lo que los ps\u00edquicos a menudo puede predecir cu\u00e1ndo es probable que entrar o salir de su vida, y con frecuencia puede ofrecer consejos sobre c\u00f3mo aumentar el flujo de dinero por lo que haces, pensar y un desgaste uniforme.<\/p>\n<h3><strong>Grandes Elecciones en Tu Vida<\/strong><\/h3>\n<p>Si usted tiene una gran decisi\u00f3n que tomar, un ps\u00edquico explorar\u00e1 lo que ser\u00e1n las consecuencias de cada opci\u00f3n.<\/p>\n<p>(\u00bfC\u00f3mo? Porque el futuro est\u00e1 lleno de posibilidades, no fijos. Piense en ello, si fuera fijo no habr\u00eda mucho sentido en conseguir una lectura, ya que no ser\u00eda capaz de cambiar nada de todos modos).<\/p>\n<p>Esta es una de las principales razones que utilizo lecturas ps\u00edquicas, as\u00ed como el amor.<\/p>\n<h3><strong>Buscando Direcci\u00f3n<\/strong><\/h3>\n<p>A veces la gente en realidad no tienen una pregunta, pero no son m\u00e1s que generalmente buscan consejo y ayuda, y la curaci\u00f3n a veces emocional y un poco de orientaci\u00f3n.<\/p>\n<p>Si eso es lo que desea deje saber al ps\u00edquico y uno bueno te ofrecer\u00e1 maneras pr\u00e1cticas y emocionales para hacerte m\u00e1s feliz y saludable, y ayudarle a encontrar los deseos de su vida.<\/p>\n<h3><strong>Ps\u00edquicos de Mascotas<\/strong><\/h3>\n<p>\u00bfQu\u00e9 hace usted cuando su mascota de repente empieza a comportarse mal mucho, o actuando de manera extra\u00f1a? Tal vez su mascota se pierde?<\/p>\n<p>Si usted sospecha que \u00e9l o ella est\u00e1 enfermo debe consultar a un veterinario de forma natural, pero por extra\u00f1o comportamiento a un ps\u00edquico de mascotas puede ser capaz de ayudar.<\/p>\n<p>Tenga cuidado con los que dicen que pueden conversar con su mascota, yo siento que esto es poco probable, pero en lugar de lo que deben hacer es conectar con ellos emocionalmente y energ\u00e9ticamente para averiguar por qu\u00e9, por ejemplo, por qu\u00e9 no est\u00e1n respondiendo a su nombre m\u00e1s o por qu\u00e9 que de repente no est\u00e1n durmiendo en su cama.<\/p>\n<p>Asegurese que escoja un <a title=\"Do Animals Have Souls? Do Pets go to Heaven?\" href=\"https:\/\/www.signalriver.com\/es\/do-animals-have-souls\/\">ps\u00edquico que este especializado en mascotas y animales<\/a>.<\/p>\n<p><span style=\"color: #ffffff;\">.<\/span><\/p>\n<h2>Encontrando los mejores lectores ps\u00edquicos en la red<\/h2>\n<p>Echa un vistazo en el sitio para toda la verdad y comentarios en los sitios web y las lecturas ps\u00edquicas o elegir entre mis 3 mejores recomendaciones.<\/p>\n<h3>Mis Recomendaciones:<\/h3>\n<p><a title=\"Psychic Source Readings\" href=\"https:\/\/www.signalriver.com\/psychic-source-espanol\">Mejores lectores ps\u00edquicos por tel\u00e9fono en Espa\u00f1ol<\/a><\/p>\n<p><a title=\"Best psychic email readings\" href=\"https:\/\/www.signalriver.com\/es\/best-psychic-email-readings\">Mejores lectores ps\u00edquicos por correo<\/a><\/p>\n<p><a href=\"https:\/\/www.signalriver.com\/Oranum-Espanol\">Mejores lectores ps\u00edquicos por chat en Espa\u00f1ol<\/a><\/p>\n<p><strong>Cuidate<\/strong><\/p>\n<p><strong><span style=\"color: #ff00ff;\"><em><span style=\"font-size: 16px;\">Lucy<\/span><\/em><\/span><br \/>\n<\/strong><\/p>","protected":false},"excerpt":{"rendered":"<p>Hola y gracias por detenerte por mi p\u00e1gina, Lucy&#8217;s\u00a0Signal River donde puedes encontrar las mejores lecturas de ps\u00edquicos (en espa\u00f1ol) en l\u00ednea! \u00a1Yo soy Lucy, un gusto conocerte! Yo he hecho est\u00e1 p\u00e1gina web como recurso para personas que est\u00e1n: Queriendo saber como encontrar buena y genuinas lecturas de ps\u00edquicos en l\u00ednea o por tel\u00e9fono Queriendo ver\u00a0los mejores an\u00e1lisis de lecturas de ps\u00edquicos, o Interesado en art\u00edculos intrigrantes acerca de asuntos espirituales, tales como \u00ab\u00bfLos animales tienen almas?\u00bb y \u00ab\u00bfC\u00f3mo encontrar a tu alma gemela?\u00bb. Yo he tenido lecturas ps\u00edquicas por muchos a\u00f1os ahora, y he tenido que conocer muchos <\/p>\n","protected":false},"author":1,"featured_media":0,"parent":0,"menu_order":10,"comment_status":"open","ping_status":"open","template":"","meta":{"footnotes":""},"_links":{"self":[{"href":"https:\/\/www.signalriver.com\/es\/wp-json\/wp\/v2\/pages\/18"}],"collection":[{"href":"https:\/\/www.signalriver.com\/es\/wp-json\/wp\/v2\/pages"}],"about":[{"href":"https:\/\/www.signalriver.com\/es\/wp-json\/wp\/v2\/types\/page"}],"author":[{"embeddable":true,"href":"https:\/\/www.signalriver.com\/es\/wp-json\/wp\/v2\/users\/1"}],"replies":[{"embeddable":true,"href":"https:\/\/www.signalriver.com\/es\/wp-json\/wp\/v2\/comments?post=18"}],"version-history":[{"count":185,"href":"https:\/\/www.signalriver.com\/es\/wp-json\/wp\/v2\/pages\/18\/revisions"}],"predecessor-version":[{"id":1922,"href":"https:\/\/www.signalriver.com\/es\/wp-json\/wp\/v2\/pages\/18\/revisions\/1922"}],"wp:attachment":[{"href":"https:\/\/www.signalriver.com\/es\/wp-json\/wp\/v2\/media?parent=18"}],"curies":[{"name":"wp","href":"https:\/\/api.w.org\/{rel}","templated":true}]}}