{"id":189,"date":"2012-04-03T15:50:32","date_gmt":"2012-04-03T15:50:32","guid":{"rendered":"http:\/\/www.signalriver.com\/?page_id=189"},"modified":"2018-04-30T20:43:02","modified_gmt":"2018-04-30T20:43:02","slug":"psychic-chat","status":"publish","type":"page","link":"https:\/\/www.signalriver.com\/es\/psychic-chat\/","title":{"rendered":"Chat con Ps\u00edquico \u2013 \u00bfQu\u00e9 es?"},"content":{"rendered":"<p>Si no le gusta el tel\u00e9fono o las lecturas cara a cara (e incluso si le gusta), <strong>ps\u00edquico en chat<\/strong> es una manera relativamente nueva y divertida de obtener una lecutra. Por lo menos es nueva para mi como s\u00f3lo la he probado recientemente.<\/p>\n<p>Descubre m\u00e1s acerca de esto aqu\u00ed y los mejores lugares que hay para probar algunos gratis.<\/p>\n<p><a href=\"https:\/\/www.signalriver.com\/Oranum-Espanol\"><strong><span style=\"font-size: 18px;\">Consiga sus preguntas candentes respondidas ahora por<\/span><\/strong><\/a><\/p>\n<p><a href=\"https:\/\/www.signalriver.com\/Oranum-Espanol\"><strong><span style=\"font-size: 18px;\">Los mejores ps\u00edquicos por chat<\/span><\/strong><\/a><\/p>\n<h2>\u00bfQu\u00e9 exactamente es un servicio de ps\u00edquico por chat?<\/h2>\n<p>Es similar a charlar con alguien por chat de facebook, MSN o similar, donde se escribe el mensaje y aparece de inmediato y que puede escribir en ese entonces y all\u00ed (a menudo conocido como mensajes instant\u00e1neos o mensajer\u00eda instant\u00e1nea), excepto que por lo general se puede ver y o\u00edr el ps\u00edquica a trav\u00e9s de una c\u00e1mara web (pero no pueden ver ni o\u00edr). Por lo general, el ps\u00edquico habla sobre la llamada de video con su voz, pero tambi\u00e9n puede escribir mensajes.<\/p>\n<p>Ver el ejemplo debajo.\u00a0 <strong>Para escuchar lo que el ps\u00edquico est\u00e1 diciendo, haga clic en el s\u00edmbolo del altavoz en la parte superior derecha del v\u00eddeo <\/strong>. Tambi\u00e9n puede hacer una pregunta gratis! S\u00f3lo tienes que escribir en el cuadro de abajo.<\/p>\n<div style=\"width: 600px; height: 339px; overflow: hidden;\"><object width=\"633\" height=\"339\" classid=\"clsid:d27cdb6e-ae6d-11cf-96b8-444553540000\" codebase=\"http:\/\/download.macromedia.com\/pub\/shockwave\/cabs\/flash\/swflash.cab#version=6,0,40,0\" align=\"middle\"><param name=\"allowscriptaccess\" value=\"always\" \/><param name=\"allowFullScreen\" value=\"true\" \/><param name=\"FlashVars\" value=\"layout=promo_layout.xml&amp;isembed=1&amp;freeskin=skin0001.swf&amp;performerid=oranum&amp;appletbrand=jasmin&amp;appletroot=http:\/\/creatives.oranum.com\/flash\/freechat2012\/&amp;userlang=en&amp;appletlang=en.xml&amp;skin=skin0001.swf&amp;nodeid=HUBUD&amp;subbrand=oranum&amp;w=100520&amp;t=0&amp;p=&amp;c=0&amp;s=1&amp;guestcolor=595959&amp;membercolor=266299&amp;systemcolor=767575&amp;chatcolor=404040&amp;performercolor=663399&amp;head_color=3e3e3e&amp;body_color=D5D5D5&amp;sendbutton_color=579aff&amp;regbutton_color=579aff&amp;buttonlabel_color=FFFFFF&amp;startprivatebutton_color=7F08E4&amp;volume=0\" \/><param name=\"wmode\" value=\"window\" \/><param name=\"src\" value=\"http:\/\/creatives.oranum.com\/flash\/freechat2012\/chat0001.swf\" \/><param name=\"allowfullscreen\" value=\"true\" \/><param name=\"flashvars\" value=\"layout=promo_layout.xml&amp;isembed=1&amp;freeskin=skin0001.swf&amp;performerid=oranum&amp;appletbrand=jasmin&amp;appletroot=http:\/\/creatives.oranum.com\/flash\/freechat2012\/&amp;userlang=en&amp;appletlang=en.xml&amp;skin=skin0001.swf&amp;nodeid=HUBUD&amp;subbrand=oranum&amp;w=100520&amp;t=0&amp;p=&amp;c=0&amp;s=1&amp;guestcolor=595959&amp;membercolor=266299&amp;systemcolor=767575&amp;chatcolor=404040&amp;performercolor=663399&amp;head_color=3e3e3e&amp;body_color=D5D5D5&amp;sendbutton_color=579aff&amp;regbutton_color=579aff&amp;buttonlabel_color=FFFFFF&amp;startprivatebutton_color=7F08E4&amp;volume=0\" \/><embed width=\"633\" height=\"339\" type=\"application\/x-shockwave-flash\" src=\"http:\/\/creatives.oranum.com\/flash\/freechat2012\/chat0001.swf\" allowscriptaccess=\"always\" allowfullscreen=\"allowfullscreen\" flashvars=\"layout=promo_layout.xml&amp;isembed=1&amp;freeskin=skin0001.swf&amp;performerid=oranum&amp;appletbrand=jasmin&amp;appletroot=http:\/\/creatives.oranum.com\/flash\/freechat2012\/&amp;userlang=en&amp;appletlang=en.xml&amp;skin=skin0001.swf&amp;nodeid=HUBUD&amp;subbrand=oranum&amp;w=100520&amp;t=0&amp;p=&amp;c=0&amp;s=1&amp;guestcolor=595959&amp;membercolor=266299&amp;systemcolor=767575&amp;chatcolor=404040&amp;performercolor=663399&amp;head_color=3e3e3e&amp;body_color=D5D5D5&amp;sendbutton_color=579aff&amp;regbutton_color=579aff&amp;buttonlabel_color=FFFFFF&amp;startprivatebutton_color=7F08E4&amp;volume=0\" wmode=\"window\" allowfullscreen=\"allowfullscreen\" flashvars=\"layout=promo_layout.xml&amp;isembed=1&amp;freeskin=skin0001.swf&amp;performerid=oranum&amp;appletbrand=jasmin&amp;appletroot=http:\/\/creatives.oranum.com\/flash\/freechat2012\/&amp;userlang=en&amp;appletlang=en.xml&amp;skin=skin0001.swf&amp;nodeid=HUBUD&amp;subbrand=oranum&amp;w=100520&amp;t=0&amp;p=&amp;c=0&amp;s=1&amp;guestcolor=595959&amp;membercolor=266299&amp;systemcolor=767575&amp;chatcolor=404040&amp;performercolor=663399&amp;head_color=3e3e3e&amp;body_color=D5D5D5&amp;sendbutton_color=579aff&amp;regbutton_color=579aff&amp;buttonlabel_color=FFFFFF&amp;startprivatebutton_color=7F08E4&amp;volume=0\" align=\"middle\" \/><img loading=\"lazy\" decoding=\"async\" src=\"https:\/\/www.signalriver.com\/wp-includes\/js\/tinymce\/themes\/advanced\/img\/trans.gif\" class=\"mceItemMedia mceItemFlash\" width=\"633\" height=\"339\" data-mce-json=\"&quot;{'video':{},'params':{'FlashVars':'layout=promo_layout.xml&amp;isembed=1&amp;freeskin=skin0001.swf&amp;performerid=oranum&amp;appletbrand=jasmin&amp;appletroot=http:\/\/creatives.oranum.com\/flash\/freechat2012\/&amp;userlang=en&amp;appletlang=en.xml&amp;skin=skin0001.swf&amp;nodeid=HUBUD&amp;subbrand=oranum&amp;w=100520&amp;t=0&amp;p=&amp;c=0&amp;s=1&amp;guestcolor=595959&amp;membercolor=266299&amp;systemcolor=767575&amp;chatcolor=404040&amp;performercolor=663399&amp;head_color=3e3e3e&amp;body_color=D5D5D5&amp;sendbutton_color=579aff&amp;regbutton_color=579aff&amp;buttonlabel_color=FFFFFF&amp;startprivatebutton_color=7F08E4&amp;volume=0','allowscriptaccess':'always','allowFullScreen':'true','wmode':'window','src':'http:\/\/creatives.oranum.com\/flash\/freechat2012\/chat0001.swf'},'name':null,'object_html':'\" div=\"\" \/><a href=\"\\&quot;http:\/\/www.adobe.com\/go\/getflashplayer\\&quot;\"><img decoding=\"async\" src=\"\\&quot;http:\/\/www.adobe.com\/images\/shared\/download_buttons\/get_flash_player.gif\\&quot;\" alt=\"\\&quot;Get\" adobe=\"\" flash=\"\" player=\"\" \/><\/a>','hspace':null,'vspace':null,'align':null,'bgcolor':null}\" alt=\"\" \/&gt;<\/object><\/div>\n<p><strong>Actualice la p\u00e1gina para ver diferentes ps\u00edquicos o si su tiempo se ha acabado.<\/strong><\/p>\n<h2>Ps\u00edquicos por chat contra lecturas por tel\u00e9fono<\/h2>\n<p>Aunque he s\u00f3lo recientemente comenzado a usar chats ps\u00edquicos tiene algunas ventajas agradables m\u00e1s de realizar llamadas telef\u00f3nicas.<\/p>\n<p>La mayor parte de los servicios que he probado (Oranum, Ps\u00edquico de acceso, Ps\u00edquico Fuente, Videntes en webcam y Keen) le permiten ver el lector y participar en el chat de texto de forma gratuita.<\/p>\n<p>Aunque por lo general usted no est\u00e1 realmente permitido hacer preguntas a ps\u00edquicos, a veces me he visto los lectores a responder algunas preguntas por los ps\u00edquicos gratis y con frecuencia va a hacer cosas como robar una carta de tarot para usted de forma gratuita. Algunos de estos sitios est\u00e1n ofreciendo gratis unos minutos de chat privado, as\u00ed lo puede probarlos.<\/p>\n<p>Esto es muy bueno, porque aunque usted puede realmente conseguir la sensaci\u00f3n para el lector por verles y escucharles. Lecturas ps\u00edquicas var\u00edan en precisi\u00f3n y calidad, en parte porque no es una ciencia exacta, algunos son estafadores, pero a veces tambi\u00e9n un lector simplemente no se pueden conectar a una determinada persona por alguna raz\u00f3n.<\/p>\n<p>He encontrado que al tomar un vistazo a los diferentes lectores consigo un lector que sintoniza a m\u00ed muy bien.<\/p>\n<p>Tambi\u00e9n con un ps\u00edquico por video, puede utilizar los lectores de cualquier parte del mundo, (siempre y cuando hablan su idioma, por supuesto!), Ya que no tiene que preocuparse por las facturas de tel\u00e9fono.<\/p>\n<p>Por \u00faltimo, pero quiz\u00e1s lo m\u00e1s importante, chat, es un poco menos intenso que en realidad tener que llamar y hablar con alguien. Recuerdo que estaba muy nervioso antes de conseguir mi primera lectura de tel\u00e9fono, ya veces todav\u00eda puedo sentir un chat para ps\u00edquica poco extra\u00f1o es bueno para cuando no estoy de humor para hablar como ser capaz de escribir su mensaje es una gran ventaja.<\/p>\n<h2>Ps\u00edquicos por chat gratuito<\/h2>\n<p>Algunas p\u00e1ginas ofrecen <span style=\"text-decoration: underline;\">chat gratuitos<\/span>, pero \u00bfrealmente lo es? A veces, esto s\u00f3lo significa ser capaz de charlar con el ps\u00edquico antes de entrar en una habitaci\u00f3n privada.<\/p>\n<p>Sin embargo algunos de los sitios ps\u00edquicos est\u00e1n ofreciendo buenas ofertas y minutos gratuitos para animar a la gente a usar el chat de v\u00eddeo y usted puede encontrar a mi lista de los mejores servicios de chat ps\u00edquicas baratas y gratuitas aqu\u00ed. (enlace pr\u00f3ximamente).<\/p>\n<p><strong>Si lo que queremos es comprobar el mejor servicio de video chat ahora, visita <a title=\"free psychic chat\" href=\"https:\/\/www.signalriver.com\/Oranum-Espanol\">Chat grauito de ps\u00edquicos por Oranum Espa\u00f1a<\/a>.<\/strong><\/p>","protected":false},"excerpt":{"rendered":"<p>Si no le gusta el tel\u00e9fono o las lecturas cara a cara (e incluso si le gusta), ps\u00edquico en chat es una manera relativamente nueva y divertida de obtener una lecutra. Por lo menos es nueva para mi como s\u00f3lo la he probado recientemente. Descubre m\u00e1s acerca de esto aqu\u00ed y los mejores lugares que hay para probar algunos gratis. Consiga sus preguntas candentes respondidas ahora por Los mejores ps\u00edquicos por chat \u00bfQu\u00e9 exactamente es un servicio de ps\u00edquico por chat? Es similar a charlar con alguien por chat de facebook, MSN o similar, donde se escribe el mensaje y <\/p>\n","protected":false},"author":1,"featured_media":1439,"parent":0,"menu_order":16,"comment_status":"open","ping_status":"open","template":"","meta":{"footnotes":""},"_links":{"self":[{"href":"https:\/\/www.signalriver.com\/es\/wp-json\/wp\/v2\/pages\/189"}],"collection":[{"href":"https:\/\/www.signalriver.com\/es\/wp-json\/wp\/v2\/pages"}],"about":[{"href":"https:\/\/www.signalriver.com\/es\/wp-json\/wp\/v2\/types\/page"}],"author":[{"embeddable":true,"href":"https:\/\/www.signalriver.com\/es\/wp-json\/wp\/v2\/users\/1"}],"replies":[{"embeddable":true,"href":"https:\/\/www.signalriver.com\/es\/wp-json\/wp\/v2\/comments?post=189"}],"version-history":[{"count":49,"href":"https:\/\/www.signalriver.com\/es\/wp-json\/wp\/v2\/pages\/189\/revisions"}],"predecessor-version":[{"id":1495,"href":"https:\/\/www.signalriver.com\/es\/wp-json\/wp\/v2\/pages\/189\/revisions\/1495"}],"wp:featuredmedia":[{"embeddable":true,"href":"https:\/\/www.signalriver.com\/es\/wp-json\/wp\/v2\/media\/1439"}],"wp:attachment":[{"href":"https:\/\/www.signalriver.com\/es\/wp-json\/wp\/v2\/media?parent=189"}],"curies":[{"name":"wp","href":"https:\/\/api.w.org\/{rel}","templated":true}]}}