{"id":230,"date":"2012-04-03T17:47:28","date_gmt":"2012-04-03T17:47:28","guid":{"rendered":"http:\/\/www.signalriver.com\/?page_id=230"},"modified":"2018-05-01T23:27:51","modified_gmt":"2018-05-01T23:27:51","slug":"do-animals-have-souls","status":"publish","type":"page","link":"https:\/\/www.signalriver.com\/es\/do-animals-have-souls\/","title":{"rendered":"\u00bfLos animales tienen alma? \u00bfVan al cielo?"},"content":{"rendered":"<p>Mientras pasas el tiempo con tu mascota o en la naturaleza tu puedes preguntarte \"<strong>\u00bfLos animales tienen alma o espiritus?<\/strong>\"<\/p>\n<p>Esta pregunta tiene desconcertado a los fil\u00f3sofos y te\u00f3logos de todo el mundo, y es de particular importancia si usted cree en el m\u00e1s all\u00e1 ya que la siguiente pregunta es \"<strong> \u00bfLas mascotas van al cielo? <\/strong> \/ el m\u00e1s all\u00e1 \/ reencarnan \", etc.<\/p>\n<p>Mucha gente se pregunta si pueden usar un medium para contactar con sus mascotas que han fallecido.<\/p>\n<h2>\u00bfSon los animales igual o diferente a la gente?<\/h2>\n<p>Yo creo que los animales <strong>si<\/strong>tienen almas y pienso que es interesante que s\u00edntamos la necesidad de preguntar esa pregunta. Por supuesto no hay forma de provar con seguridad que tenemos espiritus o almas pero si vamos a creer que si, ser\u00eda loco que los animales no tienen.<\/p>\n<p><a href=\"https:\/\/www.signalriver.com\/psychic-source-espanol\"><span style=\"font-size: 16px;\"><strong>Comunicate con tu mascota con un ps\u00edquico de mascotas<\/strong><\/span><\/a><\/p>\n<p>Al pensar de esa manera lo que estamos haciendo esencialmente es ver a nosotros mismos como separados de los animales, algo muy diferente a ellos, en un plano totalmente diferente de la existencia. Ahora lo reconozco, hay algunas cosas especiales sobre los seres humanos, sin duda hemos recorrido un largo camino en nuestro desarrollo mental, pero por otro lado es tan f\u00e1cil de ver las similitudes entre nosotros y ellos.<\/p>\n<h3>\u00bfLos animales tienen sentimientos?<\/h3>\n<p>Recuerdo una serie de la televisi\u00f3n llamado \"\u00bflos animales ... \"y luego cada semana que iba a explorar algo como, \"tiene un sentido del humor\", o \"sentirse triste\" o \"sentirse feliz\". Mientras que encontr\u00e9 esta serie fascinante, yo me sent\u00eda desconcertado por tener que preguntarme algunas de las preguntas. (Aunque ellos no preguntaron \"\u00bfLos animales tienen alma?\").<\/p>\n<p>Cualquiera que haya tenido una mascota o pasado tiempo con animales sabr\u00e1 que consiguen felices y tristes e incluso que disfrutan risa. Recuerdo que mi propio perro involucrarse tanto como ella pod\u00eda cuando nos ser\u00eda conseguir junto con una risa. Del mismo modo, es f\u00e1cil imaginar una sensaci\u00f3n animales trastornado, una imagen desgarradora que se pega en mi mente est\u00e1 en los mejores momentos de la fauna de David Attenborough, donde cebra es asesinado por un le\u00f3n. Es socio visto en, chillando de dolor emocional y la angustia. Que pasar\u00eda si los animales no ten\u00edan sentimientos.<\/p>\n<h3>\u00bfDe d\u00f3nde viene esta visi\u00f3n de los animales y la gente es esencialmente diferente?<\/h3>\n<p>Para m\u00ed, pensando que los animales no tienen alma es una especie de arrogancia loca, poniendo los seres humanos en un pedestal y vernos como esencialmente los gobernantes de los animales, que est\u00e1n aqu\u00ed simplemente para servir a nuestro prop\u00f3sito. Sin embargo, es uno que se llev\u00f3 a cabo como aceptables por muchas personas, \u00bfpor qu\u00e9?<\/p>\n<p>Curiosamente creo que tanto la ciencia como la religi\u00f3n ha jugado un papel en la creaci\u00f3n de esta perspectiva antropoc\u00e9ntrica.<\/p>\n<h3>Religi\u00f3n<\/h3>\n<p>Ciertas religiones tales como la cristiana tradicional colocan a los humanos como recreaci\u00f3n de Dios, con animales colocados para asistirnos en la vida diaria, casi como si fueramos sus dioses. Dios creo a los animales para servirle, por lo tanto animales deben ser diferente del hombre.<\/p>\n<h3>Ciencia<\/h3>\n<p>Alrededor del siglo 18 en Europa, hab\u00eda un movimiento cultural lejos de la superstici\u00f3n, y como reacci\u00f3n contra iglesias represivas. Ellos cre\u00edan que el uso de la raz\u00f3n y el m\u00e9todo cient\u00edfico, se puede encontrar cualquier cosa que usted necesita saber sobre el mundo. El mundo cambi\u00f3 de algo, a veces desconocidas, miedo e incluso sagrados a algo controlable por la mente y Equipos (pensar en la revoluci\u00f3n industrial, que tambi\u00e9n sucedi\u00f3 en este momento).<\/p>\n<p>Este dominio aparente de esos elementos (que siempre han tenido el poder de destruir nuestras vidas en cualquier momento - y todav\u00eda lo hacen) ayud\u00f3 a dirigir estos pensadores por un camino que el hombre era muy especial, adem\u00e1s de, y el maestro de los animales y la naturaleza, y tambi\u00e9n, por supuesto, que no hab\u00eda tal cosa como las almas de todos modos!<\/p>\n<p>(Este pensamiento dualista persiste en gran parte de la cultura occidental, de ver a una separaci\u00f3n de la mente y el cuerpo y no darse cuenta de que todo es uno.)<\/p>\n<h2>\u00bfLos animales tienen almas y ellos van al cielo?<\/h2>\n<p>Como he dicho, al hablar de temas metaf\u00edsicos podemos en realidad nunca estar seguro de la verdad.<\/p>\n<p>Sin embargo, parece totalmente obvio para m\u00ed que si creemos que tenemos almas, entonces debemos creer que los animales tambi\u00e9n lo hacen.<\/p>\n<p>Del mismo modo, si usted cree que vaya al cielo entonces realmente tiene sentido creer que las mascotas y los animales de todo el mundo ser\u00edan demasiado, \u00bfqu\u00e9 clase de Dios ser\u00eda dejar a nuestros amigos peludos en el fr\u00edo de todos modos?<\/p>\n<h3>\u00bfPueden mediums y ps\u00edquicos conectarse con animales?<\/h3>\n<p>A veces las personas que se preguntan si los animales tienen almas esperan que puedan conseguir un medio para conectar con su mascota muerta.<\/p>\n<p>Para ser honesto con ustedes he tenido poca experiencia con la mediumnidad y el espiritualismo, y yo no estoy seguro de si alguien es capaz de hacer lo que me pregunto si las almas \/ esp\u00edritus simplemente flotan sobre la espera de ser contactado. A veces pienso que tal vez los medios son en realidad sintonizando a la energ\u00eda de resonancia de esa persona, porque si bien el esp\u00edritu de esa persona habr\u00eda ido a otro lugar, todav\u00eda de alguna manera est\u00e1 presente y deja una vibraci\u00f3n all\u00ed.<\/p>\n<p>Si los medios (o al menos algunos medios) son genuinos, entonces no veo ninguna raz\u00f3n por qu\u00e9 no pod\u00edan comunicarse con los animales tambi\u00e9n, ya que creo que tienen almas o esp\u00edritus o cuerpos de energ\u00eda o lo que quieras llamarlo.<\/p>\n<p>S\u00e9 que mucha gente se pregunta c\u00f3mo un medio o ps\u00edquica pod\u00eda hablar con un animal y as\u00ed que pens\u00e9 que me gustar\u00eda mencionar lo que los ps\u00edquicos tienden a decir que es que, al igual que con la gente y los sue\u00f1os y las cosas, no es necesario utilizar palabras para comunicarse, se obtiene sentimientos que pasan por alto el cerebro y luego interpretan usando palabras. Algunos ps\u00edquicos y tel\u00e9patas tambi\u00e9n 'ver' una conexi\u00f3n, como una especie de alambre el\u00e9ctrico de conectarlos al animal.<\/p>\n<h3>Las mascotas si van al cielo - Una historia conmovedora<\/h3>\n<p>Finalmente, aqu\u00ed es una historia encantadora que he le\u00eddo en family.psychics.co.uk de por qu\u00e9 esta persona cree que los animales tienen alma y que las mascotas van al cielo:<\/p>\n<p>\"Hola creo que vamos a ver a nuestras mascotas. He aqu\u00ed por qu\u00e9. Mi madre tom\u00f3 al perro Bonnie a casa de mi abuela a vivir con ella y mi padre despu\u00e9s de que mi abuela muri\u00f3.<\/p>\n<p>Unos a\u00f1os m\u00e1s tarde, tuve un sue\u00f1o que yo estaba con mi perro corriente de espera para una cita en los veteranos de la casa de mi abuela donde sol\u00edamos ir cuando yo era peque\u00f1a. Mi abuela entr\u00f3 con su perro de Bonnie, y se sorprendi\u00f3 al verla y le pregunt\u00f3 qu\u00e9 estaba haciendo all\u00ed. Ella no contest\u00f3, y me despert\u00e9.<\/p>\n<p>A los pocos d\u00edas habl\u00e9 con mi mam\u00e1 que dijo ser que Bonnie hab\u00eda muerto mientras dorm\u00eda. Realmente creo que mi abuela estaba esperando a su perro y que est\u00e1n juntos ahora\".<\/p>\n<p>\u00bfAmas a los animales? <a title=\"Animal Spirit Guides\" href=\"https:\/\/www.signalriver.com\/animal-spirit-guides\/\">Descubre sobre los gu\u00edas espirituales animales<\/a> o toma mi (gratuita) <a title=\"Spirit Animal Quiz\" href=\"https:\/\/www.signalriver.com\/es\/spirit-animal-quiz\/\">prueba del espiritud animal<\/a><\/p>\n<p><span style=\"font-size: 16px;\"><strong><span style=\"color: #ff0000;\"><a name=\"pet\"><\/a>\u00bfEst\u00e1 comportandose su mascota extra\u00f1a? \u00bfSe pierde su mascota o falta?<\/span><\/strong><\/span><\/p>\n<p><span style=\"font-size: 16px;\"><strong><span style=\"color: #ff0000;\">\u00bfQuieres tratar de ponerse en contacto con una mascota que ha fallecido?<\/span><\/strong><\/span><\/p>\n<p><a title=\"Best Pet Psychics\" href=\"https:\/\/www.signalriver.com\/psychic-source-espanol\"><img loading=\"lazy\" decoding=\"async\" class=\" wp-image-241 alignleft\" style=\"margin-right: 10px;\" title=\"Pet Psychics\" src=\"https:\/\/www.signalriver.com\/wp-content\/uploads\/2012\/04\/Pet-psychics.jpg\" alt=\"Get in the mind of your pet with a psychic pet reading\" width=\"260\" height=\"195\" \/><\/a>Si la respuesta es <strong>s\u00ed<\/strong> a alguna de est\u00e1s preguntas entonces prueba <a title=\"Psychic Source Reviews\" href=\"https:\/\/www.signalriver.com\/psychic-source-espanol\">Psychic Source, <\/a>a quienes he usado recientemente, sol\u00eda recomendar Keen pero ahora prefiero PS. Ellos tienen una categor\u00eda para mascotas f\u00e1cilmente como me gusta.<\/p>\n<p>En el momento en que est\u00e1n ofreciendo 10 minutos por s\u00f3lo $ 10, que es pr\u00e1ctico, ya que se puede ver si el ps\u00edquico ha sintonizado correctamente en su mascota.<\/p>\n<p>He usado Luna y ps\u00edquica Renae y ambos eran buenos.<\/p>\n<p><a><br \/>\n<\/a><a title=\"Psychic Source Pet Psychics\" href=\"https:\/\/www.signalriver.com\/psychic-source-espanol\">Consulte a los ps\u00edquicos de Psychic Source<\/a><\/p>","protected":false},"excerpt":{"rendered":"<p>Mientras pasas el tiempo con tu mascota o en la naturaleza tu puedes preguntarte \u00ab\u00bfLos animales tienen alma o espiritus?\u00bb Esta pregunta tiene desconcertado a los fil\u00f3sofos y te\u00f3logos de todo el mundo, y es de particular importancia si usted cree en el m\u00e1s all\u00e1 ya que la siguiente pregunta es \u00bb \u00bfLas mascotas van al cielo? \/ el m\u00e1s all\u00e1 \/ reencarnan \u00ab, etc. Mucha gente se pregunta si pueden usar un medium para contactar con sus mascotas que han fallecido. \u00bfSon los animales igual o diferente a la gente? Yo creo que los animales sitienen almas y pienso <\/p>\n","protected":false},"author":1,"featured_media":1672,"parent":0,"menu_order":15,"comment_status":"open","ping_status":"open","template":"","meta":{"footnotes":""},"_links":{"self":[{"href":"https:\/\/www.signalriver.com\/es\/wp-json\/wp\/v2\/pages\/230"}],"collection":[{"href":"https:\/\/www.signalriver.com\/es\/wp-json\/wp\/v2\/pages"}],"about":[{"href":"https:\/\/www.signalriver.com\/es\/wp-json\/wp\/v2\/types\/page"}],"author":[{"embeddable":true,"href":"https:\/\/www.signalriver.com\/es\/wp-json\/wp\/v2\/users\/1"}],"replies":[{"embeddable":true,"href":"https:\/\/www.signalriver.com\/es\/wp-json\/wp\/v2\/comments?post=230"}],"version-history":[{"count":65,"href":"https:\/\/www.signalriver.com\/es\/wp-json\/wp\/v2\/pages\/230\/revisions"}],"predecessor-version":[{"id":1686,"href":"https:\/\/www.signalriver.com\/es\/wp-json\/wp\/v2\/pages\/230\/revisions\/1686"}],"wp:featuredmedia":[{"embeddable":true,"href":"https:\/\/www.signalriver.com\/es\/wp-json\/wp\/v2\/media\/1672"}],"wp:attachment":[{"href":"https:\/\/www.signalriver.com\/es\/wp-json\/wp\/v2\/media?parent=230"}],"curies":[{"name":"wp","href":"https:\/\/api.w.org\/{rel}","templated":true}]}}