{"id":288,"date":"2012-04-03T23:19:51","date_gmt":"2012-04-03T23:19:51","guid":{"rendered":"http:\/\/www.signalriver.com\/?page_id=288"},"modified":"2018-04-30T20:52:05","modified_gmt":"2018-04-30T20:52:05","slug":"free-daily-horoscope","status":"publish","type":"page","link":"https:\/\/www.signalriver.com\/es\/free-daily-horoscope\/","title":{"rendered":"Hor\u00f3scopo Diario Gratuito"},"content":{"rendered":"<p>\u00bfBuscando un <strong>hor\u00f3scopo gratuito diario<\/strong>? \u00bfQuieres saber las sorpresas que pueden pasarte en el d\u00eda? \u00a1Puedes mirar a mi hor\u00f3scopo diario, actualizado constantemente!<\/p>\n<p>[simple-rss feed=\"http:\/\/feeds.feedburner.com\/dayhoroscope?format=xml\" limit=12 hide_description=\"0\" show_date=\"0\" amount_of_words=\"500\"]<\/p>\n<p><span style=\"font-size: 16px;\"><strong><span style=\"color: #ff0000;\">\u00bfBuscando un hor\u00f3scopo realmente exacto?<\/span><\/strong><\/span><\/p>\n<p>He encontrado que si bien los <span style=\"text-decoration: underline;\">hor\u00f3scopos gratuitos diarios<\/span> como estos son divertidos y ayudan de vez en cuando, el mejor hor\u00f3scopo que puedes tener es personalizado que est\u00e9 basado en tu fecha, hora y lugar de nacimiento. Esto te puede de verdad impresionar y ser preciso.<\/p>\n<p>Si se est\u00e1 preguntando de cu\u00e1n exacto puede ser un hor\u00f3scopo, por qu\u00e9 no echa un vistazo a mi art\u00edculo sobre <a title=\"How Accurate Are Horoscopes?\" href=\"https:\/\/www.signalriver.com\/es\/most-accurate-horoscopes\/\">\u00bfCu\u00e1n preciso son los hor\u00f3scopos?<\/a><\/p>\n<p>Yo recomiendo esto bastante <a title=\"1 year personalized horoscope\" href=\"http:\/\/www.stormjewelspsychics.com\/yearly-horoscope-psychic-forecast\/\">reporte personalizado de astrolog\u00eda que puedes encontrar en StormJewels<\/a>, Tuve uno hecho y qued\u00e9 sorprendido por su exactitud. Es muy profundo y realmente me ayud\u00f3 a entender por qu\u00e9 me estaba sintiendo y actuando de cierta manera en distintos momentos.<\/p>","protected":false},"excerpt":{"rendered":"<p>\u00bfBuscando un hor\u00f3scopo gratuito diario? \u00bfQuieres saber las sorpresas que pueden pasarte en el d\u00eda? \u00a1Puedes mirar a mi hor\u00f3scopo diario, actualizado constantemente!  \u00bfBuscando un hor\u00f3scopo realmente exacto? He encontrado que si bien los hor\u00f3scopos gratuitos diarios como estos son divertidos y ayudan de vez en cuando, el mejor hor\u00f3scopo que puedes tener es personalizado que est\u00e9 basado en tu fecha, hora y lugar de nacimiento. Esto te puede de verdad impresionar y ser preciso. Si se est\u00e1 preguntando de cu\u00e1n exacto puede ser un hor\u00f3scopo, por qu\u00e9 no echa un vistazo a mi <\/p>\n","protected":false},"author":1,"featured_media":1668,"parent":0,"menu_order":17,"comment_status":"open","ping_status":"open","template":"","meta":{"footnotes":""},"_links":{"self":[{"href":"https:\/\/www.signalriver.com\/es\/wp-json\/wp\/v2\/pages\/288"}],"collection":[{"href":"https:\/\/www.signalriver.com\/es\/wp-json\/wp\/v2\/pages"}],"about":[{"href":"https:\/\/www.signalriver.com\/es\/wp-json\/wp\/v2\/types\/page"}],"author":[{"embeddable":true,"href":"https:\/\/www.signalriver.com\/es\/wp-json\/wp\/v2\/users\/1"}],"replies":[{"embeddable":true,"href":"https:\/\/www.signalriver.com\/es\/wp-json\/wp\/v2\/comments?post=288"}],"version-history":[{"count":61,"href":"https:\/\/www.signalriver.com\/es\/wp-json\/wp\/v2\/pages\/288\/revisions"}],"predecessor-version":[{"id":1618,"href":"https:\/\/www.signalriver.com\/es\/wp-json\/wp\/v2\/pages\/288\/revisions\/1618"}],"wp:featuredmedia":[{"embeddable":true,"href":"https:\/\/www.signalriver.com\/es\/wp-json\/wp\/v2\/media\/1668"}],"wp:attachment":[{"href":"https:\/\/www.signalriver.com\/es\/wp-json\/wp\/v2\/media?parent=288"}],"curies":[{"name":"wp","href":"https:\/\/api.w.org\/{rel}","templated":true}]}}