{"id":302,"date":"2012-04-09T13:04:09","date_gmt":"2012-04-09T13:04:09","guid":{"rendered":"http:\/\/www.signalriver.com\/?page_id=302"},"modified":"2018-08-12T13:11:20","modified_gmt":"2018-08-12T13:11:20","slug":"psychic-email-readings","status":"publish","type":"page","link":"https:\/\/www.signalriver.com\/es\/psychic-email-readings\/","title":{"rendered":"Lecturas de ps\u00edquicos por correo \u2013 \u00bfFuncionan?"},"content":{"rendered":"<p>Mientras que estoy m\u00e1s acostumbrado a las lecturas por tel\u00e9fono, frecuentemente empleo <strong>lecturas ps\u00edquicas por email<\/strong> ya que \u00e9stas tienen beneficios \u00fanicos.<\/p>\n<p>Como con cualquier lectura ps\u00edquica, sucede que hay algunos maestros del fraude, y de cierta forma es un poco m\u00e1s f\u00e1cil para alguien el intentar estafarte con una lectura por email, (aunque por otro lado hay menos potencial puesto que ellos no pueden hacerte preguntas de iniciativa) as\u00ed que te dir\u00e9 las mejores maneras en las que puedes cuidarte de esto y tambi\u00e9n te dir\u00e9 d\u00f3nde est\u00e1n las mejores lecturas ps\u00edquicas por email que conozco.<\/p>\n<p>Tambi\u00e9n pasa que algunas personas creen que en realidad no es posible el realizar lecturas clarividentes por email, sin embargo, no estoy de acuerdo con eso y voy a explicar por qu\u00e9.<\/p>\n<p><a title=\"Psychic Email Readings\" href=\"http:\/\/www.stormjewelspsychics.com\/es\/psychic-email-readings\/\"><strong><span style=\"font-size: 16px;\">Consigue una Intuitiva y Precisa Lectura de Email de <\/span><\/strong><\/a><\/p>\n<p><a title=\"Psychic Email Readings\" href=\"http:\/\/www.stormjewelspsychics.com\/es\/psychic-email-readings\/\"><strong><span style=\"font-size: 16px;\">Mis Ps\u00edquicos de Email Favoritos<\/span><\/strong><\/a><\/p>\n<h2>\u00bfEs posible dar una lectura ps\u00edquica por email?<\/h2>\n<p>La pregunta que dar\u00e9 en respuesta a esto es, \u00bfpor qu\u00e9 no podr\u00eda ser posible?\u00a0Mucha gente cree que sin la conexi\u00f3n de la voz o de la persona en frente de ellos, no hay manera de que un ps\u00edquico pueda 'sintonizarse' con el sujeto en cuesti\u00f3n. En realidad pienso que las lecturas por email tienen una ventaja sobre las lecturas por tel\u00e9fono porque son menos inmediatas, y voy a explicar esto en la <a title=\"pros and cons of email readings\" href=\"pros\">secci\u00f3n de pros y contras<\/a>.<\/p>\n<h2>La Proximidad no lo es todo<\/h2>\n<p>Esta idea asume que la habilidad ps\u00edquica est\u00e1 enlazada con la proximidad (por ejemplo, la cercan\u00eda) de la persona que sea capaz de predecir por ellos.\u00a0 Ah\u00ed definitivamente hay un enlace a los sentimientos ps\u00edquicos y tu locaci\u00f3n espacial, desde que tenemos en cuenta que algunas personas pueden sostener un objeto y obtienen conocimiento ps\u00edquico sobre \u00e9l o su historia (esto tambi\u00e9n es conocido como Psicometr\u00eda).\u00a0 Parece bastante obvio que somos susceptibles a las vibraciones de otras personas y tambi\u00e9n a los lugares, as\u00ed como estoy seguro de que la mayor\u00eda de nosotros hemos sentido este tipo de cosas de parte de otros en alg\u00fan u otro momento.<\/p>\n<p>Sin embargo, lo que hay que recordar aqu\u00ed es que hay muchas maneras de \"ver\" el pasado, presente y futuro, y diferentes maneras de conectarte a ellos.\u00a0 Si los ps\u00edquicos solo pudieran predecir cosas que estuviesen cerca de ellos, se volver\u00eda muy complicado predecir o saber sobre cualquier futuro o pasado lejano, pero la experiencia me ha mostrado que los ps\u00edquicos pueden hacer esto.<\/p>\n<p>Creo que la raz\u00f3n de ello es porque es posible que todos estamos conectados.\u00a0 Muchas cosas en mi vida me han hecho verlo desde esta perspectiva, pero su relaci\u00f3n con la habilidad ps\u00edquica ocurri\u00f3 cuando mi compa\u00f1ero y yo so\u00f1amos con nuestra otra amiga y compa\u00f1era de hogar, la cual estaba lejos de casa.\u00a0 Estaba muy enferma en esos momentos y no lo supimos sino hasta d\u00edas despu\u00e9s.\u00a0 Mi amigo incluso so\u00f1\u00f3 con la enfermedad correcta, mientras que yo so\u00f1\u00e9 con ella estando triste y con ganas de venir a casa con nosotros.<\/p>\n<p>\u00bfC\u00f3mo hicimos esto? Solo puedo concluir que nuestro lazo de cercan\u00eda nos uni\u00f3 de alguna manera que trascend\u00eda en el tiempo y espacio.\u00a0 \u00a1Si eso es posible, entonces tambi\u00e9n es la idea de obtener una lectura ps\u00edquica por email!<\/p>\n<h2>C\u00f3mo reconocer un estafador de lecturas ps\u00edquicas por email<\/h2>\n<p>He tenido buenas y malas lecturas ps\u00edquicas, tanto por email como por otros lugares, y eso es algo que no debes tener en cuenta como si no hubiera otra manera de reconocer a un estafador.\u00a0 Sin embargo, si quieres leer m\u00e1s sobre esto, revisa mis <a title=\"Psychic Scams \u2013 What to Avoid\" href=\"https:\/\/www.signalriver.com\/es\/psychic-scams-what-to-avoid\/\">tips para evitar estafas ps\u00edquicas<\/a> la cual tambi\u00e9n tiene una lista de fraudes conocidos en internet.<\/p>\n<h3>Preguntas que hacerte a ti mismo<\/h3>\n<p><strong>\u00bfLos precios son muy buenos para ser verdad? \u00bfConseguiste un email largo por casi nada?\u00a0<\/strong><\/p>\n<p>Si es m\u00e1s barato que la tarifa actual, probablemente contiene un script, el cual es pegado en el email y luego personalizado ligeramente para responder tu pregunta.<\/p>\n<p><strong>\u00bfAlguna vez te dijeron que estabas maldito?Have you been told you are cursed?<\/strong><\/p>\n<p>Como con cualquier ps\u00edquico, no conf\u00edes en ning\u00fan email que te diga que est\u00e1s maldito o que necesitas ayuda para ganar algo de dinero (es decir, pagar por una lectura) o algo por el estilo.<\/p>\n<h4>\u00bfEl sitio se ve genuino?<\/h4>\n<p>A\u00fan si no puedes decir con exactitud si un sitio es genuino solo por la forma en la que se ve, si \u00e9ste se ve como si lo hubieran ensamblado con prisa, o hay algo que en \u00e9l que se ve extra\u00f1o, pi\u00e9nsalo dos veces.<\/p>\n<h2><a name=\"pros\"><\/a>Lecturas Ps\u00edquicas por Email: Pros y Contras<\/h2>\n<p><strong>Cons<\/strong><\/p>\n<p>Como fue mencionado anteriormente, la desventaja potencial es que es sencillo para los dem\u00e1s el colocar scripts en tus lecturas en vez de leer apropiadamente para ti.<\/p>\n<p><strong>Pros<\/strong><\/p>\n<p><strong>Con las lecturas ps\u00edquicas de email, la clarividencia tiene m\u00e1s tiempo para sintonizarse dentro de ti y con tu pregunta, y puede hacerlo cuando se sienta lista para ello.<\/strong> Con lecturas por tel\u00e9fono, el ps\u00edquico puede no ser capaz de elegir cu\u00e1ndo estar disponibles para recibir tu llamada, o bien pueden sentirse presionados al saber que el cliente les paga por minuto, mientras que esto no es un problema v\u00eda email.<\/p>\n<p>Una cosa buena sobre <span style=\"text-decoration: underline;\">las lecturas ps\u00edquicas por email<\/span> es que es usual y realmente obvio si la persona solo intenta hacer una lectura fr\u00eda a partir del hecho de que en realidad no puedan preguntarte m\u00e1s all\u00e1 de las inc\u00f3gnitas que les has enviado.<\/p>\n<p>Tambi\u00e9n me gusta tener una grabaci\u00f3n de lo que me fue dicho para revisar tiempo despu\u00e9s si ciertas cosas se volvieron realidad.<\/p>\n<p>Es m\u00e1s f\u00e1cil reflejar lo que se te ha dicho en una lectura ps\u00edquica por email que por una lectura por tel\u00e9fono, porque a veces cuando tomas toda esa informaci\u00f3n, puede ser demasiada de una sola vez.<\/p>\n<p>Otra gran ventaja es que a veces simplemente no estoy de humor como para preguntarle a un ps\u00edquico por tel\u00e9fono y tener una lectura por email es mucho menos intenso por esa raz\u00f3n.<\/p>\n<h2>Lecturas Ps\u00edquicas por Email - Conclusi\u00f3n<\/h2>\n<p>Si has encontrado un sitio de lecturas ps\u00edquicas por email en el cual est\u00e1s interesado pero del cual no est\u00e1s seguro 100%, \u00bfpor qu\u00e9 no enviarle un email al due\u00f1o del sitio y hacerle m\u00e1s preguntas? - averigua m\u00e1s sobre ellos, y si ellos emplean ps\u00edquicos hazles preguntas sobre el proceso de reclutamiento y m\u00e1s.\u00a0 Un verdadero sitio web estar\u00e1 feliz de ayudarte (\u00a1Aunque algunos de los m\u00e1s grandes pueden tener mal servicio al cliente!).<\/p>\n<p>Otra cosa m\u00e1s que se puede hacer adem\u00e1s de revisar el sitio es tomar un poco de valor y buscar recomendaciones de otras personas. Yo recomiendo altamente los lectores por email en <a title=\"Psychic Email Readings by StormJewel\" href=\"http:\/\/www.stormjewelspsychics.com\/psychic-email-readings\/\">Stormjewels Psychic Email Readings<\/a>. \u00a0<strong>ACTUALIZACI\u00d3N<\/strong> - hay una nueva ps\u00edquica en Stormjewels y su nombre es Evie, hace un tiempo obtuve una lectura de ella, una mezcla de runas, tarot y mensajes espirituales y me pareci\u00f3 que era realmente buena, han pasado como 6 meses ahora y casi todo lo que ella predijo se ha vuelto realidad y estoy muy impresionado. \u00a0\u00a0<a title=\"Contact me\" href=\"https:\/\/www.signalriver.com\/es\/contact-me\/\">D\u00e9jame saber<\/a>\u00a0tu rese\u00f1a y c\u00f3mo fue si intentas contactarla.<\/p>\n<p><span style=\"font-size: 12px;\">Cr\u00e9ditos de la imagen: <a title=\"In da mood\" href=\"http:\/\/www.flickr.com\/photos\/sziszo\/\">In da mood<\/a><\/span><\/p>","protected":false},"excerpt":{"rendered":"<p>Mientras que estoy m\u00e1s acostumbrado a las lecturas por tel\u00e9fono, frecuentemente empleo lecturas ps\u00edquicas por email ya que \u00e9stas tienen beneficios \u00fanicos. Como con cualquier lectura ps\u00edquica, sucede que hay algunos maestros del fraude, y de cierta forma es un poco m\u00e1s f\u00e1cil para alguien el intentar estafarte con una lectura por email, (aunque por otro lado hay menos potencial puesto que ellos no pueden hacerte preguntas de iniciativa) as\u00ed que te dir\u00e9 las mejores maneras en las que puedes cuidarte de esto y tambi\u00e9n te dir\u00e9 d\u00f3nde est\u00e1n las mejores lecturas ps\u00edquicas por email que conozco. Tambi\u00e9n pasa que <\/p>\n","protected":false},"author":1,"featured_media":1749,"parent":0,"menu_order":19,"comment_status":"open","ping_status":"open","template":"","meta":{"footnotes":""},"_links":{"self":[{"href":"https:\/\/www.signalriver.com\/es\/wp-json\/wp\/v2\/pages\/302"}],"collection":[{"href":"https:\/\/www.signalriver.com\/es\/wp-json\/wp\/v2\/pages"}],"about":[{"href":"https:\/\/www.signalriver.com\/es\/wp-json\/wp\/v2\/types\/page"}],"author":[{"embeddable":true,"href":"https:\/\/www.signalriver.com\/es\/wp-json\/wp\/v2\/users\/1"}],"replies":[{"embeddable":true,"href":"https:\/\/www.signalriver.com\/es\/wp-json\/wp\/v2\/comments?post=302"}],"version-history":[{"count":41,"href":"https:\/\/www.signalriver.com\/es\/wp-json\/wp\/v2\/pages\/302\/revisions"}],"predecessor-version":[{"id":1822,"href":"https:\/\/www.signalriver.com\/es\/wp-json\/wp\/v2\/pages\/302\/revisions\/1822"}],"wp:featuredmedia":[{"embeddable":true,"href":"https:\/\/www.signalriver.com\/es\/wp-json\/wp\/v2\/media\/1749"}],"wp:attachment":[{"href":"https:\/\/www.signalriver.com\/es\/wp-json\/wp\/v2\/media?parent=302"}],"curies":[{"name":"wp","href":"https:\/\/api.w.org\/{rel}","templated":true}]}}