{"id":321,"date":"2012-04-09T15:19:38","date_gmt":"2012-04-09T15:19:38","guid":{"rendered":"http:\/\/www.signalriver.com\/?page_id=321"},"modified":"2018-04-30T20:43:03","modified_gmt":"2018-04-30T20:43:03","slug":"how-to-develop-psychic-abilities","status":"publish","type":"page","link":"https:\/\/www.signalriver.com\/es\/how-to-develop-psychic-abilities\/","title":{"rendered":"C\u00f3mo desarrollar habilidades ps\u00edquicas &#8211; Top 8 de Consejos"},"content":{"rendered":"<p><a href=\"http:\/\/www.store.unexplainable.net\/coupon.php?a=6622\"><img loading=\"lazy\" decoding=\"async\" class=\"alignright\" style=\"border: 0pt none; margin-left: 10px;\" title=\"Develop your Psychic Abilities\" src=\"http:\/\/store.unexplainable.net\/images\/jim-but-2.jpg\" alt=\"Develop your Psychic Abilities\" width=\"259\" height=\"180\" border=\"0\" \/><\/a><br \/>\nObtener lecturas ps\u00edquicas es una buena manera de tener consejos, pero \u00bfSab\u00edas que tambi\u00e9n puedes desarrollar tus propios poderes? Aqu\u00ed lo voy a explicar <strong>el como desarrollar tus habilidades ps\u00edquicas<\/strong>.<\/p>\n<p>Aunque algunas personas nacen talentosas con el don ps\u00edquico fuerte, todos tenemos la habilidad de escuchar a nuestra intuici\u00f3n, aprovechar mensajes ocultos e incluso predecir el futuro.<\/p>\n<p>A un ciertos puntos de nuestra vida todos est\u00e1mos preparados para desarrollar nuestro poder ps\u00edquico y el hecho es que est\u00e1s leyendo est\u00e1 p\u00e1gina es una buena pista de que est\u00e1s listo para progresar o desarrollar tus habilidades ps\u00edquicas.<\/p>\n<p><span style=\"font-size: 16px;\"><strong><a title=\"Develop Your Psychic Powers\" href=\"https:\/\/www.signalriver.com\/es\/develop-your-psychic-abilites-quickly\">Mejore su capacidad ps\u00edquica con BrainWave Entraiment r\u00e1pidamente<\/a><\/strong><\/span><\/p>\n<p><span style=\"font-size: 16px;\"><strong><span style=\"color: #ffffff;\">.<\/span><a title=\"Develop Your Psychic Powers\" href=\"https:\/\/www.signalriver.com\/es\/develop-your-psychic-abilites-quickly\"><br \/>\n<\/a><\/strong><\/span><\/p>\n<h2>Desarrollo Ps\u00edquico \u2013 8 maneras de desarrollar tus capacidades ps\u00edquicas<\/h2>\n<h3>\u00a01. \u00bfCu\u00e1l es tu herramienta de adivinaci\u00f3n que eliges?<\/h3>\n<p>Aunque no todos los ps\u00edquica utiliza una herramienta de adivinaci\u00f3n, si usted est\u00e1 reci\u00e9n empezando, puede ser una gran manera de canalizar sus dones ps\u00edquicos. La capacidad de predicci\u00f3n viene de ti, no de las herramientas, pero pueden ayudarle a acceder e interpretar los mensajes de su subconsciente.<\/p>\n<p><strong>Las herramientas de adivinaci\u00f3n comunes incluyen:<\/strong><\/p>\n<ul>\n<li>Cartas del Tarot<\/li>\n<li>Cartas de los \u00e1ngeles<\/li>\n<li>P\u00e9dulo<\/li>\n<li>Or\u00e1culo de I ching<\/li>\n<li>Bola de cristal<\/li>\n<li>Ouija o Tablero m\u00e1gico<\/li>\n<\/ul>\n<p>De todos estos, el Tarot \/ \u00c1ngel y p\u00e9ndulos son mis favoritas les recomiendo para principiantes porque son tan f\u00e1cil de empezar a utilizar. Sin embargo cada uno es diferente y por lo que vale la pena probar cosas por ti mismo.<\/p>\n<p>Puedes comprar la mayor\u00eda de estas herramientas (o incluso hacer un p\u00e9ndulo) muy barato y as\u00ed podr\u00e1s experimentar adem\u00e1s de ver que funciona para ti.<\/p>\n<h3>2. Ps\u00edcometria<\/h3>\n<p>Si usted no tiene ninguna herramienta de adivinaci\u00f3n o simplemente quieres probar algo diferente, usted podr\u00eda experimentar y encontrar la manera de desarrollar habilidades ps\u00edquicas con la psicometr\u00eda. Aqu\u00ed es donde usted tiene un art\u00edculo en la mano y tratar de adivinar cosas sobre su historia, o tal vez la historia del propietario.<\/p>\n<p>Este es un poco m\u00e1s dif\u00edcil para principiantes pero igual possible, particularmente con algo de meditaci\u00f3n de antemano.<\/p>\n<h3>3. Meditaci\u00f3n<\/h3>\n<p>\u00bfPor qu\u00e9 es importante para el desarrollo de las habilidades ps\u00edquicas la meditaci\u00f3n? Porque los sentimientos ps\u00edquicos, intuiciones y mensajes a veces son dif\u00edciles de escuchar de las voces entre los de todos las dem\u00e1s voces en su cabeza (que todos tenemos varios de ellos). La meditaci\u00f3n no se trata de relajarse, pero en su lugar es centrarse en su mente en una sola cosa, que te deja receptivos a los mensajes de su subconsciente.<\/p>\n<p>Mensajes ps\u00edquicos a menudo provienen de varias partes de su cuerpo, as\u00ed como su mente para la meditaci\u00f3n le ayudar\u00e1 a ser m\u00e1s consciente de estos sentimientos y ayudar\u00e1 a saber c\u00f3mo interpretarlos.<\/p>\n<p>S\u00e9 que hacer meditaci\u00f3n puede parecer un poco de una tarea para algunas personas, pero realmente funciona, tambi\u00e9n para \u00a1beneficios de felicidad! Si te encuentras que te sientes un poco inquieto haciendo meditaci\u00f3n considera hacer meditaci\u00f3n activa como Yoga, Tai Chi o Chi Gung. De verdad recomiendo este strong <strong><a title=\"Chi Gung\" href=\"https:\/\/www.signalriver.com\/es\/chi-gung\">curso en l\u00ednea que hice para Chi Kung<\/a><\/strong>.<\/p>\n<h3>4. Brainwave Entrainment para desarrollar la capacidad ps\u00edquica<\/h3>\n<p>Si est\u00e1s encontrando la meditaci\u00f3n dif\u00edcil, o incluso si no, brainwave entrainment puede ser una buena manera para acelerar tu desarrollo ps\u00edquico.<\/p>\n<p>Brainwave entrainment usa frecuencias especiales para ayudar a tus ondas cerebrales a obtener el estado requerido para la meditaci\u00f3n y para incrementar la receptividad ps\u00edquica.<\/p>\n<p>He probado temas de la tienda inexplicable y los encontre muy util. Como este <strong><a title=\"Psychic Abilities Enhancer Track\" href=\"https:\/\/www.signalriver.com\/es\/develop-your-psychic-abilites-quickly\">pista promotor de la capacidad ps\u00edquica<\/a><\/strong> y este <strong><a title=\"Meditation Video\" href=\"https:\/\/www.signalriver.com\/es\/meditation-video\">video de meditaci\u00f3n<\/a><\/strong> se ve bastante bien.<\/p>\n<h3>5.\u00a0 Ejercicio de desarrollo ps\u00edquico en video<\/h3>\n<p>No hay nada como un poco de experiencia pr\u00e1ctica cuando se est\u00e1 aprendiendo algo, as\u00ed que ver este video y tratar el ejercicio, no es necesario haber comprado ninguna herramienta ni nada.<\/p>\n<p><span style=\"color: #ffffff;\">.<\/span><br \/>\n<iframe loading=\"lazy\" src=\"http:\/\/www.youtube.com\/embed\/YiWAR2SyHtg?rel=0\" width=\"420\" height=\"315\" frameborder=\"0\"><\/iframe><\/p>\n<h3>6. Crear un santuario ps\u00edquico<\/h3>\n<p>Mientras que usted puede practicar su desarrollo ps\u00edquico en cualquier momento o lugar, tambi\u00e9n puede ser \u00fatil tener un tiempo y espacio para hacer sus ejercicios.<\/p>\n<p>Es posible que tenga un lugar favorito en la naturaleza o una esquina de su habitaci\u00f3n se pod\u00eda utilizar. Morados y azules se cree tradicionalmente para ser ps\u00edquicamente alentando as\u00ed que es posible que desee decorar la zona en ese color, o tiene elementos como cristales y velas en esos colores.<\/p>\n<p>Los olores son poderosos en el desencadenamiento de las respuestas subconscientes as\u00ed que recomiendo quema incienso, como la goma ar\u00e1biga (tambi\u00e9n conocido como goma de acacia) Copal, artemisa, mirra o sabia.<\/p>\n<h3>7. Beba T\u00e9 Ps\u00edquico<\/h3>\n<p>Tambi\u00e9n puede desarrollar sus habilidades ps\u00edquicas antes de hacer una lectura al hacer algo de este t\u00e9 ps\u00edquico:<\/p>\n<p><strong>Ingredientes:<\/strong><\/p>\n<p>3\/8 de cucharadita de p\u00e9talos de Rose<br \/>\n2\/8 de cucharadita de milenrama<br \/>\n1\/8 cucharadita de canela<\/p>\n<p>(\u00a1No se preocupe si usted no puede obtener las cantidades exacta!)<\/p>\n<h3>8. \u00bfEst\u00e1 teniendo pesadillas?<\/h3>\n<p>Mientras que los sue\u00f1os pueden transmitir todo tipo de mensajes de lo bizarro a la significativa, siendo consciente de sus sue\u00f1os es otra manera de mirar hacia fuera para esos mensajes ps\u00edquicos. El primer paso, por supuesto, es llegar a ser bueno en <a title=\"How to Remember your Dreams\" href=\"https:\/\/www.signalriver.com\/es\/how-to-remember-your-dreams\/\">C\u00f3mo Recordar Tus Sue\u00f1os<\/a>.<\/p>\n<p>Una vez que hayas hecho esto se puede tratar de aumentar la probabilidad de conseguir un sue\u00f1o prof\u00e9tico poniendo bloques de alcanfor debajo de la almohada y tal vez incluso hacer una almohada sue\u00f1o con las hierbas artemisa, Ajenjo y\/o milenrama.<\/p>\n<p>Estas hierbas muy levemente triposa ayudar\u00e1n a relajar la mente y fomentar visiones ps\u00edquicas. No utilice la almohada demasiado bien como su sue\u00f1o puede no ser tan refrescante como normal!<\/p>\n<h2>C\u00f3mo desarrollar la capacidades ps\u00edquicas \u2013 Conclusi\u00f3n<\/h2>\n<p>Mientras que algunas personas nacen con mucho talento, la mayor\u00eda de la gente tiene que trabajar en ello para conseguir mejor y mejor en los poderes ps\u00edquicos. Lo bueno es que al poner incluso algunos de los pasos anteriores a la acci\u00f3n (o incluso mejor de todos ellos!) Usted puede comenzar r\u00e1pidamente a ver mejoras en su desarrollo ps\u00edquico.<\/p>\n<p><span style=\"color: #ffffff;\">\u00a0..<\/span><\/p>\n<p><strong><span style=\"color: #ff0000;\">\u00bfTienes alguna pregunta acerca de tu desarrollo ps\u00edquico?\u00a0 <\/span><\/strong><\/p>\n<p><strong><span style=\"color: #ff0000;\"><strong>\u00bfHa notado algo extra\u00f1o que le gustar\u00eda explicar?<\/strong><\/span><\/strong><\/p>\n<p>Si la respuesta a est\u00e1s preguntas es <strong>s\u00ed<\/strong> entonces puedes beneficiantes de los consejos de un ps\u00edquico.<\/p>\n<p>Cuando he tenido ocurrencias ps\u00edquicas inusuales en el pasado he tenido \u00e9xito ponerse en contacto con un ps\u00edquico para el consejo, como cuando yo estaba tratando de viaje astral, pero algunas personas que creo que fueron mis gu\u00edas espirituales me dijo que no estaba preparado. Un ps\u00edquico fue capaz de decirme por qu\u00e9 y qu\u00e9 hacer al respecto.<\/p>\n<p>Si tienes problemas similares o cualquier problema de desarrollo ps\u00edquico, o simplemente necesita m\u00e1s orientaci\u00f3n sobre c\u00f3mo desarrollar sus habilidades ps\u00edquicas, entonces te recomiendo dar a estos ps\u00edquicos una llamada.<\/p>\n<p>Por el momento <a href=\"https:\/\/www.signalriver.com\/psychic-source-espanol\">Psychic Source<\/a>\u00a0est\u00e1n ofreciendo los primeros 10 minutos por $1\u00a0cada minuto\u00a0as\u00ed que es un buen tiempo para llamar.<\/p>","protected":false},"excerpt":{"rendered":"<p>Obtener lecturas ps\u00edquicas es una buena manera de tener consejos, pero \u00bfSab\u00edas que tambi\u00e9n puedes desarrollar tus propios poderes? Aqu\u00ed lo voy a explicar el como desarrollar tus habilidades ps\u00edquicas. Aunque algunas personas nacen talentosas con el don ps\u00edquico fuerte, todos tenemos la habilidad de escuchar a nuestra intuici\u00f3n, aprovechar mensajes ocultos e incluso predecir el futuro. A un ciertos puntos de nuestra vida todos est\u00e1mos preparados para desarrollar nuestro poder ps\u00edquico y el hecho es que est\u00e1s leyendo est\u00e1 p\u00e1gina es una buena pista de que est\u00e1s listo para progresar o desarrollar tus habilidades ps\u00edquicas. Mejore su capacidad ps\u00edquica <\/p>\n","protected":false},"author":1,"featured_media":1598,"parent":0,"menu_order":20,"comment_status":"open","ping_status":"open","template":"","meta":{"footnotes":""},"_links":{"self":[{"href":"https:\/\/www.signalriver.com\/es\/wp-json\/wp\/v2\/pages\/321"}],"collection":[{"href":"https:\/\/www.signalriver.com\/es\/wp-json\/wp\/v2\/pages"}],"about":[{"href":"https:\/\/www.signalriver.com\/es\/wp-json\/wp\/v2\/types\/page"}],"author":[{"embeddable":true,"href":"https:\/\/www.signalriver.com\/es\/wp-json\/wp\/v2\/users\/1"}],"replies":[{"embeddable":true,"href":"https:\/\/www.signalriver.com\/es\/wp-json\/wp\/v2\/comments?post=321"}],"version-history":[{"count":37,"href":"https:\/\/www.signalriver.com\/es\/wp-json\/wp\/v2\/pages\/321\/revisions"}],"predecessor-version":[{"id":1399,"href":"https:\/\/www.signalriver.com\/es\/wp-json\/wp\/v2\/pages\/321\/revisions\/1399"}],"wp:featuredmedia":[{"embeddable":true,"href":"https:\/\/www.signalriver.com\/es\/wp-json\/wp\/v2\/media\/1598"}],"wp:attachment":[{"href":"https:\/\/www.signalriver.com\/es\/wp-json\/wp\/v2\/media?parent=321"}],"curies":[{"name":"wp","href":"https:\/\/api.w.org\/{rel}","templated":true}]}}