{"id":332,"date":"2012-04-09T17:48:13","date_gmt":"2012-04-09T17:48:13","guid":{"rendered":"http:\/\/www.signalriver.com\/?page_id=332"},"modified":"2018-04-30T20:38:25","modified_gmt":"2018-04-30T20:38:25","slug":"psychic-scams-what-to-avoid","status":"publish","type":"page","link":"https:\/\/www.signalriver.com\/es\/psychic-scams-what-to-avoid\/","title":{"rendered":"Ps\u00edquicos estafadores &#8211; \u00bfQu\u00e9 evitar?"},"content":{"rendered":"<p><img loading=\"lazy\" decoding=\"async\" class=\"alignright  wp-image-384\" style=\"margin-left: 10px;\" title=\"Psychic Scams\" src=\"https:\/\/www.signalriver.com\/wp-content\/uploads\/2012\/04\/voodoo-doll-199x300.jpg\" alt=\"Psychic Scams\" width=\"185\" height=\"279\" srcset=\"https:\/\/www.signalriver.com\/wp-content\/uploads\/2012\/04\/voodoo-doll-199x300.jpg 199w, https:\/\/www.signalriver.com\/wp-content\/uploads\/2012\/04\/voodoo-doll.jpg 681w\" sizes=\"(max-width: 185px) 100vw, 185px\" \/>Mientras que en mi experiencia hay muchos excelentes lectores ps\u00edquicos que hay, por desgracia, la naturaleza de s\u00ed permite ciertos estafadores para enga\u00f1ar a la gente por su dinero.<\/p>\n<p>Aqu\u00ed les lo contar\u00e9 algunas de las estafas ps\u00edquicas m\u00e1s comunes y qu\u00e9 tener en cuenta al obtener una lectura. Tambi\u00e9n estoy compilando una <a title=\"Psychic Scam List\" href=\"#list\"><strong>lista de ps\u00edquicos estafadores<\/strong><\/a> para los lectores en l\u00ednea por lo que si usted sabe de alguna por favor ponerse en contacto.<\/p>\n<h2>Estafas ps\u00edquicas m\u00e1s comunes<\/h2>\n<h3>Lecturas en fr\u00edo<\/h3>\n<p>Usted probablemente ha o\u00eddo hablar de esta t\u00e9cnica, pero b\u00e1sicamente se trata de el lanzamiento ps\u00edquica a una declaraci\u00f3n general y recoger las reacciones de alguien para ver si toca la fibra sensible. Medios como John Edwards parecen hacer esto diciendo algo como: \"Estoy sintiendo un Mike, Michael o Mick\".<\/p>\n<p>Esta declaraci\u00f3n es grande para un ps\u00edquico falso ya que no han hecho incluso dijo que esa persona ha muerto por lo que podr\u00eda ser alguien de la audiencia ni nada. El 'ps\u00edquico' juzgar\u00e1 la reacci\u00f3n y hacer un comentario sobre la base de eso.<\/p>\n<p>Otra declaraci\u00f3n vaga com\u00fan ser\u00eda hacer un seguimiento con \"Julio es un mes importante para usted\". Aqu\u00ed esto podr\u00eda relacionarse con casi cualquier cosa (un cumplea\u00f1os, un d\u00eda de la muerte, un aniversario o as\u00ed sucesivamente), y cualquier persona (la persona muerta, el miembro de la audiencia, un miembro de la familia, etc.) por lo que el estafador espera a una pista y contin\u00faa.<\/p>\n<p>Esos espect\u00e1culos ps\u00edquicos de televisi\u00f3n son especialmente f\u00e1ciles de convencer a la gente de debido a la edici\u00f3n inteligente hecho, y tambi\u00e9n a veces estos programas se han sabido para obtener informaci\u00f3n de las personas mediante el uso de plantas (esp\u00edas humanos no amigos de hoja!) En la audiencia, o incluso de informaci\u00f3n completaron la hora de solicitar entradas.<\/p>\n<p>Correos electr\u00f3nicos no solicitados pueden utilizar esta t\u00e9cnica tambi\u00e9n, por decir cosas como que se siente solo y con necesidad de un amigo, etc. Para las personas vulnerables estos mensajes de correo electr\u00f3nico puede sonar verdad a pesar de que es s\u00f3lo una secuencia de comandos de correo electr\u00f3nico gen\u00e9rico. He encontrado que los cienci\u00f3logos utilizan este m\u00e9todo tambi\u00e9n al darle un \"test de personalidad 'dise\u00f1ada para atrapar a las personas deprimidas y desesperadas.<\/p>\n<h3>Est\u00e1s maldito y s\u00f3lo yo (y tu dinero) puede salvarte<\/h3>\n<p>Esto es una estafa ps\u00edquica muy com\u00fan, donde le dicen que una maldici\u00f3n se ha visto a su alrededor y s\u00f3lo el ps\u00edquico puede levantar por usted. A veces esto requiere una lectura ps\u00edquica muy caro, o incluso le llevar\u00e1 a tener que comprar piedras especiales o velas con precios rid\u00edculos como $ 100!<\/p>\n<h3>Vas a ganar la loter\u00eda (\u00a1Pero pagame primero!)<\/h3>\n<p>Una estafa ps\u00edquica similar a la maldici\u00f3n es que se les diga que usted tiene un triunfo de la loter\u00eda o una herencia o algo esperando por usted, pero que s\u00f3lo lo conseguir\u00e1 si usted tiene una lectura ps\u00edquica, o pagar por un hechizo que le ayude. Aunque yo creo en el poder de hechizos usted debe nunca confiar en nadie que le dice que usted necesita un hechizo para vivir la maldici\u00f3n o para obtener un premio de loter\u00eda.<\/p>\n<h2>C\u00f3mo Evitar Estafas Ps\u00edquicas<\/h2>\n<p>Tenga cuidado con los ps\u00edquica que le pide dinero para levantar una maldici\u00f3n o darle riqueza<\/p>\n<p><strong>Cuidado con lecturas muy costosas<\/strong> \u2013 Algunos de los mejores ps\u00edquicos cobran un poco para una lectura pero usted debe investigar a fondo esto y nunca pagar m\u00e1s de $ 300. Nunca he pagado ni de lejos tanto, tiende a utilizar empresas como Keen y Oranum que tienen tasas mucho m\u00e1s razonables.<\/p>\n<p><strong>Lecturas Gratuitas<\/strong> \u2013 Muchos sitios web ofrecen lecturas introductorias gratuitas, o al menos le permiten una pregunta gratuita o conseguir minutos gratis, y algunos ofrecen (gratis por registro) competencias para promocionarse. Esto est\u00e1 muy bien, pero s\u00f3lo aseg\u00farese de que no siguen con una de las estafas de loter\u00eda que he mencionado.<\/p>\n<p><strong>Cuidado con Lecturas fr\u00edas<\/strong> \u2013 Si bien es normal que algunos ps\u00edquicos hacerle preguntas con el fin de responder mejor a su pregunta, un buen ps\u00edquico a tratar de proporcionar una validaci\u00f3n por decirte algo que no les haya dicho o hecho que sea f\u00e1cil de adivinar. No estoy sugiriendo que usted se acuesta a su ps\u00edquico o tratar de hacer que sea dif\u00edcil para ellos, que no es \u00fatil, pero s\u00f3lo tener esto en cuenta.<\/p>\n<p><strong>Cuidado si se hace una gran cantidad de preguntas personales<\/strong><\/p>\n<p>O\u00ed hablar de una estafa donde un 'sanador ps\u00edquico' afirmaba estar yendo en peregrinaci\u00f3n a Lourdes y enviar\u00eda cartas diciendo que la persona recibir\u00eda la felicidad, la riqueza y la suerte. No pidi\u00f3 dinero pero pidi\u00f3 la direcci\u00f3n, nombre completo, fecha de nacimiento y lugar de nacimiento, as\u00ed como informaci\u00f3n sobre las mascotas, socios nombres y c\u00f3nyuges - el tipo de informaci\u00f3n que un mont\u00f3n de gente utiliza como banco y e-mail contrase\u00f1as de cuentas!<\/p>\n<p>Si bien es normal que se le pregunte una fecha de nacimiento y pa\u00eds de residencia para una lectura ps\u00edquica, as\u00ed como lugar y la hora de nacimiento de cartas astrol\u00f3gicas, sin duda evitar cualquier persona que empieza a pedir cosas que podr\u00edan ser utilizados en las contrase\u00f1as, y no lo hacen responder a las cartas y correos electr\u00f3nicos no solicitados.<\/p>\n<h2>Estafas ps\u00edquicas - \u00bfHas sido estafado? \u00a1Cuentame!<\/h2>\n<p>Actualmente estoy compilando una lista de estafadores ps\u00edquicos conocidos en Internet. Si usted sabe de un lector ps\u00edquico en l\u00ednea o servicio que es falsa o deshonesta, <a title=\"Contact me\" href=\"https:\/\/www.signalriver.com\/es\/contact-me\/\">por favor cont\u00e1ctame<\/a> y lo investigar\u00e9.<\/p>\n<p><strong>NOTA<\/strong>:\u00a0 Conseguir una incorrecta lectura de una vez no significa que alguien es un estafador, incluso los mejores ps\u00edquicos no pueden sintonizar a veces y la mayor\u00eda de las compa\u00f1\u00edas le ofrecen una lectura alternativa si se lo pides. Por estafadores me refiero a las personas que son, obviamente, la lectura en fr\u00edo, hablar de maldiciones o gana la loter\u00eda o simplemente tratando de estafar dinero de la gente.<\/p>\n<h2><strong><a name=\"list\"><\/a>Lista de estafadores ps\u00edquicos<\/strong><\/h2>\n<p><strong>\u00a0\u00bfEst\u00e1s en la lista y crees que no deber\u00edas? \u00a0<a title=\"Contact me\" href=\"https:\/\/www.signalriver.com\/contact-me\/\">cont\u00e1ctame<\/a> para resolverlo.<\/strong><\/p>\n<p><strong>Nalani Monet<\/strong> - He o\u00eddo varios informes de mensajes de correo electr\u00f3nico no siendo enviados, y peor que te dice que es una maldici\u00f3n y exigiendo grandes sumas de dinero.<\/p>\n<p>http:\/\/psychicnalani.com\/<\/p>\n<p><strong>Tara Medium<\/strong> \u2013 ofrece una lectura de correo electr\u00f3nico gratuito que luego te dice que hay una maldici\u00f3n y una victoria para usted. Tengo este email despreciable.<\/p>\n<p>www.tara-medium.com<\/p>\n<p>Las experiencias de otras personas- <a title=\"Tara is a scam\" href=\"http:\/\/www.complaintsboard.com\/complaints\/tara-lttaratara-mediumcomgt-tara-medium-is-a-scam-c397450.html\">http:\/\/www.complaintsboard.com\/complaints\/tara-lttaratara-mediumcomgt-tara-medium-is-a-scam-c397450.html<\/a><\/p>\n<p><strong>Orisha Ashe<\/strong><\/p>\n<p>Este sitio (<strong>http:\/\/www.orishaashe.com<\/strong>) es conocido por ser falso<\/p>\n<p><a title=\"Orisha Scam\" href=\"http:\/\/www.complaintsboard.com\/complaints\/wwworishaashecom-c576980.html#c1145239\">http:\/\/www.complaintsboard.com\/complaints\/wwworishaashecom-c576980.html#c1145239<\/a><\/p>\n<p><strong>Gabriella Psychic<\/strong><\/p>\n<p>Ofrece una lectura libre entonces usted comienza a recibir solicitudes de grandes sumas de dinero, y que le dice cosas como ella quiere que seas su alumno personal y ella te ense\u00f1ar\u00e1 todos estos secretos porque resulta que usted est\u00e1 especialmente dotado.<\/p>\n<p>gabriella-psychic.com<\/p>\n<p><a title=\"Gabriella psychic is a fake\" href=\"http:\/\/www.complaintsboard.com\/byurl\/gabriella-psychic.com.html\">http:\/\/www.complaintsboard.com\/byurl\/gabriella-psychic.com.html<\/a><\/p>\n<p><strong>ESPchat<\/strong><\/p>\n<p>Un video servicio de chat ps\u00edquica que muchas personas han encontrado cargada la tarjeta pero no consigui\u00f3 su lectura. Asimismo, las personas tienen dificultades para cancelar. Ellos responden a los comentarios en el sitio web de quejas a bordo, as\u00ed que si usted ha sido estafado podr\u00eda intentar publicar all\u00ed.<\/p>\n<p>www.espchat.com<\/p>\n<p><a title=\"Esp Chat Psychic Scam\" href=\"http:\/\/www.complaintsboard.com\/bycompany\/espchat-a292441.html\">http:\/\/www.complaintsboard.com\/bycompany\/espchat-a292441.html<\/a><\/p>\n<h3>Estafas ps\u00edquicas - Conclusi\u00f3n<\/h3>\n<p>Hay muchos estafadores por ah\u00ed, as\u00ed que no se sienta mal si usted ha sido v\u00edctima, pero me informa a m\u00ed para que podamos detenerlos y ponerlos en mi <em> lista de estafa ps\u00edquica <\/em>!<\/p>\n<p>Dicho esto, la mayor\u00eda de los ps\u00edquicos en l\u00ednea son en realidad la gente decente, pero para estar seguro que es genial para conseguir algunas recomendaciones. Echa un vistazo a mis comentarios ps\u00edquicos (Enlace pr\u00f3ximamente).<\/p>","protected":false},"excerpt":{"rendered":"<p>Mientras que en mi experiencia hay muchos excelentes lectores ps\u00edquicos que hay, por desgracia, la naturaleza de s\u00ed permite ciertos estafadores para enga\u00f1ar a la gente por su dinero. Aqu\u00ed les lo contar\u00e9 algunas de las estafas ps\u00edquicas m\u00e1s comunes y qu\u00e9 tener en cuenta al obtener una lectura. Tambi\u00e9n estoy compilando una lista de ps\u00edquicos estafadores para los lectores en l\u00ednea por lo que si usted sabe de alguna por favor ponerse en contacto. Estafas ps\u00edquicas m\u00e1s comunes Lecturas en fr\u00edo Usted probablemente ha o\u00eddo hablar de esta t\u00e9cnica, pero b\u00e1sicamente se trata de el lanzamiento ps\u00edquica a una <\/p>\n","protected":false},"author":1,"featured_media":1077,"parent":0,"menu_order":23,"comment_status":"open","ping_status":"open","template":"","meta":{"footnotes":""},"_links":{"self":[{"href":"https:\/\/www.signalriver.com\/es\/wp-json\/wp\/v2\/pages\/332"}],"collection":[{"href":"https:\/\/www.signalriver.com\/es\/wp-json\/wp\/v2\/pages"}],"about":[{"href":"https:\/\/www.signalriver.com\/es\/wp-json\/wp\/v2\/types\/page"}],"author":[{"embeddable":true,"href":"https:\/\/www.signalriver.com\/es\/wp-json\/wp\/v2\/users\/1"}],"replies":[{"embeddable":true,"href":"https:\/\/www.signalriver.com\/es\/wp-json\/wp\/v2\/comments?post=332"}],"version-history":[{"count":26,"href":"https:\/\/www.signalriver.com\/es\/wp-json\/wp\/v2\/pages\/332\/revisions"}],"predecessor-version":[{"id":1434,"href":"https:\/\/www.signalriver.com\/es\/wp-json\/wp\/v2\/pages\/332\/revisions\/1434"}],"wp:featuredmedia":[{"embeddable":true,"href":"https:\/\/www.signalriver.com\/es\/wp-json\/wp\/v2\/media\/1077"}],"wp:attachment":[{"href":"https:\/\/www.signalriver.com\/es\/wp-json\/wp\/v2\/media?parent=332"}],"curies":[{"name":"wp","href":"https:\/\/api.w.org\/{rel}","templated":true}]}}