{"id":338,"date":"2012-04-09T18:04:44","date_gmt":"2012-04-09T18:04:44","guid":{"rendered":"http:\/\/www.signalriver.com\/?page_id=338"},"modified":"2018-05-02T15:19:56","modified_gmt":"2018-05-02T15:19:56","slug":"contact-me","status":"publish","type":"page","link":"https:\/\/www.signalriver.com\/es\/contact-me\/","title":{"rendered":"Cont\u00e1ctame"},"content":{"rendered":"<p>\u00a1Hola y gracias por entrar a mi sitio web!<\/p>\n<p>Si conoces alg\u00fan estafador ps\u00edquico entonces ponte en contacto y yo lo investigare colocandolos en mi <a title=\"Lista de ps\u00edquicos estafadorest\" href=\"https:\/\/www.signalriver.com\/es\/psychic-scams-what-to-avoid\/\">lista de ps\u00edquicos estafadores<\/a>.<\/p>\n<p>Adem\u00e1s, si quieres un sitio web ps\u00edquico que sea revisado por favor h\u00e1gamelo saber. Aunque no puedo prometer para responder a cada uno individualmente, si me dan suficientes solicitudes de uno, Voy a mirar en ese sitio o ps\u00edquico. Si usted es un propietario del sitio ps\u00edquico que le gustar\u00eda sea revisado por favor, menciona eso cuando se ponga en contacto.<\/p>\n<p>Lucy<\/p>\n<p><code><div class=\"formcontainer\">\n\t<p class=\"information\">Required fields are marked <span class=\"required\">*<\/span>.<\/p>\r\n\t<form class=\"contact-form\" action=\"https:\/\/www.signalriver.com\/es\/contact-me\/\" method=\"post\">\r\n\t\t<fieldset>\r\n\t\t\t<legend>Your information<\/legend>\r\n\t\t\t<div class=\"form-label\"><label for=\"ec_name\">Name <span class=\"required\">*<\/span><\/label><\/div>\r\n\t\t\t<div class=\"form-input\"><input id=\"ec_name\" name=\"ec_name\" class=\"text required\" type=\"text\" value=\"\" size=\"30\" maxlength=\"50\" \/><\/div>\r\n\t\t\t<div class=\"form-label\"><label for=\"ec_email\">Email <span class=\"required\">*<\/span><\/label><\/div>\r\n\t\t\t<div class=\"form-input\"><input id=\"ec_email\" name=\"ec_email\" class=\"text required\" type=\"text\" value=\"\" size=\"30\" maxlength=\"50\" \/><\/div>\r\n\t\t\t<div class=\"form-label\"><label for=\"ec_url\">Website<\/label><\/div>\r\n\t\t\t<div class=\"form-input\"><input id=\"ec_url\" name=\"ec_url\" class=\"text optional\" type=\"text\" value=\"\" size=\"30\" maxlength=\"50\" \/><\/div>\r\n\t\t<\/fieldset>\r\n\t\t<fieldset>\r\n\t\t\t<legend>Your message<\/legend>\r\n\t\t\t<div class=\"form-label\"><label for=\"ec_subject\">Subject <span class=\"required\">*<\/span><\/label><\/div>\r\n\t\t\t<div class=\"form-input\"><input id=\"ec_subject\" name=\"ec_subject\" class=\"text required\" type=\"text\" value=\"\" size=\"30\" maxlength=\"50\" \/><\/div>\r\n\t\t\t<div class=\"form-label\"><label for=\"ec_message\">Message <span class=\"required\">*<\/span><\/label><\/div>\r\n\t\t\t<div class=\"form-textarea\"><textarea id=\"ec_message\" name=\"ec_message\" class=\"text required\" cols=\"40\" rows=\"8\"><\/textarea><\/div>\r\n\t\t<\/fieldset>\r\n\t\t<fieldset>\r\n\t\t\t<legend>Confirmation<\/legend>\r\n\t\t\t<div class=\"form-option\"><input id=\"ec_option_cc\" name=\"ec_option_cc\" class=\"check optional\" type=\"checkbox\" value=\"true\" \/> <label for=\"ec_option_cc\">Email yourself a copy?<\/label><\/div>\r\n\t\t\t<div class=\"form-submit\">\r\n\t\t\t\t<input type=\"submit\" name=\"submit\" class=\"button\" value=\"Submit\" \/>\r\n\t\t\t\t<input type=\"hidden\" name=\"ec_stage\" value=\"process\" \/>\r\n\t\t\t\t<input type=\"hidden\" name=\"ec_referer\" value=\"\" \/>\r\n\t\t\t\t<input type=\"hidden\" name=\"ec_orig_referer\" value=\"\" \/>\r\n\t\t\t<\/div>\r\n\t\t<\/fieldset>\r\n\t<\/form>\r\n<\/div><\/code><\/p>","protected":false},"excerpt":{"rendered":"<p>\u00a1Hola y gracias por entrar a mi sitio web! Si conoces alg\u00fan estafador ps\u00edquico entonces ponte en contacto y yo lo investigare colocandolos en mi lista de ps\u00edquicos estafadores. Adem\u00e1s, si quieres un sitio web ps\u00edquico que sea revisado por favor h\u00e1gamelo saber. Aunque no puedo prometer para responder a cada uno individualmente, si me dan suficientes solicitudes de uno, Voy a mirar en ese sitio o ps\u00edquico. Si usted es un propietario del sitio ps\u00edquico que le gustar\u00eda sea revisado por favor, menciona eso cuando se ponga en contacto. Lucy<\/p>\n","protected":false},"author":1,"featured_media":0,"parent":0,"menu_order":26,"comment_status":"open","ping_status":"open","template":"","meta":{"footnotes":""},"_links":{"self":[{"href":"https:\/\/www.signalriver.com\/es\/wp-json\/wp\/v2\/pages\/338"}],"collection":[{"href":"https:\/\/www.signalriver.com\/es\/wp-json\/wp\/v2\/pages"}],"about":[{"href":"https:\/\/www.signalriver.com\/es\/wp-json\/wp\/v2\/types\/page"}],"author":[{"embeddable":true,"href":"https:\/\/www.signalriver.com\/es\/wp-json\/wp\/v2\/users\/1"}],"replies":[{"embeddable":true,"href":"https:\/\/www.signalriver.com\/es\/wp-json\/wp\/v2\/comments?post=338"}],"version-history":[{"count":12,"href":"https:\/\/www.signalriver.com\/es\/wp-json\/wp\/v2\/pages\/338\/revisions"}],"predecessor-version":[{"id":1744,"href":"https:\/\/www.signalriver.com\/es\/wp-json\/wp\/v2\/pages\/338\/revisions\/1744"}],"wp:attachment":[{"href":"https:\/\/www.signalriver.com\/es\/wp-json\/wp\/v2\/media?parent=338"}],"curies":[{"name":"wp","href":"https:\/\/api.w.org\/{rel}","templated":true}]}}