{"id":396,"date":"2012-04-10T16:56:55","date_gmt":"2012-04-10T16:56:55","guid":{"rendered":"http:\/\/www.signalriver.com\/?page_id=396"},"modified":"2019-04-16T09:16:23","modified_gmt":"2019-04-16T09:16:23","slug":"psychic-source-reviews","status":"publish","type":"page","link":"https:\/\/www.signalriver.com\/es\/psychic-source-reviews\/","title":{"rendered":"An\u00e1lisis de mi Psychic Source"},"content":{"rendered":"<p><a href=\"https:\/\/www.signalriver.com\/psychic-source-espanol\"><img loading=\"lazy\" decoding=\"async\" class=\"alignright wp-image-1200 size-medium\" src=\"https:\/\/www.signalriver.com\/wp-content\/uploads\/2012\/04\/psychic-source-reviews-300x126.jpg\" alt=\"Psychic Source\" width=\"300\" height=\"126\" srcset=\"https:\/\/www.signalriver.com\/wp-content\/uploads\/2012\/04\/psychic-source-reviews-300x126.jpg 300w, https:\/\/www.signalriver.com\/wp-content\/uploads\/2012\/04\/psychic-source-reviews.jpg 400w\" sizes=\"(max-width: 300px) 100vw, 300px\" \/><\/a>Cr\u00edtico: Lucy Langley<br \/>\nPuntaje:<img loading=\"lazy\" decoding=\"async\" class=\"alignnone size-full wp-image-1084\" src=\"https:\/\/www.signalriver.com\/wp-content\/uploads\/2012\/04\/stars-5.gif\" alt=\"stars-5\" width=\"64\" height=\"12\" \/><br \/>\nSitio web Revisado: <a href=\"https:\/\/www.signalriver.com\/psychic-source-espanol\">Sitio web de Psychic Source <\/a><\/p>\n<p>Psychic Source ha estado presente alrededor de 20 a\u00f1os, as\u00ed como su experiencia los ha llevado a hacer lecturas de gran calidad, \u00bfo no?<\/p>\n<p>Aver\u00edgualo en mi <strong>rese\u00f1a de Psychic Source<\/strong> debajo.<\/p>\n<p>He estado utilizando este sitio de lecturas clarividentes por varios a\u00f1os y tengo que decir que ellos proveen un excelente servicio.\u00a0 Una de las cosas que me gusta es que son una compa\u00f1\u00eda peque\u00f1a la cual se describe a s\u00ed misma como \"un poco loca\" y apasionada por dar buenas lecturas ps\u00edquicas y servicio al cliente y eso se nota. (\u00a1La pasi\u00f3n, no la locura!).\u00a0 Y por supuesto que tienen algunos ps\u00edquicos geniales.<\/p>\n<p>M\u00e1s adelante en esta misma rese\u00f1a, encontrar\u00e1s mis lectores recomendados en Psychic Source los cuales me han dado a m\u00ed como a gente que conozco, buenas y precisas lecturas, y cualquier c\u00f3digo promocional disponible.<\/p>\n<p><span style=\"font-size: 24px;\"><strong><a title=\"Psychic Source Readings\" href=\"https:\/\/www.signalriver.com\/psychic-source-espanol\">Visita Psychic Source Espa\u00f1a -\u00a0 10 minutos por $10<\/a><\/strong><\/span><br \/>\n<span style=\"color: #ffffff; font-size: 24px;\"> .<\/span><\/p>\n<h2>\u00bfQu\u00e9 Servicios Ps\u00edquicos Ofrecen?<\/h2>\n<p>Ellos ofrecen<strong> lecturas ps\u00edquicas por tel\u00e9fono<\/strong> y recientemente han empezado a ofrecer <strong>lecturas ps\u00edquicas por chat<\/strong> tambi\u00e9n.\u00a0 Los nuevos clientes pueden obtener una lectura ps\u00edquica por email gratis.<\/p>\n<p>Todos los lectores tienen distintas habilidades que esperar\u00edas desde el tarot hasta la numerolog\u00eda, desde la interpretaci\u00f3n de sue\u00f1os y astrolog\u00eda hasta el uso de gu\u00edas espirituales y muchas cosas m\u00e1s.<\/p>\n<h2>El Servicio al Cliente es Excelente<\/h2>\n<p>El servicio al cliente de Psychic Source es insuperable.\u00a0 Como la mayor\u00eda de los sitios web ps\u00edquicos, ellos ofrecen garant\u00eda de satisfacci\u00f3n en las lecturas ps\u00edquicas, sin embargo, muchos de estos solo ofrecen otra lectura pero Psychic Source te devolver\u00e1 tu dinero.\u00a0 Felizmente nunca he tenido que utilizar esa garant\u00eda, pues todas las lecturas que he tenido han estado bien.<\/p>\n<p>Su equipo de servicio al cliente y sus receptionistas son gentiles y amigables y si no puedes decidirte por cu\u00e1l lector quieres optar, ellos te ayudar\u00e1n.<\/p>\n<p>Los ps\u00edquicos que me han atendido han sido muy atentos y amigables tambi\u00e9n, as\u00ed como son buenos para lo que hacen, cosa que es buena particularmente cuando est\u00e1s pidiendo algo personal.<\/p>\n<div align=\"center\"><object width=\"389\" height=\"221\" classid=\"clsid:d27cdb6e-ae6d-11cf-96b8-444553540000\" codebase=\"http:\/\/download.macromedia.com\/pub\/shockwave\/cabs\/flash\/swflash.cab#version=6,0,40,0\"><param name=\"allowFullScreen\" value=\"true\" \/><param name=\"allowScriptAccess\" value=\"always\" \/><param name=\"src\" value=\"http:\/\/www.youtube.com\/v\/QOM7Po-ae4A&amp;hl=en_US&amp;feature=player_embedded&amp;version=3\" \/><param name=\"allowfullscreen\" value=\"true\" \/><param name=\"allowscriptaccess\" value=\"always\" \/><embed width=\"389\" height=\"221\" type=\"application\/x-shockwave-flash\" src=\"http:\/\/www.youtube.com\/v\/QOM7Po-ae4A&amp;hl=en_US&amp;feature=player_embedded&amp;version=3\" allowfullscreen=\"allowfullscreen\" allowscriptaccess=\"always\" allowfullscreen=\"allowfullscreen\" allowscriptaccess=\"always\" \/><\/object><\/div>\n<h2>El Proceso de Selecci\u00f3n es Duro<\/h2>\n<p>Por el hecho de que Psychic Source ha estado presente por tanto tiempo, puede darse el gusto de ser selectivos con quienes emplean.<\/p>\n<p>Ellos tienen un muy duro proceso de selecci\u00f3n donde se dice que solo el 5% de los aspirantes lo logran.\u00a0 Cada nuevo lector tiene que hacer aproximadamente 3-4 lecturas as\u00ed como entrevistas con el equipo, y su ps\u00edquico l\u00edder, Moira.\u00a0 Puedes enterarte de m\u00e1s sobre esto mirando el v\u00eddeo ubicado en la parte superior el cual es un clip de un talk show de TV ma\u00f1anero.<\/p>\n<p>Tambi\u00e9n planean introducir la selecci\u00f3n de nuevos ps\u00edquicos por sus clientes principales, lo que es una buena idea.<\/p>\n<h2>Disposici\u00f3n del Sitio<\/h2>\n<p>PS ha actualizado recientemente su website, y ahora se ve genial y es a\u00fan m\u00e1s f\u00e1cil de usar.\u00a0 Agregaron una nueva caracter\u00edstica \u00fanica e interesante, ahora puedes escoger el estilo de personalidad del lector - \u00a1desde compasivo hasta directo, prudente, expresivo y pensativo! No estoy seguro de qu\u00e9 ocurre si escoges que alguien tenga m\u00e1s de una de esas caracter\u00edsticas\u00a0pero sigue siendo bastante ordenado.<\/p>\n<p>Tambi\u00e9n hay una categor\u00eda de lectores quienes pueden ayudar con los problemas relacionados con el dolor y la p\u00e9rdida lo cual puede ser muy \u00fatil y es algo que no he visto en ning\u00fan otro lado.<\/p>\n<p>Otras caracter\u00edsticas:<\/p>\n<ul>\n<li>Si tu lector escogido est\u00e1 ocupado (y los lectores principales como Moira est\u00e1n usualmente <em>MUY<\/em> ocupados) puedes pedir una llamada de vuelta, pero tambi\u00e9n puedes ver cu\u00e1nta gente est\u00e1 esperando antes de ti.\u00a0 \u00a1Usualmente he visto a Moira con 20 o m\u00e1s personas en la cola de espera para hablar con ella!<\/li>\n<li>En la p\u00e1gina de cada ps\u00edquico puedes encontrar m\u00e1s informaci\u00f3n sobre ellos y tambi\u00e9n ver sus horarios, siendo esto bastante \u00fatil.<\/li>\n<li>Muchos de ellos tienen un mensaje en audio que puedes escuchar y realmente me gusta porque ayuda a que te sientas c\u00f3modo con el lector.<\/li>\n<li>Agregar fondos a tu cuenta es muy simple y puedes pagar mayormente por tarjeta de cr\u00e9dito y d\u00e9bito.<\/li>\n<\/ul>\n<h2>Caracter\u00edsticas Especiales de Psychic Source<\/h2>\n<p>Creo que donde la experiencia de Psychic Source se nota realmente es en la atenci\u00f3n a los detalles.\u00a0 Aqu\u00ed hay algunas de las cosas que ellos hacen que a m\u00ed me gustan:<\/p>\n<ul>\n<li>Recientemente introdujeron una caracter\u00edstica donde puedes recibir un mensaje de texto cuando tu lector favorito se conecta.<\/li>\n<li>Me gusta la manera en la que te asignan un n\u00famero libre de peajes para que les llames.<\/li>\n<li>Tienen algunos reconocimientos y programas los cuales siguen fielmente, los cuales son grandiosos si quieres obtener lecturas a menudo.<\/li>\n<li>Disponibilidad las 24 horas del d\u00eda y los 7 d\u00edas a la semana, lo cual es c\u00f3modo.<\/li>\n<\/ul>\n<h2>Ofertas Especiales para Nuevos Clientes<\/h2>\n<p>Como dije antes, los clientes leales obtienen minutos gratis y otras cosas, pero para los nuevos clientes hay actualmente dos ofertas especiales.<\/p>\n<ul>\n<li>Una lectura ps\u00edquica por email gratis.<\/li>\n<li><strong>$1 por minuto por los primeros 10 minutos<\/strong><\/li>\n<\/ul>\n<h2><strong>C\u00f3digo de Promoci\u00f3n\/Descuento<\/strong><\/h2>\n<p><a title=\"Psychic Source Promo Code\" href=\"https:\/\/www.signalriver.com\/es\/psychic-source\">Haz clic aqu\u00ed<\/a>\u00a0para un c\u00f3digo promocional que te da $1 por minuto o cita o utiliza el cup\u00f3n '22762'.<\/p>\n<h2>Rese\u00f1as de Psychic Source<\/h2>\n<p>Hay un mont\u00f3n de testimonios y retroalimentaci\u00f3n en el sitio, la vasta mayor\u00eda de \u00e9stos testimonios van de buenos a excelentes pero est\u00e1 el ocasional \"menos bueno\" el cual siempre es esperado y me ayuda a sentir que las rese\u00f1as son genuinas.<\/p>\n<p>Tienen un sistema, lo que significa que solo aquellos quienes de verdad han tenido una lectura (como de m\u00e1s de 3 minutos) pueden dejar una rese\u00f1a, \u00a1y esto es bueno porque sabes los ps\u00edquicos no dejan falsas rese\u00f1as para su propio bien!<\/p>\n<p><strong>Aqu\u00ed hay unas pocas rese\u00f1as de Psychic Source sacadas del sitio:<\/strong><\/p>\n<p>\"Stella me dijo que ella hab\u00eda tenido una visi\u00f3n en la que se encontraban dos ni\u00f1os moviendo\/colocando una estrella en el cielo para m\u00ed. Me dijo que buscara una estrella en el cielo. Puede ser un planeta, pero se ver\u00e1 como una brillante estrella. Cuando la veas, sabr\u00e1s que finalmente todo est\u00e1 bien. Esto fue lo que ocurri\u00f3... vi una estrella, una brillante al lado de la luna creciente en una noche de Domingo. Estaba situada en una peque\u00f1a abertura en el cielo entre edificios altos justo afuera de las puertillas de mi habitaci\u00f3n. Fue asombroso, porque el cielo no se ve muy bien cuando veo fuera de mis ventanas.<\/p>\n<p>Y, el d\u00eda antes de eso ocurri\u00f3 algo realmente genial, y el fin de semana entero estuvo lleno de progresos en todas mis relaciones cercanas. Stella tiene un verdadero don. No ten\u00eda idea de que experimentar\u00eda su visi\u00f3n. Pero lo hice. Y todav\u00eda me es dif\u00edcil creer c\u00f3mo lleg\u00f3 todo. Gracias, Stella. Solo puedo decir gracias. En realidad vale un mill\u00f3n de gracias. S\u00e9 que eso ser\u00e1 suficiente para ti. \" Joseph Pemberton<\/p>\n<p>\"Joy es asombrosa. Sus predicciones tan lejanas como desde hace dos a\u00f1os se est\u00e1n manifestando exactamente como ella las vio. \u00a1Agradecidamente mantengo buenas notas! \u00a1Mi hombre perfecto est\u00e1 de vuelta en mi vida! \u00a1S\u00ed!\"<\/p>\n<p>\"Todo lo que Sammie me hab\u00eda dicho hace mucho se ha vuelto realidad... incluso las cosas m\u00e1s peque\u00f1as. Alguien dijo que era mejor que tan solo 5 estrellas... \u00a1estoy de acuerdo! \u00a1Deben llamar! Un profesional honesto, preciso y MUY r\u00e1pido. \u00a1\u00a1\u00a1Nunca me siento como si estuviera perdiendo mi dinero o tiempo y he hablado mucho hasta ahora!!! \u00a1\u00a1No te vayas a ning\u00fan lado, Sammie!!\"<\/p>\n<h2>Algunas de mis experiencias de lecturas ps\u00edquicas<\/h2>\n<p>Todas las lecturas que he obtenido de Psychic Source han estado muy bien.\u00a0 Me ha atendido antes la m\u00e1s popular lectora, Moira, quien es excelente, aunque ahora ella se ha mantenido en el sitio por mucho tiempo y est\u00e1 tan ocupada sus tarifas han aumentado un poco y la oferta introductoria de $1 por minuto no aplica con ella.<\/p>\n<h3><strong>Talentosos y recomendados ps\u00edquicos hispanohablantes:<\/strong><\/h3>\n<p><strong>Agatha<\/strong> x9305 \u00a0 \u00a0 \u00a0 \u00a0<strong>Rusuna Angie<\/strong> x8014 \u00a0 \u00a0 <strong>Reyna<\/strong> x9064 \u00a0 \u00a0 \u00a0 \u00a0\u00a0<strong>John<\/strong> x8318<\/p>\n<h3>Rese\u00f1as de Psychic Source - Pensamientos Finales<\/h3>\n<p>Por \u00faltimo, Psychic Source es uno de los mejores sitios que he utilizado con excelente servicio al cliente, un buen rango de lector, y con la mayor importancia, ps\u00edquicos talentosos.\u00a0 Si est\u00e1s buscando una lectura ps\u00edquica realmente buena, entonces har\u00e1s bien en intentar con Psychic Source. Yo los recomiendo de todo coraz\u00f3n.<\/p>\n<p><strong><span style=\"font-size: 20px;\">Me da un gran placer el entregarle a Psychic Source el <\/span><\/strong><\/p>\n<p><strong><span style=\"font-size: 20px;\">Premio del 'Most Ethical Psychic Network'.<\/span><\/strong><\/p>\n<p style=\"text-align: center;\"><strong><span style=\"font-size: 18px;\"><a title=\"Psychic Source Readings\" href=\"https:\/\/www.signalriver.com\/psychic-source-espanol\"><span style=\"font-size: 22px;\">Visita Psychic Source<\/span><\/a><\/span><\/strong><\/p>\n<p style=\"text-align: center;\"><strong><span style=\"font-size: 18px;\"><a title=\"Psychic Source Readings\" href=\"https:\/\/www.signalriver.com\/psychic-source-espanol\">(Actual oferta especial de 10 minutos por $10)<br \/>\n<\/a><\/span><\/strong><\/p>\n<p><\/p>","protected":false},"excerpt":{"rendered":"<p>Cr\u00edtico: Lucy Langley Puntaje: Sitio web Revisado: Sitio web de Psychic Source Psychic Source ha estado presente alrededor de 20 a\u00f1os, as\u00ed como su experiencia los ha llevado a hacer lecturas de gran calidad, \u00bfo no? Aver\u00edgualo en mi rese\u00f1a de Psychic Source debajo. He estado utilizando este sitio de lecturas clarividentes por varios a\u00f1os y tengo que decir que ellos proveen un excelente servicio.\u00a0 Una de las cosas que me gusta es que son una compa\u00f1\u00eda peque\u00f1a la cual se describe a s\u00ed misma como \u00abun poco loca\u00bb y apasionada por dar buenas lecturas ps\u00edquicas y servicio al cliente <\/p>\n","protected":false},"author":1,"featured_media":1200,"parent":0,"menu_order":2,"comment_status":"open","ping_status":"open","template":"","meta":{"footnotes":""},"_links":{"self":[{"href":"https:\/\/www.signalriver.com\/es\/wp-json\/wp\/v2\/pages\/396"}],"collection":[{"href":"https:\/\/www.signalriver.com\/es\/wp-json\/wp\/v2\/pages"}],"about":[{"href":"https:\/\/www.signalriver.com\/es\/wp-json\/wp\/v2\/types\/page"}],"author":[{"embeddable":true,"href":"https:\/\/www.signalriver.com\/es\/wp-json\/wp\/v2\/users\/1"}],"replies":[{"embeddable":true,"href":"https:\/\/www.signalriver.com\/es\/wp-json\/wp\/v2\/comments?post=396"}],"version-history":[{"count":74,"href":"https:\/\/www.signalriver.com\/es\/wp-json\/wp\/v2\/pages\/396\/revisions"}],"predecessor-version":[{"id":1835,"href":"https:\/\/www.signalriver.com\/es\/wp-json\/wp\/v2\/pages\/396\/revisions\/1835"}],"wp:featuredmedia":[{"embeddable":true,"href":"https:\/\/www.signalriver.com\/es\/wp-json\/wp\/v2\/media\/1200"}],"wp:attachment":[{"href":"https:\/\/www.signalriver.com\/es\/wp-json\/wp\/v2\/media?parent=396"}],"curies":[{"name":"wp","href":"https:\/\/api.w.org\/{rel}","templated":true}]}}