{"id":9,"date":"2012-03-28T13:25:07","date_gmt":"2012-03-28T13:25:07","guid":{"rendered":"http:\/\/www.signalriver.com\/?page_id=9"},"modified":"2020-11-09T16:32:52","modified_gmt":"2020-11-09T16:32:52","slug":"twin-flame-signs","status":"publish","type":"page","link":"https:\/\/www.signalriver.com\/es\/twin-flame-signs\/","title":{"rendered":"Se\u00f1ales de Alma gemela &#8211; Top 10"},"content":{"rendered":"<p><\/p>\n<h2>Se\u00f1ales y sintomas que has conocido a tu Llama Gemela<\/h2>\n<p><a title=\"Twin Flame Reading\" href=\"https:\/\/www.signalriver.com\/psychic-source-espanol\"><img loading=\"lazy\" decoding=\"async\" class=\"alignright size-full wp-image-83\" title=\"Twin Flame Signs\" src=\"https:\/\/www.signalriver.com\/wp-content\/uploads\/2012\/03\/Twin-Flame-Signs1.gif\" alt=\"Twin Flame Signs\" width=\"250\" height=\"250\" srcset=\"https:\/\/www.signalriver.com\/wp-content\/uploads\/2012\/03\/Twin-Flame-Signs1.gif 250w, https:\/\/www.signalriver.com\/wp-content\/uploads\/2012\/03\/Twin-Flame-Signs1-150x150.gif 150w\" sizes=\"(max-width: 250px) 100vw, 250px\" \/><\/a>Todos hemos escuchado acerca de almas gemelas, una conexi\u00f3n cercana entre dos personas, pero \u00bfQu\u00e9 son almas gemelas y cuales son las se\u00f1ales que les rodea?<\/p>\n<p>Llamas gemelas (diferente a <a title=\"Como encontrar a tu alma gemela\" href=\"https:\/\/www.signalriver.com\/es\/how-to-find-your-soulmate\/\">alma gemela<\/a>) viene de la idea de ser otra parte de nosotros mismos, con la cual nosotros estamos incompletos. Escritores han estado pensando sobre est\u00e1 idea por miles de a\u00f1os, justo en el Antiguo Egipto y el <a href=\"http:\/\/www.biography.com\/people\/plato-9442588\">Fil\u00f3sofo griego Plat\u00f3n<\/a>.<\/p>\n<p>Plat\u00f3n y el Nuevo testamento de la Biblia ambos hablan de la idea que una vez fuimos todo pero luego fuimos divididos en dos, y as\u00ed vivimos nuestras vidas quejandonos e infelices como quisieramos volver a estar reunido con nuestra otra mitad. Cuando encontramos est\u00e1 alma gemela nuestra vida est\u00e1 completa y pasamos momentos telep\u00e1ticos felices con esta persona especial.<\/p>\n<p><a title=\"Love Reading\" href=\"https:\/\/www.signalriver.com\/psychic-source-espanol\"><strong><span style=\"font-size: 18px;\">\u00bfConoceras a tu alma gemela? <\/span><\/strong><\/a><\/p>\n<p><a title=\"Love Reading\" href=\"https:\/\/www.signalriver.com\/psychic-source-espanol\"><strong><span style=\"font-size: 18px;\">Descubrelo con un ps\u00edquico que lee el amor<\/span><\/strong><\/a><\/p>\n<p style=\"text-align: center;\"><strong>\"Y cuando uno de ellos conoce a su otra mitad, la media real de s\u00ed mismo, el par se pierden en un asombro del amor y la amistad y la intimidad y uno no va a estar fuera de la vista del otro ni por un momento.\"<\/strong><\/p>\n<p align=\"center\"><strong>Plat\u00f3n<\/strong><\/p>\n<p>Yo personalmente nunca conoc\u00ed a mi alma gemela y yo creo que es importante que no dejamos que estos grandes ideales en el camino de encontrar la felicidad con un alma gemela.<\/p>\n<p><strong>Si nos sentimos incompletos debemos mirar a hacernos sentir todo, sin m\u00e1s.<\/strong><\/p>\n<p>Dicho esto, para algunas personas afortunadas conociendo una llama gemela es una realidad, pero \u00bfc\u00f3mo sabe usted la diferencia entre las llamas gemelas y almas gemelas?<\/p>\n<p>De hecho hay muchas similitudes pero <strong>aqu\u00ed est\u00e1n los 10 mejores signos m\u00e1s comunes de la Llama Gemela que puedes experimentar.<\/strong><\/p>\n<h2><strong>Se\u00f1ales del alma gemela y Etapas<\/strong><\/h2>\n<h3>1. Reconocimiento instant\u00e1neo<\/h3>\n<p>Te encuentras con los ojos con su llama gemela, por primera vez y sentir que usted los reconoce de una manera profunda a pesar de no haberlos visto antes. Incluso su voz o la risa pueden sonar familiar.<\/p>\n<h3>2. Amor a primera vista<\/h3>\n<p>Despu\u00e9s de conocer y tal vez desde el principio que ambos se sientan un v\u00ednculo muy poderoso y fuerte que nunca has sentido antes con nadie. Esto puede ser f\u00edsico, pero tambi\u00e9n va m\u00e1s all\u00e1 de eso, un amor a la esencia misma de la otra.<\/p>\n<h3>3. Encuentro inusual<\/h3>\n<p>Las Llamas gemelas tienden a informar que se conocieron en circunstancias o coincidencias extra\u00f1as e inusuales, tal vez tanto hacer algo que normalmente no har\u00eda.<\/p>\n<h3>4. Separado pero juntos<\/h3>\n<p>Una vez juntos, los dos se convierten en inseparables y cuando usted est\u00e1 separado por cualquier cantidad de tiempo, que ambos se sientan solos y vac\u00edos, sin embargo, en otra forma de sentir alg\u00fan tipo de cable que une usted telep\u00e1ticamente o al menos con empat\u00eda (d\u00f3nde usted est\u00e1 en sinton\u00eda con las emociones de los dem\u00e1s.)<\/p>\n<h3>5. \u00a1Saber lo que est\u00e1s pensando!<\/h3>\n<p>Las Llamas gemelas se encuentra con frecuencia que ellos saben lo que el otro est\u00e1 pensando, incluso a veces, cuando muy separados unos de otros. Una mirada entre usted puede comunicarse tanto a pesar de que no se sabe muy bien c\u00f3mo funciona.<\/p>\n<h3>6. Despertar Espiritual<\/h3>\n<p>Este es uno de los m\u00e1s comunes <em> signos de la llama gemela <\/em>. Se empieza a notar cosas nuevas sobre s\u00ed mismo y el mundo que te rodea, y pensar en la vida de una nueva manera m\u00e1s positiva.<\/p>\n<p>Descubre m\u00e1s sobre <a title=\"Spiritual Awakening Symptoms\" href=\"https:\/\/www.signalriver.com\/es\/spiritual-awakening-symptoms\/\">S\u00edntomas del despertar espiritual<\/a>.<\/p>\n<h3>7. \u00bfUn prop\u00f3sito divino?<\/h3>\n<p>A menudo, las almas gemelas encuentran que juntos tienen un fuerte deseo de ir y ayudar a otras personas de una manera significativa, por lo general como un equipo.<\/p>\n<h3>8. Usted puede decir cualquier cosa a la otra<\/h3>\n<p>Al igual que en las almas gemelas, otro de los signos de fuego gemelas es que usted encontrar\u00e1 que usted puede hablar juntos por horas, pero sobre todo con las llamas gemelas no existen barreras de comunicaci\u00f3n entre usted y la relaci\u00f3n se siente totalmente avanzada y abierto. Te sientes como si el nivel de la amistad y la intimidad se parece a nada que hayas experimentado.<\/p>\n<h3>9. Sexualidad - \u00a1Sensual!<\/h3>\n<p>No s\u00f3lo es su buen sexo y apasionado (como ser\u00eda de esperar que ser\u00eda con un alma gemela), pero tambi\u00e9n se siente que tener relaciones sexuales con los dem\u00e1s es un acto sagrado, casi religioso que expresa el amor incre\u00edble que sientes por la otra, de una manera que no se sab\u00eda antes.<\/p>\n<h3>10. Integridad (\u00a1pero no un espejo!)<\/h3>\n<p>Por \u00faltimo, m\u00e1s que nunca antes en su vida, se siente una sensaci\u00f3n de plenitud que va m\u00e1s all\u00e1 de lo que nunca crey\u00f3 posible. Uno crece m\u00e1s y m\u00e1s, cada vez m\u00e1s y m\u00e1s como un todo, y a\u00fan as\u00ed mantener sus identidades individuales. Esta etapa de llama gemela realmente s\u00f3lo ocurrir\u00e1 si usted es una persona completa dentro de ti mismo as\u00ed que no descuides tu desarrollo personal y espiritual si quieres conocer y ser feliz con su llama gemela.<\/p>\n<h2>Signos de la Llama Gemela - \u00bfHas conocido a tu Alma Gemela?<\/h2>\n<p>Si usted est\u00e1 sintiendo muchos de est\u00e1s se\u00f1ales y s\u00edntomas entonces las posibilidad es que hayas conocido a tu llama gemela, pero pienso que tu probablemente ya lo sab\u00edas, \u00bfno es as\u00ed?, \u00a1si has sentido todo eso! Las relaciones entre llamas gemelas pueden pasar por muchas etapas, especialmente dependiendo en cu\u00e1nta espiritualidad desarrollada y estar listo para una relaci\u00f3n estes. Asegurate que eres feliz contigo mismo primero y esto te ayudara a perfeccionar tu amor.<\/p>\n<p>Si todav\u00eda est\u00e1s buscando por la persona espcial, o est\u00e1s en una relaci\u00f3n pero no se siente de esa manera, no te preocupes todav\u00eda puedes ser feliz.<\/p>\n<p>Yo he conocido a mi alma gemela pero he conocido a mi media naranja y mientras no somos perfectos juntos, \u00a1Soy bastante feliz! Descubre m\u00e1s sobre <a title=\"Como encontrar a tu media naranja\" href=\"https:\/\/www.signalriver.com\/es\/how-to-find-your-soulmate\/\">\u00bfC\u00f3mo encontrar a tu media naranja?<\/a>.<\/p>\n<p><span style=\"color: #ff0000; font-size: 16px;\"><strong>\u00bfEst\u00e1s buscando por tu alma gemela o media naranja?<\/strong><\/span><\/p>\n<p><span style=\"color: #ff0000; font-size: 16px;\"><strong>O tal vez \u00bfQuieres saber si una nueva pareja ser\u00eda bien para ti?<\/strong><\/span><\/p>\n<p><a href=\"https:\/\/www.signalriver.com\/psychic-source-espanol\"><img loading=\"lazy\" decoding=\"async\" class=\"alignleft wp-image-926\" style=\"margin-right: 10px;\" title=\"Psychic Love Reading Special Offer\" src=\"https:\/\/www.signalriver.com\/wp-content\/uploads\/2012\/03\/Psychic-Love-Reading.jpg\" alt=\"Psychic Love Reading Special Offer\" width=\"225\" height=\"154\" \/><\/a>Si la respuesta a cualquiera de esas preguntas es <strong>Si<\/strong>, recomendar\u00eda consultar un <a title=\"Psychic Love Expert Reading\" href=\"https:\/\/www.signalriver.com\/psychic-source-espanol\">ps\u00edquico experto en el amor<\/a>.<\/p>\n<p>He tenido excelentes experiencias con tanto lecturas de amor por tel\u00e9fono desde Fuente Ps\u00edquica y lecturas de correo electr\u00f3nico de Ps\u00edquicos de StormJewel, y puedo saber si una media naranja o alma gemela est\u00e1 en camino, si su nueva relaci\u00f3n ha tiene poder o ayudarle a conocer a alguien especial.<\/p>\n<p>Puedes descubrir m\u00e1s con una <a title=\"Love Email Reading\" href=\"http:\/\/www.stormjewelspsychics.com\/psychic-email-readings\/\">Lectura por Email<\/a>\u00a0(en ingles) o una <a title=\"Love reading\" href=\"https:\/\/www.signalriver.com\/psychic-source-espanol\">Lectura ps\u00edquica por tel\u00e9fono<\/a>\u00a0(en espa\u00f1ol).<\/p>","protected":false},"excerpt":{"rendered":"<p>Se\u00f1ales y sintomas que has conocido a tu Llama Gemela Todos hemos escuchado acerca de almas gemelas, una conexi\u00f3n cercana entre dos personas, pero \u00bfQu\u00e9 son almas gemelas y cuales son las se\u00f1ales que les rodea? Llamas gemelas (diferente a alma gemela) viene de la idea de ser otra parte de nosotros mismos, con la cual nosotros estamos incompletos. Escritores han estado pensando sobre est\u00e1 idea por miles de a\u00f1os, justo en el Antiguo Egipto y el Fil\u00f3sofo griego Plat\u00f3n. Plat\u00f3n y el Nuevo testamento de la Biblia ambos hablan de la idea que una vez fuimos todo pero luego <\/p>\n","protected":false},"author":1,"featured_media":1782,"parent":0,"menu_order":12,"comment_status":"open","ping_status":"open","template":"","meta":{"footnotes":""},"_links":{"self":[{"href":"https:\/\/www.signalriver.com\/es\/wp-json\/wp\/v2\/pages\/9"}],"collection":[{"href":"https:\/\/www.signalriver.com\/es\/wp-json\/wp\/v2\/pages"}],"about":[{"href":"https:\/\/www.signalriver.com\/es\/wp-json\/wp\/v2\/types\/page"}],"author":[{"embeddable":true,"href":"https:\/\/www.signalriver.com\/es\/wp-json\/wp\/v2\/users\/1"}],"replies":[{"embeddable":true,"href":"https:\/\/www.signalriver.com\/es\/wp-json\/wp\/v2\/comments?post=9"}],"version-history":[{"count":59,"href":"https:\/\/www.signalriver.com\/es\/wp-json\/wp\/v2\/pages\/9\/revisions"}],"predecessor-version":[{"id":1920,"href":"https:\/\/www.signalriver.com\/es\/wp-json\/wp\/v2\/pages\/9\/revisions\/1920"}],"wp:featuredmedia":[{"embeddable":true,"href":"https:\/\/www.signalriver.com\/es\/wp-json\/wp\/v2\/media\/1782"}],"wp:attachment":[{"href":"https:\/\/www.signalriver.com\/es\/wp-json\/wp\/v2\/media?parent=9"}],"curies":[{"name":"wp","href":"https:\/\/api.w.org\/{rel}","templated":true}]}}